{"id":89291,"date":"2024-01-04T15:43:24","date_gmt":"2024-01-04T14:43:24","guid":{"rendered":"https:\/\/secureus.se\/produkt\/fonsterbroms-160-3-l800mm-hoger\/"},"modified":"2026-04-23T12:18:25","modified_gmt":"2026-04-23T10:18:25","slug":"fonsterbroms-dorrbroms-160-3-l800mm-hoger","status":"publish","type":"product","link":"https:\/\/secureus.se\/no\/fonsterbroms-dorrbroms-160-3-l800mm-hoger\/","title":{"rendered":"ASSA Fix 160\/3 Vindusbrems \/ D\u00f8rbrems \u2013 H\u00f8yre \u2013 352 mm"},"content":{"rendered":"<p><strong>ASSA Fix 160\/3<\/strong> er en <strong>vindusbrems for vinduer og franske d\u00f8rer<\/strong> som brukes sammen med <strong>ASSA\/FIX espagnolett med overf\u00f8ring<\/strong> (betegnet med F i navnet). Den brukes til \u00e5 holde vinduer eller terrassed\u00f8rer \u00e5pne p\u00e5 en kontrollert m\u00e5te. <strong>ventilasjonsmodus<\/strong>.<\/p>\n<p>Vindusbremsen betjenes via espagnoletth\u00e5ndtaket. N\u00e5r h\u00e5ndtaket er i lukket posisjon, skapes det friksjon i bremsen, som holder rammen i \u00f8nsket ventilasjonsposisjon. N\u00e5r h\u00e5ndtaket \u00e5pnes, kan rammen bevege seg fritt. Konstruksjonen gj\u00f8r at bremsen glir ved overbelastning for \u00e5 beskytte hengsler og beslag.<\/p>\n<p>Modell <strong>160<\/strong> har <strong>avtakbar rammebrakett<\/strong> og er montert sammen med rammefestet <strong>5580<\/strong> eller <strong>5550T<\/strong> som kj\u00f8pes separat.<\/p>\n<h3>Kjennetegn<\/h3>\n<ul>\n<li>Avtakbar rammefeste (150 og 150S har fast feste)<\/li>\n<li>For vinduer og franske d\u00f8rer med sikkerhetsbeslag<\/li>\n<li>Brukes sammen med ASSA\/FIX espagnolett med transfer<\/li>\n<li>Betjenes via espagnoletth\u00e5ndtaket<\/li>\n<li>Holder vinduer eller terrassed\u00f8rer i ventilasjonsmodus<\/li>\n<li>Glipper ved overbelastning for \u00e5 beskytte hengsler og beslag<\/li>\n<li>Frigang i \u00e5pen h\u00e5ndtaksposisjon<\/li>\n<li>Holdefriksjonen \u00f8ker med st\u00f8rre \u00e5pningsvinkel<\/li>\n<\/ul>\n<h3>Dimensjoner \u2013 ASSA Fix 160\/3<\/h3>\n<ul>\n<li>For buebredde: 551\u2013800 mm<\/li>\n<li>L\u00e5seskaftlengde ved maksimal buebredde: 657 mm<\/li>\n<li>Bremsebokslengde: 352 mm<\/li>\n<li>Armlengde: 280 mm<\/li>\n<li>Bremseboksbredde: 20 mm<\/li>\n<\/ul>\n<h3>Viktig om venstre og h\u00f8yre<\/h3>\n<p>Navnet <strong>venstre eller h\u00f8yre<\/strong> har ingenting \u00e5 gj\u00f8re med om d\u00f8ren er venstre- eller h\u00f8yrehengt.<\/p>\n<p>Varianten bestemmes i stedet av <strong>bremsespakens plassering inne i bremseboksen<\/strong>.<\/p>\n<p>\u2022 Bremseh\u00e5ndtak p\u00e5 venstre side = venstremodell<br \/>\n\u2022 Bremseh\u00e5ndtak p\u00e5 h\u00f8yre side = h\u00f8yre modell<\/p>\n<p>Hold bremseboksen med \u00e5pningen opp og den korte siden mot deg n\u00e5r du kontrollerer dette.<\/p>\n<p><strong>Se produktbildene for \u00e5 identifisere riktig modell.<\/strong> Det f\u00f8rste bildet i lysbildefremvisningen viser alltid den spesifikke bremsen du er p\u00e5 for \u00f8yeblikket.<\/p>\n<p><strong>Mange bestiller feil modell av denne typen produkt.<\/strong> Hvis du er usikker p\u00e5 om din eksisterende bremse samsvarer med bildene, anbefaler vi at du sjekker n\u00f8ye f\u00f8r du bestiller.<\/p>","protected":false},"excerpt":{"rendered":"<div style=\"background: #f6f8fa;padding: 14px;border-radius: 6px;margin: 15px 0\">\n<p><strong>\u2714 Denne modellen er RIKTIG<\/strong><\/p>\n<p>Sjekk den eksisterende vindusbremsen f\u00f8r du bestiller. N\u00e5r du holder bremseboksen med \u00e5pningen opp og den korte siden mot deg, <strong>Bremsestiften er p\u00e5 h\u00f8yre side n\u00e5r du kj\u00f8per denne modellen.<\/strong><\/p>\n<p><img decoding=\"async\" style=\"max-width: 300px;width: 100%;margin-top: 10px;border-radius: 6px\" src=\"https:\/\/secureus.se\/wp-content\/uploads\/2026\/03\/hoger-vanster-enkel.jpg\" alt=\"F\u00f8r venstre eller h\u00f8yre vindusbrems\" \/><\/p>\n<\/div>","protected":false},"featured_media":138510,"template":"","meta":{"_acf_changed":false},"product_brand":[],"product_cat":[3126,4794],"product_tag":[4100,4109,4102,4863],"class_list":{"0":"post-89291","1":"product","2":"type-product","3":"status-publish","4":"has-post-thumbnail","6":"product_cat-fonsterbroms","7":"product_cat-assa-fix-160","8":"product_tag-4100","9":"product_tag-4109","10":"product_tag-hoger","11":"product_tag-pf","12":"product_shipping_class-tunga-paket","13":"pa_brands-abloy","14":"tm-no-options","16":"first","17":"instock","18":"sale","19":"taxable","20":"shipping-taxable","21":"purchasable","22":"product-type-simple"},"acf":[],"_links":{"self":[{"href":"https:\/\/secureus.se\/no\/wp-json\/wp\/v2\/product\/89291","targetHints":{"allow":["GET"]}}],"collection":[{"href":"https:\/\/secureus.se\/no\/wp-json\/wp\/v2\/product"}],"about":[{"href":"https:\/\/secureus.se\/no\/wp-json\/wp\/v2\/types\/product"}],"wp:featuredmedia":[{"embeddable":true,"href":"https:\/\/secureus.se\/no\/wp-json\/wp\/v2\/media\/138510"}],"wp:attachment":[{"href":"https:\/\/secureus.se\/no\/wp-json\/wp\/v2\/media?parent=89291"}],"wp:term":[{"taxonomy":"product_brand","embeddable":true,"href":"https:\/\/secureus.se\/no\/wp-json\/wp\/v2\/product_brand?post=89291"},{"taxonomy":"product_cat","embeddable":true,"href":"https:\/\/secureus.se\/no\/wp-json\/wp\/v2\/product_cat?post=89291"},{"taxonomy":"product_tag","embeddable":true,"href":"https:\/\/secureus.se\/no\/wp-json\/wp\/v2\/product_tag?post=89291"}],"curies":[{"name":"wp","href":"https:\/\/api.w.org\/{rel}","templated":true}]}}