{"id":89401,"date":"2023-11-28T10:38:57","date_gmt":"2023-11-28T09:38:57","guid":{"rendered":"https:\/\/secureus.se\/produkt\/rokdetektor-optisk-4-trad\/"},"modified":"2026-04-13T23:15:36","modified_gmt":"2026-04-13T21:15:36","slug":"rokdetektor-optisk-4-trad","status":"publish","type":"product","link":"https:\/\/secureus.se\/no\/rokdetektor-optisk-4-trad\/","title":{"rendered":"R\u00f8ykvarsler Optisk 4-tr\u00e5ds 9-35V Universal for alle alarmer \u2013 EN54-7 \u2013 Komplett, Stikkontakt inkludert"},"content":{"rendered":"<h1>R\u00f8ykvarsler Optisk 4-tr\u00e5ds 9-35V TUV EN54-7 Sertifisert \u2013 <strong>Komplett, base inkludert.<\/strong><\/h1>\n<p>4-leder r\u00f8ykvarsleren med driftsspenning p\u00e5 DC 9V-35V er en p\u00e5litelig og avansert sikkerhetsl\u00f8sning for \u00e5 beskytte hjemmet eller bedriften din mot brann.<\/p>\n<p>R\u00f8ykvarsler Optical 4 wire er designet for \u00e5 oppdage r\u00f8yk tidlig og raskt varsle om farlige situasjoner.<\/p>\n<p>Med en lav standby-str\u00f8m p\u00e5 mindre enn 80uA er den energieffektiv og holder kontinuerlig et v\u00e5kent \u00f8ye med plassen din.<\/p>\n<p>Laget av h\u00f8ykvalitets ABS-materiale, sikrer holdbarhet og lang levetid.<\/p>\n<p>R\u00f8ykvarsleren gir tydelig alarmindikasjon gjennom sitt r\u00f8de LED-lys og tilbakestilles enten manuelt ved \u00e5 sl\u00e5 av eller automatisk, noe som gir enkel h\u00e5ndtering og p\u00e5litelig ytelse.<\/p>\n<p>Dens imponerende f\u00f8lsomhet p\u00e5 0,08-0,16dB\/m (\u00b10,1dB\/m) sikrer tidlig oppdagelse av r\u00f8yk, noe som gir deg god tid til \u00e5 handle og beskytte hjemmet eller bedriften.<\/p>\n<p>Denne r\u00f8ykvarsleren er sertifisert i henhold til EN54-7 av TUV-laboratoriet, som gir deg forsikring om at den er i samsvar med h\u00f8ye sikkerhetsstandarder.<\/p>\n<p>Invester i sikkerhet og p\u00e5litelighet med denne 4-leder fotoelektriske r\u00f8ykvarsleren og s\u00f8rg for en rask respons p\u00e5 potensielle brannfarer.<\/p>\n<h3>R\u00f8ykvarsler Optisk 4-leder<\/h3>\n<p>\u2022 Driftsspenning: DC: 9-35V<br \/>\n\u2022 Standbystr\u00f8m: &lt;80uA<br \/>\n\u2022 Materiale: ABS<br \/>\n\u2022 Alarmindikasjon: R\u00f8dt LED-lys<br \/>\n\u2022 Tilbakestill: Avslutning eller automatisk tilbakestilling<br \/>\n\u2022 F\u00f8lsomhet: 0,08-0,16dB\/m (\u00b10,1dB\/m)<br \/>\n\u2022 Sertifikat: EN54-7 fra TUV lab<\/p>\n<p><a href=\"https:\/\/en.wikipedia.org\/wiki\/EN_54\" target=\"_blank\" rel=\"noopener\"><span style=\"text-decoration: underline;\"><strong>Her kan du lese mer om EN54-sertifisering<\/strong><\/span><\/a><\/p>\n<h3><img decoding=\"async\" class=\"alignnone size-full wp-image-123511602\" style=\"font-size: 16px;\" src=\"https:\/\/securityonline.se\/wp-content\/uploads\/2023\/11\/SD_605_Rokdetektor-2.png\" alt=\"R\u00f8ykvarsler 4-leder\" width=\"720\" height=\"397\" \/><\/h3>\n<p><img decoding=\"async\" class=\"alignnone size-full wp-image-123511604\" src=\"https:\/\/securityonline.se\/wp-content\/uploads\/2023\/11\/SD_605_Rokdetektor-4.png\" alt=\"\" width=\"720\" height=\"481\" \/><\/p>\n<h3><img decoding=\"async\" class=\"alignnone wp-image-123511605\" style=\"font-size: 16px;\" src=\"https:\/\/securityonline.se\/wp-content\/uploads\/2023\/11\/SD_605_Rokdetektor-5.png\" alt=\"\" width=\"719\" height=\"802\" \/><\/h3>\n<p><img decoding=\"async\" class=\"alignnone size-full wp-image-123511606\" src=\"https:\/\/securityonline.se\/wp-content\/uploads\/2023\/11\/SD_605_Rokdetektor-6.png\" alt=\"\" width=\"720\" height=\"710\" \/><\/p>\n<p>&nbsp;<\/p>\n<p>,<\/p>","protected":false},"excerpt":{"rendered":"<p>R\u00f8ykvarsler for innbruddsalarm eller brannalarmanlegg som krever 4 ledninger. <strong>Komplett, base inkludert.<\/strong><\/p>\n<p>R\u00f8ykvarsleren viser en utl\u00f8st alarm via en r\u00f8d diode og du tilbakestiller den ved \u00e5 kutte spenningen i noen sekunder.<\/p>\n<p>Test alltid r\u00f8ykvarslere med testgass for \u00e5 opprettholde funksjonen, ikke bruk papir eller annet materiale for \u00e5 lage r\u00f8yk da disse kan inneholde sotpartikler etc. som skitner til r\u00f8ykkammeret.<\/p>\n<p>Drives med 9-35 volt og utstyrt med alarmrel\u00e9 C \/ NO.<\/p>\n<p>&nbsp;<\/p>","protected":false},"featured_media":139032,"template":"","meta":{"_acf_changed":false},"product_brand":[],"product_cat":[3373,1756],"product_tag":[2959],"class_list":{"0":"post-89401","1":"product","2":"type-product","3":"status-publish","4":"has-post-thumbnail","6":"product_cat-rokdetektorer","7":"product_cat-rokdetektorer-kolmonoxid","8":"product_tag-certifierad-en54","9":"product_shipping_class-postnord-varubrev","10":"tm-no-options","12":"first","13":"instock","14":"sale","15":"taxable","16":"shipping-taxable","17":"purchasable","18":"product-type-simple"},"acf":[],"_links":{"self":[{"href":"https:\/\/secureus.se\/no\/wp-json\/wp\/v2\/product\/89401","targetHints":{"allow":["GET"]}}],"collection":[{"href":"https:\/\/secureus.se\/no\/wp-json\/wp\/v2\/product"}],"about":[{"href":"https:\/\/secureus.se\/no\/wp-json\/wp\/v2\/types\/product"}],"wp:featuredmedia":[{"embeddable":true,"href":"https:\/\/secureus.se\/no\/wp-json\/wp\/v2\/media\/139032"}],"wp:attachment":[{"href":"https:\/\/secureus.se\/no\/wp-json\/wp\/v2\/media?parent=89401"}],"wp:term":[{"taxonomy":"product_brand","embeddable":true,"href":"https:\/\/secureus.se\/no\/wp-json\/wp\/v2\/product_brand?post=89401"},{"taxonomy":"product_cat","embeddable":true,"href":"https:\/\/secureus.se\/no\/wp-json\/wp\/v2\/product_cat?post=89401"},{"taxonomy":"product_tag","embeddable":true,"href":"https:\/\/secureus.se\/no\/wp-json\/wp\/v2\/product_tag?post=89401"}],"curies":[{"name":"wp","href":"https:\/\/api.w.org\/{rel}","templated":true}]}}