{"id":89646,"date":"2024-01-31T16:34:29","date_gmt":"2024-01-31T15:34:29","guid":{"rendered":"https:\/\/secureus.se\/produkt\/transformator-200ma\/"},"modified":"2026-04-23T10:35:18","modified_gmt":"2026-04-23T08:35:18","slug":"transformator-200ma","status":"publish","type":"product","link":"https:\/\/secureus.se\/no\/transformator-200ma\/","title":{"rendered":"TRANSFORMATOR 200MA"},"content":{"rendered":"<p>Transformator for montering i apparatboks med 60mm festeskrueavstand eller for utvendig montering i stigeramme.<\/p>\n<p>Teknisk spesifikasjon Spenning Prim\u00e6r 230V, 5VA, 50Hz.<\/p>\n<p>Spenning sekund\u00e6r 24V. Maks str\u00f8m 200mA.<\/p>\n<p>Temperaturbeskyttelse Automatisk.<\/p>\n<p>Sikring Prim\u00e6r 50mA.<\/p>\n<p>Isolasjonsavstand prim\u00e6r \/ sekund\u00e6r 25mm.<\/p>\n<p>Monteringsdybde 32mm.<\/p>\n<p>Farge fjellhvit<\/p>","protected":false},"excerpt":{"rendered":"<p>Transformator for montering i apparatboks med 60mm festeskrueavstand eller for utvendig montering i stigeramme. Teknisk spesifikasjon Spenning Prim\u00e6r 230V, 5VA, 50Hz. Spenning sekund\u00e6r 24V. Maks str\u00f8m 200mA. Temperaturbeskyttelse Automatisk. Sikring Prim\u00e6r 50mA.<\/p>","protected":false},"featured_media":139164,"template":"","meta":{"_acf_changed":false},"product_brand":[],"product_cat":[1604],"product_tag":[],"class_list":{"0":"post-89646","1":"product","2":"type-product","3":"status-publish","4":"has-post-thumbnail","6":"product_cat-stromforsorjning-till-rwc-larm","7":"product_shipping_class-tunga-paket","8":"tm-no-options","10":"first","11":"instock","12":"sale","13":"taxable","14":"shipping-taxable","15":"purchasable","16":"product-type-simple"},"acf":[],"_links":{"self":[{"href":"https:\/\/secureus.se\/no\/wp-json\/wp\/v2\/product\/89646","targetHints":{"allow":["GET"]}}],"collection":[{"href":"https:\/\/secureus.se\/no\/wp-json\/wp\/v2\/product"}],"about":[{"href":"https:\/\/secureus.se\/no\/wp-json\/wp\/v2\/types\/product"}],"wp:featuredmedia":[{"embeddable":true,"href":"https:\/\/secureus.se\/no\/wp-json\/wp\/v2\/media\/139164"}],"wp:attachment":[{"href":"https:\/\/secureus.se\/no\/wp-json\/wp\/v2\/media?parent=89646"}],"wp:term":[{"taxonomy":"product_brand","embeddable":true,"href":"https:\/\/secureus.se\/no\/wp-json\/wp\/v2\/product_brand?post=89646"},{"taxonomy":"product_cat","embeddable":true,"href":"https:\/\/secureus.se\/no\/wp-json\/wp\/v2\/product_cat?post=89646"},{"taxonomy":"product_tag","embeddable":true,"href":"https:\/\/secureus.se\/no\/wp-json\/wp\/v2\/product_tag?post=89646"}],"curies":[{"name":"wp","href":"https:\/\/api.w.org\/{rel}","templated":true}]}}