{"id":89831,"date":"2024-02-21T15:15:56","date_gmt":"2024-02-21T14:15:56","guid":{"rendered":"https:\/\/secureus.se\/produkt\/cardpresso-xxs-card-design-software-cp1000-usb-dongle-s-cpxxs\/"},"modified":"2026-04-22T15:47:13","modified_gmt":"2026-04-22T13:47:13","slug":"cardpresso-xxs-card-design-software-cp1000-usb-dongle-s-cpxxs","status":"publish","type":"product","link":"https:\/\/secureus.se\/no\/cardpresso-xxs-card-design-software-cp1000-usb-dongle-s-cpxxs\/","title":{"rendered":"cardPresso XXS Card Design Software, CP1000 &#8211; USB Dongle [S-CPXXS]"},"content":{"rendered":"<p><strong>Effektiv kortdesign med cardPresso XXS:<\/strong> cardPresso XXS er en intuitiv programvare som er ideell for b\u00e5de nybegynnere og erfarne brukere innen kortutskrift. Med en rekke funksjoner og verkt\u00f8y er den perfekt for \u00e5 lage ID-kort, medlemskort og andre typer kortprodukter av h\u00f8y kvalitet.<\/p>\n<p><strong>Funksjoner og fordeler:<\/strong><\/p>\n<ul>\n<li><strong>Brukervennlig design:<\/strong> Det intuitive grensesnittet gj\u00f8r det enkelt \u00e5 designe og tilpasse kort med en rekke maler og grafiske elementer.<\/li>\n<li><strong>Intern database:<\/strong> Den innebygde databasen kan h\u00e5ndtere et ubegrenset antall poster og har en fotolenke for enkelt \u00e5 inkludere bilder p\u00e5 kortene.<\/li>\n<li><strong>Kompatibilitet:<\/strong> cardPresso XXS er kompatibel med b\u00e5de MacOS og Windows, noe som gj\u00f8r den fleksibel for ulike brukermilj\u00f8er.<\/li>\n<li><strong>Grafiske verkt\u00f8y:<\/strong> Inkluderer grafisk design og personaliseringsverkt\u00f8y, slik at du kan lage tilpassede kort for ulike behov.<\/li>\n<\/ul>\n<p><strong>Oppgraderingsalternativer:<\/strong> Programvaren tilbyr en fleksibel oppgraderingsbane med fem tilgjengelige versjoner som legger til flere funksjoner som QR-koder, databasetilkoblinger og mer avanserte kodingsalternativer. Du kan enkelt tilpasse programvaren til dine spesifikke behov.<\/p>\n<p><strong>Systemkrav:<\/strong> cardPresso XXS krever en Intel-basert Mac eller en PC med Microsoft\u00ae Windows\u00ae XP eller nyere, med minimumskrav p\u00e5 512 MB RAM og 500 MB ledig plass p\u00e5 harddisken.<\/p>\n<p>Velg cardPresso XXS for \u00e5 str\u00f8mlinjeforme kortdesignet og utskriftsprosessen. Denne programvaren er et kraftig verkt\u00f8y for alle som \u00f8nsker \u00e5 lage profesjonelle kort enkelt og raskt.<\/p>","protected":false},"excerpt":{"rendered":"<p>cardPresso XXS kortdesignprogramvare forenkler kortproduksjonen med sitt brukervennlige grensesnitt og innebygde kortmaler.<\/p>\n<p>Programvaren er ideell for intern kortutskrift og tilbyr en fleksibel oppgraderingsvei for \u00e5 passe ulike utskriftsbehov.<\/p>\n<p>Den er kompatibel med b\u00e5de MacOS og Windows og inkluderer grafisk design og personaliseringsverkt\u00f8y.<\/p>","protected":false},"featured_media":139014,"template":"","meta":{"_acf_changed":false},"product_brand":[],"product_cat":[3211],"product_tag":[4863],"class_list":{"0":"post-89831","1":"product","2":"type-product","3":"status-publish","4":"has-post-thumbnail","6":"product_cat-software-programvara","7":"product_tag-pf","8":"product_shipping_class-postnord-varubrev","9":"tm-no-options","11":"first","12":"onbackorder","13":"sale","14":"taxable","15":"shipping-taxable","16":"purchasable","17":"product-type-simple"},"acf":[],"_links":{"self":[{"href":"https:\/\/secureus.se\/no\/wp-json\/wp\/v2\/product\/89831","targetHints":{"allow":["GET"]}}],"collection":[{"href":"https:\/\/secureus.se\/no\/wp-json\/wp\/v2\/product"}],"about":[{"href":"https:\/\/secureus.se\/no\/wp-json\/wp\/v2\/types\/product"}],"wp:featuredmedia":[{"embeddable":true,"href":"https:\/\/secureus.se\/no\/wp-json\/wp\/v2\/media\/139014"}],"wp:attachment":[{"href":"https:\/\/secureus.se\/no\/wp-json\/wp\/v2\/media?parent=89831"}],"wp:term":[{"taxonomy":"product_brand","embeddable":true,"href":"https:\/\/secureus.se\/no\/wp-json\/wp\/v2\/product_brand?post=89831"},{"taxonomy":"product_cat","embeddable":true,"href":"https:\/\/secureus.se\/no\/wp-json\/wp\/v2\/product_cat?post=89831"},{"taxonomy":"product_tag","embeddable":true,"href":"https:\/\/secureus.se\/no\/wp-json\/wp\/v2\/product_tag?post=89831"}],"curies":[{"name":"wp","href":"https:\/\/api.w.org\/{rel}","templated":true}]}}