{"id":89963,"date":"2024-03-04T14:28:03","date_gmt":"2024-03-04T13:28:03","guid":{"rendered":"https:\/\/secureus.se\/produkt\/fargo-84911-ymck-colour-ribbon-750-prints\/"},"modified":"2025-10-21T12:29:37","modified_gmt":"2025-10-21T10:29:37","slug":"fargo-84911-ymck-colour-ribbon-750-prints","status":"publish","type":"product","link":"https:\/\/secureus.se\/no\/fargo-84911-ymck-colour-ribbon-750-prints\/","title":{"rendered":"Fargo 84911 YMCK fargeb\u00e5nd (750 utskrifter)"},"content":{"rendered":"<p>Fargo 84911 YMCK fullfargeb\u00e5nd produserer enkeltsidige utskrifter av h\u00f8y kvalitet.<\/p>\n<p>Fullfargepanelene skaper levende, fotolignende bilder mens den solide svarte harpiksen produserer detaljert tekst og n\u00f8yaktige strekkoder.<\/p>\n<p>V\u00e6r oppmerksom p\u00e5 at dette b\u00e5ndet skal brukes sammen med\u00a0<a href=\"https:\/\/www.digitalid.co.uk\/product\/fargo-84900-standard-clear-film-2737\" target=\"_blank\" rel=\"noopener\">Fargo 84900 retransfer film<\/a>.<\/p>\n<ul>\n<li>750 utskrifter per rull<\/li>\n<li>YMCK-b\u00e5nd (gule, magenta, cyan og svarte paneler)<\/li>\n<li>Produsentens delenummer \u2013 84911<\/li>\n<\/ul>","protected":false},"excerpt":{"rendered":"<p>Fargo 84911 YMCK fullfargeb\u00e5nd produserer enkeltsidige utskrifter av h\u00f8y kvalitet. Fullfargepanelene skaper levende, fotolignende bilder mens den solide svarte harpiksen produserer detaljert tekst og n\u00f8yaktige strekkoder. V\u00e6r oppmerksom p\u00e5<\/p>","protected":false},"featured_media":138569,"template":"","meta":{"_acf_changed":false},"product_brand":[],"product_cat":[3214],"product_tag":[3201,4863],"class_list":{"0":"post-89963","1":"product","2":"type-product","3":"status-publish","4":"has-post-thumbnail","6":"product_cat-fargo-fargband-retransfer","7":"product_tag-fargo-tillbehor","8":"product_tag-pf","9":"product_shipping_class-tunga-paket","10":"pa_brands-fargo","11":"tm-has-options","13":"first","14":"outofstock","15":"sale","16":"taxable","17":"shipping-taxable","18":"purchasable","19":"product-type-simple"},"acf":[],"_links":{"self":[{"href":"https:\/\/secureus.se\/no\/wp-json\/wp\/v2\/product\/89963","targetHints":{"allow":["GET"]}}],"collection":[{"href":"https:\/\/secureus.se\/no\/wp-json\/wp\/v2\/product"}],"about":[{"href":"https:\/\/secureus.se\/no\/wp-json\/wp\/v2\/types\/product"}],"wp:featuredmedia":[{"embeddable":true,"href":"https:\/\/secureus.se\/no\/wp-json\/wp\/v2\/media\/138569"}],"wp:attachment":[{"href":"https:\/\/secureus.se\/no\/wp-json\/wp\/v2\/media?parent=89963"}],"wp:term":[{"taxonomy":"product_brand","embeddable":true,"href":"https:\/\/secureus.se\/no\/wp-json\/wp\/v2\/product_brand?post=89963"},{"taxonomy":"product_cat","embeddable":true,"href":"https:\/\/secureus.se\/no\/wp-json\/wp\/v2\/product_cat?post=89963"},{"taxonomy":"product_tag","embeddable":true,"href":"https:\/\/secureus.se\/no\/wp-json\/wp\/v2\/product_tag?post=89963"}],"curies":[{"name":"wp","href":"https:\/\/api.w.org\/{rel}","templated":true}]}}