{"id":89993,"date":"2024-03-04T14:25:14","date_gmt":"2024-03-04T13:25:14","guid":{"rendered":"https:\/\/secureus.se\/produkt\/evolis-agilia-rt4f101e100-ymck-colour-ribbon-600-prints\/"},"modified":"2026-04-08T16:58:34","modified_gmt":"2026-04-08T14:58:34","slug":"evolis-agilia-rt4f101e100-ymck-colour-ribbon-600-prints","status":"publish","type":"product","link":"https:\/\/secureus.se\/no\/evolis-agilia-rt4f101e100-ymck-colour-ribbon-600-prints\/","title":{"rendered":"Evolis YMCK-b\u00e5nd \u2013 Agilia (600 trykk)"},"content":{"rendered":"<h1>B\u00e5nd<br \/>\n  Evolis YMCK &#8211; Agilia (600 utskrifter)<\/h1>\n<p>F\u00e4rgband Evolis YMCK &#8211; Agilia (600 utskrifter) \u00e4r ett f\u00e4rgband f\u00f6r<br \/>\n  trykke plastkort med skarpe farger, klar tekst og god<br \/>\n  detaljgjengivelse. YMCK-b\u00e5ndtypen gir den riktige kombinasjonen av fargepaneler for<br \/>\n  profesjonell korttrykking.<\/p>\n<p>Passer for ID-kort, adgangskort, medlemskort og annet<br \/>\n  plastkort der h\u00f8y utskriftskvalitet og p\u00e5litelighet er viktig<br \/>\n  viktig.<\/p>\n<ul>\n<li>Kapasitet: opptil 600 utskrifter<\/li>\n<li>B\u00e5ndtype: YMCK<\/li>\n<li>Originalt produkt<\/li>\n<li>Artikelnummer: RT4F101E100<\/li>\n<\/ul>","protected":false},"excerpt":{"rendered":"<p>F\u00e4rgband Evolis YMCK &#8211; Agilia (600 utskrifter) F\u00e4rgband Evolis YMCK &#8211; Agilia (600 utskrifter) \u00e4r ett f\u00e4rgband f\u00f6r utskrift av plastkort med skarpa f\u00e4rger, tydlig text och bra detalj\u00e5tergivning. Bandtypen<\/p>","protected":false},"featured_media":138700,"template":"","meta":{"_acf_changed":false},"product_brand":[],"product_cat":[3213,4854],"product_tag":[3181,4863],"class_list":{"0":"post-89993","1":"product","2":"type-product","3":"status-publish","4":"has-post-thumbnail","6":"product_cat-evolis-fargband-retransfer","7":"product_cat-agilia","8":"product_tag-evolis-tillbehor","9":"product_tag-pf","10":"product_shipping_class-tunga-paket","11":"pa_brands-evolis","12":"tm-has-options","14":"first","15":"instock","16":"sale","17":"taxable","18":"shipping-taxable","19":"purchasable","20":"product-type-simple"},"acf":[],"_links":{"self":[{"href":"https:\/\/secureus.se\/no\/wp-json\/wp\/v2\/product\/89993","targetHints":{"allow":["GET"]}}],"collection":[{"href":"https:\/\/secureus.se\/no\/wp-json\/wp\/v2\/product"}],"about":[{"href":"https:\/\/secureus.se\/no\/wp-json\/wp\/v2\/types\/product"}],"wp:featuredmedia":[{"embeddable":true,"href":"https:\/\/secureus.se\/no\/wp-json\/wp\/v2\/media\/138700"}],"wp:attachment":[{"href":"https:\/\/secureus.se\/no\/wp-json\/wp\/v2\/media?parent=89993"}],"wp:term":[{"taxonomy":"product_brand","embeddable":true,"href":"https:\/\/secureus.se\/no\/wp-json\/wp\/v2\/product_brand?post=89993"},{"taxonomy":"product_cat","embeddable":true,"href":"https:\/\/secureus.se\/no\/wp-json\/wp\/v2\/product_cat?post=89993"},{"taxonomy":"product_tag","embeddable":true,"href":"https:\/\/secureus.se\/no\/wp-json\/wp\/v2\/product_tag?post=89993"}],"curies":[{"name":"wp","href":"https:\/\/api.w.org\/{rel}","templated":true}]}}