{"id":90020,"date":"2024-03-04T14:24:03","date_gmt":"2024-03-04T13:24:03","guid":{"rendered":"https:\/\/secureus.se\/produkt\/magicard-ultima-he1000rt-retransfer-film-1000-prints\/"},"modified":"2026-04-08T16:58:41","modified_gmt":"2026-04-08T14:58:41","slug":"magicard-ultima-he1000rt-retransfer-film-1000-prints","status":"publish","type":"product","link":"https:\/\/secureus.se\/no\/magicard-ultima-he1000rt-retransfer-film-1000-prints\/","title":{"rendered":"Retransferfilm Magicard \u2013 Ultima (1000 utskrifter)"},"content":{"rendered":"<h1>Retransferfilm<br \/>\n  Magicard &#8211; Ultima (1000 utskrifter)<\/h1>\n<p>Retransferfilm Magicard &#8211; Ultima (1000 utskrifter) \u00e4r ett f\u00e4rgband<br \/>\n  for utskrift av plastkort med skarpe farger, klar tekst og god<br \/>\n  detaljgjengivelse. YMCK-b\u00e5ndtypen gir den riktige kombinasjonen av fargepaneler for<br \/>\n  profesjonell korttrykking.<\/p>\n<p>Passer for ID-kort, adgangskort, medlemskort og annet<br \/>\n  plastkort d\u00e4r h\u00f6g utskriftskvalitet och tillf\u00f6rlitlighet \u00e4r viktigt.<\/p>\n<ul>\n<li>Kapasitet: opptil 1000 utskrifter<\/li>\n<li>B\u00e5ndtype: YMCK<\/li>\n<li>Artikelnummer: HE1000RT<\/li>\n<\/ul>","protected":false},"excerpt":{"rendered":"<p>Retransferfilm Magicard &#8211; Ultima (1000 utskrifter) Retransferfilm Magicard &#8211; Ultima (1000 utskrifter) \u00e4r ett f\u00e4rgband f\u00f6r utskrift av plastkort med skarpa f\u00e4rger, tydlig text och bra detalj\u00e5tergivning. Bandtypen YMCK ger<\/p>","protected":false},"featured_media":138780,"template":"","meta":{"_acf_changed":false},"product_brand":[],"product_cat":[3216,4831],"product_tag":[3182,4863],"class_list":{"0":"post-90020","1":"product","2":"type-product","3":"status-publish","4":"has-post-thumbnail","6":"product_cat-magicard-fargband-retransfer","7":"product_cat-magicard-ultima-ribbons","8":"product_tag-magicard-tillbehor","9":"product_tag-pf","10":"product_shipping_class-tunga-paket","11":"pa_brands-magicard","12":"tm-has-options","14":"first","15":"instock","16":"sale","17":"taxable","18":"shipping-taxable","19":"purchasable","20":"product-type-simple"},"acf":[],"_links":{"self":[{"href":"https:\/\/secureus.se\/no\/wp-json\/wp\/v2\/product\/90020","targetHints":{"allow":["GET"]}}],"collection":[{"href":"https:\/\/secureus.se\/no\/wp-json\/wp\/v2\/product"}],"about":[{"href":"https:\/\/secureus.se\/no\/wp-json\/wp\/v2\/types\/product"}],"wp:featuredmedia":[{"embeddable":true,"href":"https:\/\/secureus.se\/no\/wp-json\/wp\/v2\/media\/138780"}],"wp:attachment":[{"href":"https:\/\/secureus.se\/no\/wp-json\/wp\/v2\/media?parent=90020"}],"wp:term":[{"taxonomy":"product_brand","embeddable":true,"href":"https:\/\/secureus.se\/no\/wp-json\/wp\/v2\/product_brand?post=90020"},{"taxonomy":"product_cat","embeddable":true,"href":"https:\/\/secureus.se\/no\/wp-json\/wp\/v2\/product_cat?post=90020"},{"taxonomy":"product_tag","embeddable":true,"href":"https:\/\/secureus.se\/no\/wp-json\/wp\/v2\/product_tag?post=90020"}],"curies":[{"name":"wp","href":"https:\/\/api.w.org\/{rel}","templated":true}]}}