{"id":90158,"date":"2024-03-05T11:16:32","date_gmt":"2024-03-05T10:16:32","guid":{"rendered":"https:\/\/secureus.se\/?post_type=product&#038;p=90158"},"modified":"2026-03-18T11:43:38","modified_gmt":"2026-03-18T10:43:38","slug":"mottagare-for-tradlos-dorrklocka","status":"publish","type":"product","link":"https:\/\/secureus.se\/no\/mottagare-for-tradlos-dorrklocka\/","title":{"rendered":"Mottaker for tr\u00e5dl\u00f8s ringeklokke med innebygd blits"},"content":{"rendered":"<div class=\"react-scroll-to-bottom--css-ommkt-1n7m0yu\">\n<div class=\"flex flex-col text-sm pb-9\">\n<div class=\"w-full text-token-text-primary sm:AIPRM__conversation__response\" data-testid=\"conversation-turn-22\">\n<div class=\"px-4 py-2 justify-center text-base md:gap-6 m-auto\">\n<div class=\"flex flex-1 text-base mx-auto gap-3 md:px-5 lg:px-1 xl:px-5 md:max-w-3xl lg:max-w-[40rem] xl:max-w-[48rem] group final-completion\">\n<div class=\"relative flex w-full flex-col agent-turn\">\n<div class=\"flex-col gap-1 md:gap-3\">\n<div class=\"flex flex-grow flex-col max-w-full\">\n<div class=\"min-h-[20px] text-message flex flex-col items-start gap-3 whitespace-pre-wrap break-words [.text-message+&amp;]:mt-5 overflow-x-auto\" data-message-author-role=\"assistant\" data-message-id=\"c21e3530-e4a9-4bb2-bcb6-026498d599e3\">\n<div class=\"markdown prose w-full break-words dark:prose-invert light AIPRM__conversation__response\">\n<div class=\"flex flex-grow flex-col max-w-full\">\n<div class=\"min-h-[20px] text-message flex flex-col items-start gap-3 whitespace-pre-wrap break-words [.text-message+&amp;]:mt-5 overflow-x-auto\" data-message-author-role=\"assistant\" data-message-id=\"c21e3530-e4a9-4bb2-bcb6-026498d599e3\"><span style=\"font-size: 2.61792em\">Mottagare f\u00f6r Tr\u00e5dl\u00f6s D\u00f6rrklocka med Inbyggd Blixt<\/span><\/div>\n<\/div>\n<div class=\"mt-1 flex justify-start gap-3 empty:hidden\">\n<div class=\"text-gray-400 flex self-end lg:self-center justify-center lg:justify-start mt-0 -ml-1 h-7 visible\">\n<div class=\"react-scroll-to-bottom--css-cstes-1n7m0yu\">\n<div class=\"flex flex-col text-sm pb-9\">\n<div class=\"w-full text-token-text-primary sm:AIPRM__conversation__response\" data-testid=\"conversation-turn-11\">\n<div class=\"px-4 py-2 justify-center text-base md:gap-6 m-auto\">\n<div class=\"flex flex-1 text-base mx-auto gap-3 md:px-5 lg:px-1 xl:px-5 md:max-w-3xl lg:max-w-[40rem] xl:max-w-[48rem] group final-completion\">\n<div class=\"relative flex w-full flex-col agent-turn\">\n<div class=\"flex-col gap-1 md:gap-3\">\n<div class=\"flex flex-grow flex-col max-w-full\">\n<div class=\"min-h-[20px] text-message flex flex-col items-start gap-3 whitespace-pre-wrap break-words [.text-message+&amp;]:mt-5 overflow-x-auto\" data-message-author-role=\"assistant\" data-message-id=\"2fc61db9-ab98-494a-bc5b-a797aab10cae\">\n<div class=\"markdown prose w-full break-words dark:prose-invert light AIPRM__conversation__response\">\n<p><strong>Tr\u00e5dl\u00f6s d\u00f6rrklocka med 60 ringsignaler &#8211; Produktbeskrivning<\/strong><\/p>\n<p>F\u00f6r dig som vill ansl<\/p>\n<p>Observera att du beh\u00f6ver ha en trycknapp som finns i v\u00e5rt paket f\u00f6r att f\u00e5 en komplett l\u00f6sning.<\/p>\n<p>Mottagaren placeras i v\u00e4gguttag f\u00f6r 220 volt och beh\u00f6ver d\u00e4rf\u00f6r inga batterier.<\/p>\n<p><strong>Funktioner:<\/strong><\/p>\n<ul>\n<li>60 ringsignaler, 5 volymniv\u00e5er (0-100 dB) och LED-blixt f\u00f6r att m\u00f6ta alla dina behov.<\/li>\n<li>Utbyggbar &#8211; L\u00e4gg till extra tr\u00e5dl\u00f6sa d\u00f6rrklockemottagare och d\u00f6rrklockor f\u00f6r att passa lite st\u00f6rre fastugheter.<\/li>\n<li>Enkel att anv\u00e4nda &#8211; Dina tr\u00e5dl\u00f6sa d\u00f6rrklockor levereras f\u00f6rinstallerade med batterier och klisterm\u00e4rken.<\/li>\n<li>Tr\u00e5dl\u00f6s d\u00f6rrklocka f\u00f6r hemmet\/l\u00e4genheten\/f\u00f6retaget\/klassrummet\/kontoret\/lagret.<\/li>\n<li>Mottagaren placeras i v\u00e4gguttag f\u00f6r 220 volt och beh\u00f6ver d\u00e4rf\u00f6r inga batterier.<\/li>\n<li>Max antal 4 knappar och 20 mottagare i samma system<\/li>\n<\/ul>\n<p><strong>Specifikationer:<\/strong><\/p>\n<ul>\n<li><strong>Mottagare f\u00f6r Tr\u00e5dl\u00f6s D\u00f6rrklocka f\u00f6r Modell: AP-D71<\/strong><\/li>\n<li>F\u00e4rg: Svart \/ Vit<\/li>\n<li>Melodi: 60 ringsignaler<\/li>\n<li>Volym: 4 niv\u00e5er justerbara<\/li>\n<li>Mottagarens kontakt: 220 volt utag<\/li>\n<li>Mottagarens nominella sp\u00e4nning: AC 110V &#8211; 240V<\/li>\n<li>Str\u00f6mf\u00f6rbrukning: &lt; 0.5W<\/li>\n<li>Arbetsfrekvens: 433 MHz<\/li>\n<li>Tr\u00e5dlig r\u00e4ckvidd: 300m fj\u00e4rr (i \u00f6ppet omr\u00e5de)<\/li>\n<li>Certifieringar: CE, RoHS<\/li>\n<\/ul>\n<p><strong>M\u00e5tt:<\/strong><\/p>\n<ul>\n<li>Mottagare: 56<em>90<\/em>20mm<\/li>\n<\/ul>\n<p><b>\u00a0<\/b><\/p>\n<\/div>\n<\/div>\n<\/div>\n<div class=\"mt-1 flex justify-start gap-3 empty:hidden\">\n<div class=\"text-gray-400 flex self-end lg:self-center justify-center lg:justify-start mt-0 -ml-1 h-7 visible\">\n<p>&nbsp;<\/p>\n<\/div>\n<\/div>\n<\/div>\n<\/div>\n<\/div>\n<\/div>\n<\/div>\n<\/div>\n<\/div>\n<\/div>\n<\/div>\n<\/div>\n<\/div>\n<\/div>\n<div class=\"mt-1 flex justify-start gap-3 empty:hidden\">\n<div class=\"text-gray-400 flex self-end lg:self-center justify-center lg:justify-start mt-0 -ml-1 h-7 visible\">\n<div class=\"flex items-center gap-1.5 text-xs\"><\/div>\n<div class=\"flex\"><\/div>\n<\/div>\n<\/div>\n<div class=\"pr-2 lg:pr-0\"><\/div>\n<\/div>\n<div class=\"absolute\">\n<div class=\"flex w-full gap-2 items-center justify-center\"><\/div>\n<\/div>\n<\/div>\n<\/div>\n<\/div>\n<\/div>\n<\/div>\n<\/div>\n<div id=\"AIPRM__sidebar-icon\" class=\"AIPRM__p-2 AIPRM__top-12 md:AIPRM__top-2 AIPRM__p-2 AIPRM__items-center AIPRM__transition-colors AIPRM__duration-200 AIPRM__cursor-pointer AIPRM__text-sm AIPRM__rounded-md AIPRM__border AIPRM__bg-white dark:AIPRM__bg-gray-900 AIPRM__border-black\/10 dark:AIPRM__border-white\/20 hover:AIPRM__bg-gray-50 dark:hover:AIPRM__bg-gray-850 AIPRM__cursor-pointer AIPRM__fixed AIPRM__right-4 AIPRM__z-30\" title=\"Open AIPRM sidebar\"><\/div>\n","protected":false},"excerpt":{"rendered":"<p>Tr\u00e5dl\u00f8s ringeklokke \/ ringeklokke med muligheter for tilkobling av inntil 4 knapper\/sendere og 20 mottakere\/mottakere.<\/p>","protected":false},"featured_media":133993,"template":"","meta":{"_acf_changed":false},"product_brand":[],"product_cat":[3228],"product_tag":[],"class_list":{"0":"post-90158","1":"product","2":"type-product","3":"status-publish","4":"has-post-thumbnail","6":"product_cat-dorrklockor","7":"product_shipping_class-postnord-varubrev","8":"pa_brands-stonehouse-security","9":"tm-no-options","11":"first","12":"instock","13":"sale","14":"featured","15":"taxable","16":"shipping-taxable","17":"purchasable","18":"product-type-simple"},"acf":[],"_links":{"self":[{"href":"https:\/\/secureus.se\/no\/wp-json\/wp\/v2\/product\/90158","targetHints":{"allow":["GET"]}}],"collection":[{"href":"https:\/\/secureus.se\/no\/wp-json\/wp\/v2\/product"}],"about":[{"href":"https:\/\/secureus.se\/no\/wp-json\/wp\/v2\/types\/product"}],"wp:featuredmedia":[{"embeddable":true,"href":"https:\/\/secureus.se\/no\/wp-json\/wp\/v2\/media\/133993"}],"wp:attachment":[{"href":"https:\/\/secureus.se\/no\/wp-json\/wp\/v2\/media?parent=90158"}],"wp:term":[{"taxonomy":"product_brand","embeddable":true,"href":"https:\/\/secureus.se\/no\/wp-json\/wp\/v2\/product_brand?post=90158"},{"taxonomy":"product_cat","embeddable":true,"href":"https:\/\/secureus.se\/no\/wp-json\/wp\/v2\/product_cat?post=90158"},{"taxonomy":"product_tag","embeddable":true,"href":"https:\/\/secureus.se\/no\/wp-json\/wp\/v2\/product_tag?post=90158"}],"curies":[{"name":"wp","href":"https:\/\/api.w.org\/{rel}","templated":true}]}}