{"id":90164,"date":"2024-03-12T10:37:31","date_gmt":"2024-03-12T09:37:31","guid":{"rendered":"https:\/\/secureus.se\/?post_type=product&#038;p=90164"},"modified":"2026-04-21T12:59:15","modified_gmt":"2026-04-21T10:59:15","slug":"risco-wifi-2mp-cube-camera","status":"publish","type":"product","link":"https:\/\/secureus.se\/no\/risco-wifi-2mp-cube-camera\/","title":{"rendered":"Risco WiFi 2MP kubekamera"},"content":{"rendered":"<h1>Risco WiFi 2MP kubekamera<\/h1>\n<p data-start=\"341\" data-end=\"630\">Risco WiFi 2MP Cube-kameraet er designet for \u00e5 gi videooverv\u00e5king av h\u00f8y kvalitet med sin progressive CMOS-bildesensor p\u00e5 2 megapiksler.<\/p>\n<p data-start=\"341\" data-end=\"630\">Kameraet har en brennvidde p\u00e5 2,8 mm og st\u00f8tter IR-sikt opptil 10 meter, noe som gj\u00f8r det egnet for b\u00e5de innend\u00f8rs og utend\u00f8rs bruk.<\/p>\n<p data-start=\"632\" data-end=\"951\">Den er utstyrt med innebygd h\u00f8yttaler og mikrofon for toveiskommunikasjon, slik at brukeren b\u00e5de kan lytte og snakke gjennom kameraet.<\/p>\n<p data-start=\"632\" data-end=\"951\">WDR (DWDR) sikrer god bildekvalitet selv under vanskelige lysforhold.<\/p>\n<p data-start=\"632\" data-end=\"951\">Kameraet st\u00f8tter ogs\u00e5 Micro SD-kort med opptil 256 GB kapasitet for lokal videolagring.<\/p>\n<p data-start=\"953\" data-end=\"1101\">Med en WiFi-utgangseffekt p\u00e5 20 dBm og st\u00f8tte for 2,4 GHz WiFi-frekvenser, er den enkel \u00e5 installere og integrere i ditt eksisterende sikkerhetssystem.<\/p>\n<p data-start=\"1103\" data-end=\"1132\"><strong data-start=\"1103\" data-end=\"1132\">Tekniske spesifikasjoner:<\/strong><\/p>\n<ul data-start=\"1133\" data-end=\"1475\">\n<li data-start=\"1133\" data-end=\"1169\">\n<p data-start=\"1135\" data-end=\"1169\">Modell: Risco WiFi 2MP kubekamera<\/p>\n<\/li>\n<li data-start=\"1170\" data-end=\"1218\">\n<p data-start=\"1172\" data-end=\"1218\">Bildesensor: 1\/2,7\u201d 2-megapiksel progressiv CMOS<\/p>\n<\/li>\n<li data-start=\"1219\" data-end=\"1241\">\n<p data-start=\"1221\" data-end=\"1241\">IR-avstand: 10 meter<\/p>\n<\/li>\n<li data-start=\"1242\" data-end=\"1261\">\n<p data-start=\"1244\" data-end=\"1261\">Brennvidde: 2,8 mm<\/p>\n<\/li>\n<li data-start=\"1262\" data-end=\"1288\">\n<p data-start=\"1264\" data-end=\"1288\">Str\u00f8mforsyning: 12V DC<\/p>\n<\/li>\n<li data-start=\"1289\" data-end=\"1314\">\n<p data-start=\"1291\" data-end=\"1314\">Str\u00f8mforbruk: &lt;3,5W<\/p>\n<\/li>\n<li data-start=\"1315\" data-end=\"1347\">\n<p data-start=\"1317\" data-end=\"1347\">Wi-Fi Str\u00f8mutgang: maks. 20dBm.<\/p>\n<\/li>\n<li data-start=\"1348\" data-end=\"1373\">\n<p data-start=\"1350\" data-end=\"1373\">Wi-Fi-frekvens: 2,4 GHz<\/p>\n<\/li>\n<li data-start=\"1374\" data-end=\"1406\">\n<p data-start=\"1376\" data-end=\"1406\">Innebygd h\u00f8yttaler og mikrofon<\/p>\n<\/li>\n<li data-start=\"1407\" data-end=\"1447\">\n<p data-start=\"1409\" data-end=\"1447\">WDR: DWDR (digital bredt dynamisk omr\u00e5de)<\/p>\n<\/li>\n<li data-start=\"1448\" data-end=\"1475\">\n<p data-start=\"1450\" data-end=\"1475\">Micro SD-kort, maks. 256 GB<\/p>\n<\/li>\n<\/ul>","protected":false},"excerpt":{"rendered":"<p>Risco WiFi 2MP Cube Camera er et kompakt sikkerhetskamera med en 2-megapiksel bildesensor og st\u00f8tte for WiFi-tilkobling.<\/p>\n<p>Den tilbyr IR-sikt opptil 10 meter og har innebygd h\u00f8yttaler og mikrofon for toveiskommunikasjon.<\/p>","protected":false},"featured_media":137905,"template":"","meta":{"_acf_changed":false},"product_brand":[],"product_cat":[3192],"product_tag":[],"class_list":{"0":"post-90164","1":"product","2":"type-product","3":"status-publish","4":"has-post-thumbnail","6":"product_cat-risco-ip-kamera","7":"product_shipping_class-tunga-paket","8":"pa_brands-4risco","9":"tm-no-options","11":"first","12":"instock","13":"sale","14":"taxable","15":"shipping-taxable","16":"purchasable","17":"product-type-simple"},"acf":[],"_links":{"self":[{"href":"https:\/\/secureus.se\/no\/wp-json\/wp\/v2\/product\/90164","targetHints":{"allow":["GET"]}}],"collection":[{"href":"https:\/\/secureus.se\/no\/wp-json\/wp\/v2\/product"}],"about":[{"href":"https:\/\/secureus.se\/no\/wp-json\/wp\/v2\/types\/product"}],"wp:featuredmedia":[{"embeddable":true,"href":"https:\/\/secureus.se\/no\/wp-json\/wp\/v2\/media\/137905"}],"wp:attachment":[{"href":"https:\/\/secureus.se\/no\/wp-json\/wp\/v2\/media?parent=90164"}],"wp:term":[{"taxonomy":"product_brand","embeddable":true,"href":"https:\/\/secureus.se\/no\/wp-json\/wp\/v2\/product_brand?post=90164"},{"taxonomy":"product_cat","embeddable":true,"href":"https:\/\/secureus.se\/no\/wp-json\/wp\/v2\/product_cat?post=90164"},{"taxonomy":"product_tag","embeddable":true,"href":"https:\/\/secureus.se\/no\/wp-json\/wp\/v2\/product_tag?post=90164"}],"curies":[{"name":"wp","href":"https:\/\/api.w.org\/{rel}","templated":true}]}}