{"id":90166,"date":"2024-03-12T10:37:30","date_gmt":"2024-03-12T09:37:30","guid":{"rendered":"https:\/\/secureus.se\/?post_type=product&#038;p=90166"},"modified":"2025-12-31T21:01:14","modified_gmt":"2025-12-31T20:01:14","slug":"risco-wifi-2mp-pan-tilt-camera","status":"publish","type":"product","link":"https:\/\/secureus.se\/no\/risco-wifi-2mp-pan-tilt-camera\/","title":{"rendered":"Risco WiFi 2MP Pan Tilt-kamera"},"content":{"rendered":"<h1>Risco WiFi 2MP Pan Tilt-kamera<\/h1>\n<p data-start=\"369\" data-end=\"676\">Risco WiFi 2MP Pan Tilt-kameraet tilbyr HD-sikkerhet med sin progressive CMOS-bildesensor p\u00e5 2 megapiksler.<\/p>\n<p data-start=\"369\" data-end=\"676\">Kameraet har en justerbar brennvidde p\u00e5 3,6 mm og lar brukeren panorere 355\u00b0 og vippe mellom 0\u00b0 og 90\u00b0, noe som gir en fullstendig oversikt over overv\u00e5kingsomr\u00e5det.<\/p>\n<p data-start=\"678\" data-end=\"1008\">Med IR-sikt p\u00e5 opptil 10 meter er kameraet ideelt for b\u00e5de dag- og nattoverv\u00e5king. For bedre interaktivitet og sikkerhet har kameraet innebygd h\u00f8yttaler og mikrofon for toveiskommunikasjon.<\/p>\n<p data-start=\"678\" data-end=\"1008\">Den er utstyrt med Wi-Fi for enkel oppsett og tilkobling til nettverket ditt, og har en Wi-Fi-utgangseffekt p\u00e5 opptil 20 dBm.<\/p>\n<p data-start=\"1010\" data-end=\"1137\">Risco WiFi 2MP Pan Tilt-kameraet st\u00f8tter ogs\u00e5 Micro SD-kort med opptil 128 GB kapasitet for lokal lagring av videomateriale.<\/p>\n<p data-start=\"1139\" data-end=\"1168\"><strong data-start=\"1139\" data-end=\"1168\">Tekniske spesifikasjoner:<\/strong><\/p>\n<ul data-start=\"1169\" data-end=\"1556\">\n<li data-start=\"1169\" data-end=\"1209\">\n<p data-start=\"1171\" data-end=\"1209\">Modell: Risco WiFi 2MP Pan Tilt-kamera<\/p>\n<\/li>\n<li data-start=\"1210\" data-end=\"1257\">\n<p data-start=\"1212\" data-end=\"1257\">Bildesensor: 1\/2,7\u201d 2 megapiksler progressiv CMOS<\/p>\n<\/li>\n<li data-start=\"1258\" data-end=\"1280\">\n<p data-start=\"1260\" data-end=\"1280\">IR-avstand: 10 meter<\/p>\n<\/li>\n<li data-start=\"1281\" data-end=\"1300\">\n<p data-start=\"1283\" data-end=\"1300\">Brennvidde: 3,6 mm<\/p>\n<\/li>\n<li data-start=\"1301\" data-end=\"1336\">\n<p data-start=\"1303\" data-end=\"1336\">Panorering \/ Tilt: 355\u00b0 Pan &amp; 0~90\u00b0 Tilt<\/p>\n<\/li>\n<li data-start=\"1337\" data-end=\"1369\">\n<p data-start=\"1339\" data-end=\"1369\">Str\u00f8mforsyning: 5V \/ 1,5A DC<\/p>\n<\/li>\n<li data-start=\"1370\" data-end=\"1394\">\n<p data-start=\"1372\" data-end=\"1394\">Str\u00f8mforbruk: 5,5W<\/p>\n<\/li>\n<li data-start=\"1395\" data-end=\"1427\">\n<p data-start=\"1397\" data-end=\"1427\">Wi-Fi Str\u00f8mutgang: maks. 20dBm.<\/p>\n<\/li>\n<li data-start=\"1428\" data-end=\"1453\">\n<p data-start=\"1430\" data-end=\"1453\">Wi-Fi-frekvens: 2,4 GHz<\/p>\n<\/li>\n<li data-start=\"1454\" data-end=\"1493\">\n<p data-start=\"1456\" data-end=\"1493\">Funksjoner: Panorering \/ Tilting \/ Digital zoom<\/p>\n<\/li>\n<li data-start=\"1494\" data-end=\"1524\">\n<p data-start=\"1496\" data-end=\"1524\">Innebygd h\u00f8yttaler og mikrofon<\/p>\n<\/li>\n<li data-start=\"1525\" data-end=\"1556\">\n<p data-start=\"1527\" data-end=\"1556\">Lagring: Micro SD, maks. 128 GB<\/p>\n<\/li>\n<\/ul>","protected":false},"excerpt":{"rendered":"<p>Risco WiFi 2MP Pan Tilt-kameraet er et fleksibelt sikkerhetskamera med en 2 megapiksel bildesensor, IR-sikt opptil 10 meter, og 355\u00b0 panoreringsfunksjon og 0\u201390\u00b0 tilt.<\/p>\n<p>Perfekt for overv\u00e5king med Wi-Fi-tilkobling og innebygd h\u00f8yttaler og mikrofon.<\/p>","protected":false},"featured_media":138324,"template":"","meta":{"_acf_changed":false},"product_brand":[],"product_cat":[3192],"product_tag":[],"class_list":{"0":"post-90166","1":"product","2":"type-product","3":"status-publish","4":"has-post-thumbnail","6":"product_cat-risco-ip-kamera","7":"product_shipping_class-tunga-paket","8":"pa_brands-4risco","9":"tm-no-options","11":"first","12":"onbackorder","13":"sale","14":"taxable","15":"shipping-taxable","16":"purchasable","17":"product-type-simple"},"acf":[],"_links":{"self":[{"href":"https:\/\/secureus.se\/no\/wp-json\/wp\/v2\/product\/90166","targetHints":{"allow":["GET"]}}],"collection":[{"href":"https:\/\/secureus.se\/no\/wp-json\/wp\/v2\/product"}],"about":[{"href":"https:\/\/secureus.se\/no\/wp-json\/wp\/v2\/types\/product"}],"wp:featuredmedia":[{"embeddable":true,"href":"https:\/\/secureus.se\/no\/wp-json\/wp\/v2\/media\/138324"}],"wp:attachment":[{"href":"https:\/\/secureus.se\/no\/wp-json\/wp\/v2\/media?parent=90166"}],"wp:term":[{"taxonomy":"product_brand","embeddable":true,"href":"https:\/\/secureus.se\/no\/wp-json\/wp\/v2\/product_brand?post=90166"},{"taxonomy":"product_cat","embeddable":true,"href":"https:\/\/secureus.se\/no\/wp-json\/wp\/v2\/product_cat?post=90166"},{"taxonomy":"product_tag","embeddable":true,"href":"https:\/\/secureus.se\/no\/wp-json\/wp\/v2\/product_tag?post=90166"}],"curies":[{"name":"wp","href":"https:\/\/api.w.org\/{rel}","templated":true}]}}