{"id":90168,"date":"2024-03-12T10:37:30","date_gmt":"2024-03-12T09:37:30","guid":{"rendered":"https:\/\/secureus.se\/?post_type=product&#038;p=90168"},"modified":"2026-04-21T14:54:59","modified_gmt":"2026-04-21T12:54:59","slug":"risco-wifi-2mp-eyeball-camera","status":"publish","type":"product","link":"https:\/\/secureus.se\/no\/risco-wifi-2mp-eyeball-camera\/","title":{"rendered":"Risco WiFi 2MP Eyeball-kamera"},"content":{"rendered":"<h1>Risco WiFi 2MP Eyeball-kamera<\/h1>\n<p data-start=\"355\" data-end=\"728\">Risco WiFi 2MP \u00f8yeeplekamera har en progressiv CMOS-bildesensor med h\u00f8y oppl\u00f8sning p\u00e5 2 megapiksler som gir klar og detaljert bildekvalitet.<\/p>\n<p data-start=\"355\" data-end=\"728\">Kameraet har en IR-avstand p\u00e5 opptil 20 meter, noe som gj\u00f8r det ideelt for b\u00e5de dag- og nattoverv\u00e5king.<\/p>\n<p data-start=\"355\" data-end=\"728\">Med en brennvidde p\u00e5 2,8 mm fanger kameraet et bredt synsfelt og er perfekt for overv\u00e5king av st\u00f8rre omr\u00e5der.<\/p>\n<p data-start=\"730\" data-end=\"974\">Kameraet er IP67-sertifisert, noe som gj\u00f8r det b\u00e5de vannavst\u00f8tende og st\u00f8vtett, og dermed egnet for b\u00e5de innend\u00f8rs og utend\u00f8rs bruk.<\/p>\n<p data-start=\"730\" data-end=\"974\">Den st\u00f8tter ogs\u00e5 Micro SD-kort med opptil 128 GB kapasitet for lokal lagring av videomateriale.<\/p>\n<p data-start=\"976\" data-end=\"1223\">Risco WiFi 2MP \u00f8yeeplekamera har Wi-Fi-tilkobling, noe som forenkler installasjonen og gir fleksibilitet til \u00e5 plassere kameraet der det trengs uten \u00e5 trekke kabler.<\/p>\n<p data-start=\"976\" data-end=\"1223\">Den st\u00f8tter en Wi-Fi-utgangseffekt p\u00e5 opptil 20 dBm og opererer p\u00e5 2,4 GHz-frekvensen.<\/p>\n<p data-start=\"1225\" data-end=\"1254\"><strong data-start=\"1225\" data-end=\"1254\">Tekniske spesifikasjoner:<\/strong><\/p>\n<ul data-start=\"1255\" data-end=\"1696\">\n<li data-start=\"1255\" data-end=\"1276\">\n<p data-start=\"1257\" data-end=\"1276\">Modell: RVCM32W1600<\/p>\n<\/li>\n<li data-start=\"1277\" data-end=\"1325\">\n<p data-start=\"1279\" data-end=\"1325\">Bildesensor: 1\/2,7\u201d 2-megapiksel progressiv CMOS<\/p>\n<\/li>\n<li data-start=\"1326\" data-end=\"1348\">\n<p data-start=\"1328\" data-end=\"1348\">IR-avstand: 20 meter<\/p>\n<\/li>\n<li data-start=\"1349\" data-end=\"1368\">\n<p data-start=\"1351\" data-end=\"1368\">Brennvidde: 2,8 mm<\/p>\n<\/li>\n<li data-start=\"1369\" data-end=\"1399\">\n<p data-start=\"1371\" data-end=\"1399\">Str\u00f8mforsyning: 12V DC, 1A<\/p>\n<\/li>\n<li data-start=\"1400\" data-end=\"1425\">\n<p data-start=\"1402\" data-end=\"1425\">Str\u00f8mforbruk: &lt;4,7W<\/p>\n<\/li>\n<li data-start=\"1426\" data-end=\"1462\">\n<p data-start=\"1428\" data-end=\"1462\">Wi-Fi-effektutgang: Maksimum 20 dBm<\/p>\n<\/li>\n<li data-start=\"1463\" data-end=\"1488\">\n<p data-start=\"1465\" data-end=\"1488\">Wi-Fi-frekvens: 2,4 GHz<\/p>\n<\/li>\n<li data-start=\"1489\" data-end=\"1565\">\n<p data-start=\"1491\" data-end=\"1565\">Driftsforhold: -20 \u00b0C til 45 \u00b0C (-4 \u00b0F til 113 \u00b0F), \u2264 95% luftfuktighet<\/p>\n<\/li>\n<li data-start=\"1566\" data-end=\"1615\">\n<p data-start=\"1568\" data-end=\"1615\">Beskyttelsesklasse: IP67 (vanntett og st\u00f8vtett)<\/p>\n<\/li>\n<li data-start=\"1616\" data-end=\"1647\">\n<p data-start=\"1618\" data-end=\"1647\">Lagring: Micro SD, maks. 128 GB<\/p>\n<\/li>\n<li data-start=\"1648\" data-end=\"1696\">\n<p data-start=\"1650\" data-end=\"1696\">Funksjoner: Dag\/natt ICR (med infrar\u00f8dt filter)<\/p>\n<\/li>\n<\/ul>","protected":false},"excerpt":{"rendered":"<p>Risco WiFi 2MP \u00f8yeeplekamera er et 2-megapiksel sikkerhetskamera med IR-siktbarhet p\u00e5 opptil 20 meter.<\/p>\n<p>Den er IP67-sertifisert og tilbyr videooverv\u00e5king av h\u00f8y kvalitet med en brennvidde p\u00e5 2,8 mm og Wi-Fi-tilkobling for enkel installasjon.<\/p>","protected":false},"featured_media":138328,"template":"","meta":{"_acf_changed":false},"product_brand":[],"product_cat":[3192],"product_tag":[],"class_list":{"0":"post-90168","1":"product","2":"type-product","3":"status-publish","4":"has-post-thumbnail","6":"product_cat-risco-ip-kamera","7":"product_shipping_class-tunga-paket","8":"pa_brands-4risco","9":"tm-no-options","11":"first","12":"onbackorder","13":"sale","14":"taxable","15":"shipping-taxable","16":"purchasable","17":"product-type-simple"},"acf":[],"_links":{"self":[{"href":"https:\/\/secureus.se\/no\/wp-json\/wp\/v2\/product\/90168","targetHints":{"allow":["GET"]}}],"collection":[{"href":"https:\/\/secureus.se\/no\/wp-json\/wp\/v2\/product"}],"about":[{"href":"https:\/\/secureus.se\/no\/wp-json\/wp\/v2\/types\/product"}],"wp:featuredmedia":[{"embeddable":true,"href":"https:\/\/secureus.se\/no\/wp-json\/wp\/v2\/media\/138328"}],"wp:attachment":[{"href":"https:\/\/secureus.se\/no\/wp-json\/wp\/v2\/media?parent=90168"}],"wp:term":[{"taxonomy":"product_brand","embeddable":true,"href":"https:\/\/secureus.se\/no\/wp-json\/wp\/v2\/product_brand?post=90168"},{"taxonomy":"product_cat","embeddable":true,"href":"https:\/\/secureus.se\/no\/wp-json\/wp\/v2\/product_cat?post=90168"},{"taxonomy":"product_tag","embeddable":true,"href":"https:\/\/secureus.se\/no\/wp-json\/wp\/v2\/product_tag?post=90168"}],"curies":[{"name":"wp","href":"https:\/\/api.w.org\/{rel}","templated":true}]}}