{"id":90172,"date":"2024-03-12T10:37:30","date_gmt":"2024-03-12T09:37:30","guid":{"rendered":"https:\/\/secureus.se\/?post_type=product&#038;p=90172"},"modified":"2025-12-31T21:05:30","modified_gmt":"2025-12-31T20:05:30","slug":"risco-poe-4mp-cube-camera","status":"publish","type":"product","link":"https:\/\/secureus.se\/no\/risco-poe-4mp-cube-camera\/","title":{"rendered":"Risco PoE 4MP kubekamera"},"content":{"rendered":"<h1>Risco PoE 4MP kubekamera<\/h1>\n<p data-start=\"377\" data-end=\"712\">Risco PoE 4MP kubekamera tilbyr overlegen bildekvalitet med sin 4 megapiksel bildesensor.<\/p>\n<p data-start=\"377\" data-end=\"712\">Den er utstyrt med WDR (DWDR), som forbedrer bildekvaliteten under vanskelige lysforhold, og en innebygd mikrofon for toveiskommunikasjon.<\/p>\n<p data-start=\"377\" data-end=\"712\">Med en IR-avstand p\u00e5 opptil 10 meter gir den klar sikt selv i svakt lys.<\/p>\n<p data-start=\"714\" data-end=\"1033\">For installasjon, koble kameraet via Ethernet-kabel til ruteren eller PoE-porten p\u00e5 en NVR.<\/p>\n<p data-start=\"714\" data-end=\"1033\">Hvis kameraet ikke brukes med PoE, m\u00e5 det drives med en passende str\u00f8madapter.<\/p>\n<p data-start=\"714\" data-end=\"1033\">Kameraet m\u00e5 v\u00e6re koblet til RISCO Cloud via VUpoint NVR og konfigurert som et \u00abRISCO Pro\u00bb-kamera for \u00e5 sikre riktig drift.<\/p>\n<p data-start=\"1035\" data-end=\"1155\">Kameraet er perfekt for b\u00e5de innend\u00f8rs og utend\u00f8rs bruk, og er designet for \u00e5 gi p\u00e5litelig overv\u00e5king og sikkerhet.<\/p>\n<p data-start=\"1157\" data-end=\"1186\"><strong data-start=\"1157\" data-end=\"1186\">Tekniske spesifikasjoner:<\/strong><\/p>\n<ul data-start=\"1187\" data-end=\"1495\">\n<li data-start=\"1187\" data-end=\"1208\">\n<p data-start=\"1189\" data-end=\"1208\">Modell: RVCM11P1800<\/p>\n<\/li>\n<li data-start=\"1209\" data-end=\"1249\">\n<p data-start=\"1211\" data-end=\"1249\">WDR: DWDR (digital bredt dynamisk omr\u00e5de)<\/p>\n<\/li>\n<li data-start=\"1250\" data-end=\"1272\">\n<p data-start=\"1252\" data-end=\"1272\">Innebygd mikrofon: Ja<\/p>\n<\/li>\n<li data-start=\"1273\" data-end=\"1300\">\n<p data-start=\"1275\" data-end=\"1300\">IR-avstand: Maks. 10 meter<\/p>\n<\/li>\n<li data-start=\"1301\" data-end=\"1372\">\n<p data-start=\"1303\" data-end=\"1372\">Str\u00f8mforsyning: POE eller ekstern str\u00f8madapter (hvis PoE ikke brukes)<\/p>\n<\/li>\n<li data-start=\"1373\" data-end=\"1446\">\n<p data-start=\"1375\" data-end=\"1446\">Kompatibilitet: RISCO Cloud via VUpoint NVR (med kameratypen \u00abRISCO Pro\u00bb)<\/p>\n<\/li>\n<li data-start=\"1447\" data-end=\"1495\">\n<p data-start=\"1449\" data-end=\"1495\">Dimensjoner: Kompakt design for fleksibel installasjon<\/p>\n<\/li>\n<\/ul>","protected":false},"excerpt":{"rendered":"<p>Risco PoE 4MP Cube-kameraet er et sikkerhetskamera med h\u00f8y oppl\u00f8sning, en 4-megapiksel bildesensor, innebygd mikrofon og IR-siktbarhet p\u00e5 opptil 10 meter.<\/p>\n<p>Kameraet er kompatibelt med RISCO Cloud via VUpoint NVR og er ideelt for overv\u00e5king av b\u00e5de innend\u00f8rs og utend\u00f8rs omr\u00e5der.<\/p>","protected":false},"featured_media":137905,"template":"","meta":{"_acf_changed":false},"product_brand":[],"product_cat":[3192],"product_tag":[],"class_list":{"0":"post-90172","1":"product","2":"type-product","3":"status-publish","4":"has-post-thumbnail","6":"product_cat-risco-ip-kamera","7":"product_shipping_class-tunga-paket","8":"pa_brands-4risco","9":"tm-no-options","11":"first","12":"instock","13":"sale","14":"taxable","15":"shipping-taxable","16":"purchasable","17":"product-type-simple"},"acf":[],"_links":{"self":[{"href":"https:\/\/secureus.se\/no\/wp-json\/wp\/v2\/product\/90172","targetHints":{"allow":["GET"]}}],"collection":[{"href":"https:\/\/secureus.se\/no\/wp-json\/wp\/v2\/product"}],"about":[{"href":"https:\/\/secureus.se\/no\/wp-json\/wp\/v2\/types\/product"}],"wp:featuredmedia":[{"embeddable":true,"href":"https:\/\/secureus.se\/no\/wp-json\/wp\/v2\/media\/137905"}],"wp:attachment":[{"href":"https:\/\/secureus.se\/no\/wp-json\/wp\/v2\/media?parent=90172"}],"wp:term":[{"taxonomy":"product_brand","embeddable":true,"href":"https:\/\/secureus.se\/no\/wp-json\/wp\/v2\/product_brand?post=90172"},{"taxonomy":"product_cat","embeddable":true,"href":"https:\/\/secureus.se\/no\/wp-json\/wp\/v2\/product_cat?post=90172"},{"taxonomy":"product_tag","embeddable":true,"href":"https:\/\/secureus.se\/no\/wp-json\/wp\/v2\/product_tag?post=90172"}],"curies":[{"name":"wp","href":"https:\/\/api.w.org\/{rel}","templated":true}]}}