{"id":90173,"date":"2024-03-12T10:37:30","date_gmt":"2024-03-12T09:37:30","guid":{"rendered":"https:\/\/secureus.se\/?post_type=product&#038;p=90173"},"modified":"2025-12-31T21:05:37","modified_gmt":"2025-12-31T20:05:37","slug":"risco-poe-4m-dome-camera","status":"publish","type":"product","link":"https:\/\/secureus.se\/no\/risco-poe-4m-dome-camera\/","title":{"rendered":"Risco PoE 4MP domekamera"},"content":{"rendered":"<h1>Risco PoE 4MP domekamera<\/h1>\n<p data-start=\"373\" data-end=\"694\">Risco PoE 4MP domekamera tilbyr krystallklar bildekvalitet med sin 4-megapiksel progressive CMOS-bildesensor.<\/p>\n<p data-start=\"373\" data-end=\"694\">Den har en IR-avstand p\u00e5 opptil 30 meter, noe som gj\u00f8r den ideell for b\u00e5de dag- og nattoverv\u00e5king.<\/p>\n<p data-start=\"373\" data-end=\"694\">Med en brennvidde p\u00e5 2,8 mm fanger kameraet et bredt synsfelt for effektiv overv\u00e5king.<\/p>\n<p data-start=\"696\" data-end=\"1030\">Kameraet har WDR (Wide Dynamic Range) p\u00e5 120 dB, noe som betyr at det leverer utmerket bildekvalitet selv under vanskelige lysforhold, som sterkt lys eller skyggefulle omr\u00e5der.<\/p>\n<p data-start=\"696\" data-end=\"1030\">For installasjon, koble kameraet via Ethernet-kabel til en ruter eller PoE-port p\u00e5 en NVR. Hvis PoE ikke brukes, m\u00e5 du bruke en passende str\u00f8madapter til \u00e5 drive kameraet.<\/p>\n<p data-start=\"1032\" data-end=\"1286\">Kameraet er IP67-sertifisert, noe som gj\u00f8r det b\u00e5de st\u00f8v- og vannbestandig og derfor perfekt for utend\u00f8rs bruk i t\u00f8ffe milj\u00f8er.<\/p>\n<p data-start=\"1032\" data-end=\"1286\">For \u00e5 koble kameraet til RISCO Cloud, m\u00e5 det kobles til en VUpoint NVR og konfigureres som et \u00abRISCO Pro\u00bb-kamera.<\/p>\n<p data-start=\"1288\" data-end=\"1317\"><strong data-start=\"1288\" data-end=\"1317\">Tekniske spesifikasjoner:<\/strong><\/p>\n<ul data-start=\"1318\" data-end=\"1768\">\n<li data-start=\"1318\" data-end=\"1353\">\n<p data-start=\"1320\" data-end=\"1353\">Modell: Risco PoE 4MP domekamera<\/p>\n<\/li>\n<li data-start=\"1354\" data-end=\"1400\">\n<p data-start=\"1356\" data-end=\"1400\">Bildesensor: 1\/3\u201d 4-megapiksel progressiv CMOS<\/p>\n<\/li>\n<li data-start=\"1401\" data-end=\"1423\">\n<p data-start=\"1403\" data-end=\"1423\">IR-avstand: 30 meter<\/p>\n<\/li>\n<li data-start=\"1424\" data-end=\"1443\">\n<p data-start=\"1426\" data-end=\"1443\">Brennvidde: 2,8 mm<\/p>\n<\/li>\n<li data-start=\"1444\" data-end=\"1478\">\n<p data-start=\"1446\" data-end=\"1478\">WDR: 120 dB (bredt dynamisk omr\u00e5de)<\/p>\n<\/li>\n<li data-start=\"1479\" data-end=\"1530\">\n<p data-start=\"1481\" data-end=\"1530\">Fastvareoppgradering: Via kameraets webgrensesnitt<\/p>\n<\/li>\n<li data-start=\"1531\" data-end=\"1563\">\n<p data-start=\"1533\" data-end=\"1563\">Str\u00f8mforsyning: 12V DC \/ PoE<\/p>\n<\/li>\n<li data-start=\"1564\" data-end=\"1589\">\n<p data-start=\"1566\" data-end=\"1589\">Str\u00f8mforbruk: &lt;4,9 W<\/p>\n<\/li>\n<li data-start=\"1590\" data-end=\"1667\">\n<p data-start=\"1592\" data-end=\"1667\">Driftsforhold: -40 \u00b0C til 55 \u00b0C (-40 \u00b0F til 131 \u00b0F), \u2264 95% luftfuktighet<\/p>\n<\/li>\n<li data-start=\"1668\" data-end=\"1724\">\n<p data-start=\"1670\" data-end=\"1724\">Lagringstemperatur: -40 \u00b0C til 60 \u00b0C (-40 \u00b0F til 140 \u00b0F)<\/p>\n<\/li>\n<li data-start=\"1725\" data-end=\"1768\">\n<p data-start=\"1727\" data-end=\"1768\">Beskyttelse: IP67 (vanntett og st\u00f8vtett)<\/p>\n<\/li>\n<\/ul>","protected":false},"excerpt":{"rendered":"<p>Risco PoE 4MP Dome-kameraet er et sikkerhetskamera med h\u00f8y oppl\u00f8sning, en 4-megapiksel CMOS-bildesensor, IR-siktbarhet opptil 30 meter og WDR-teknologi for best mulig bildekvalitet under alle lysforhold.<\/p>\n<p>Kameraet er IP67-sertifisert og kompatibelt med RISCO Cloud via VUpoint NVR.<\/p>","protected":false},"featured_media":138415,"template":"","meta":{"_acf_changed":false},"product_brand":[],"product_cat":[3192],"product_tag":[],"class_list":{"0":"post-90173","1":"product","2":"type-product","3":"status-publish","4":"has-post-thumbnail","6":"product_cat-risco-ip-kamera","7":"product_shipping_class-tunga-paket","8":"pa_brands-4risco","9":"tm-no-options","11":"first","12":"instock","13":"sale","14":"taxable","15":"shipping-taxable","16":"purchasable","17":"product-type-simple"},"acf":[],"_links":{"self":[{"href":"https:\/\/secureus.se\/no\/wp-json\/wp\/v2\/product\/90173","targetHints":{"allow":["GET"]}}],"collection":[{"href":"https:\/\/secureus.se\/no\/wp-json\/wp\/v2\/product"}],"about":[{"href":"https:\/\/secureus.se\/no\/wp-json\/wp\/v2\/types\/product"}],"wp:featuredmedia":[{"embeddable":true,"href":"https:\/\/secureus.se\/no\/wp-json\/wp\/v2\/media\/138415"}],"wp:attachment":[{"href":"https:\/\/secureus.se\/no\/wp-json\/wp\/v2\/media?parent=90173"}],"wp:term":[{"taxonomy":"product_brand","embeddable":true,"href":"https:\/\/secureus.se\/no\/wp-json\/wp\/v2\/product_brand?post=90173"},{"taxonomy":"product_cat","embeddable":true,"href":"https:\/\/secureus.se\/no\/wp-json\/wp\/v2\/product_cat?post=90173"},{"taxonomy":"product_tag","embeddable":true,"href":"https:\/\/secureus.se\/no\/wp-json\/wp\/v2\/product_tag?post=90173"}],"curies":[{"name":"wp","href":"https:\/\/api.w.org\/{rel}","templated":true}]}}