{"id":90177,"date":"2024-03-12T10:37:24","date_gmt":"2024-03-12T09:37:24","guid":{"rendered":"https:\/\/secureus.se\/?post_type=product&#038;p=90177"},"modified":"2025-12-31T21:17:06","modified_gmt":"2025-12-31T20:17:06","slug":"risco-bullet-4mp-varifocal-poe-network-camera","status":"publish","type":"product","link":"https:\/\/secureus.se\/no\/risco-bullet-4mp-varifocal-poe-network-camera\/","title":{"rendered":"Risco Bullet 4MP Varifocal PoE nettverkskamera"},"content":{"rendered":"<h1>Risco Bullet 4MP Varifocal PoE nettverkskamera<\/h1>\n<p data-start=\"369\" data-end=\"794\">Risco Bullet 4MP Varifocal PoE-nettverkskameraet er et avansert sikkerhetskamera som er utviklet for \u00e5 gi overv\u00e5king med h\u00f8y oppl\u00f8sning med sin progressive CMOS-bildesensor p\u00e5 4 megapiksler.<\/p>\n<p data-start=\"369\" data-end=\"794\">Kameraet har en justerbar brennvidde mellom 2,8 mm og 12 mm, slik at du kan tilpasse synsfeltet avhengig av dine overv\u00e5kingsbehov.<\/p>\n<p data-start=\"369\" data-end=\"794\">Med en IR-avstand p\u00e5 opptil 50 meter gir kameraet klar bildekvalitet selv i m\u00f8rke forhold.<\/p>\n<p data-start=\"796\" data-end=\"1070\">Kameraet er kompatibelt med RISCO Cloud, men for \u00e5 koble det til RISCO Cloud m\u00e5 det kobles til en VUpoint NVR.<\/p>\n<p data-start=\"796\" data-end=\"1070\">Installasjonen gj\u00f8res via Ethernet-porten og PoE (Power over Ethernet), noe som gj\u00f8r det enkelt \u00e5 koble til og drive kameraet via en nettverkskabel.<\/p>\n<p data-start=\"1072\" data-end=\"1383\">Kameraet har ogs\u00e5 120 dB Wide Dynamic Range (WDR)-teknologi, som forbedrer bildekvaliteten under vanskelige lysforhold og gir et klart og skarpt bilde uavhengig av lysniv\u00e5er.<\/p>\n<p data-start=\"1072\" data-end=\"1383\">Den er ogs\u00e5 IP67-sertifisert, som betyr at den er b\u00e5de vannavst\u00f8tende og st\u00f8vtett \u2013 perfekt for b\u00e5de innend\u00f8rs og utend\u00f8rs bruk.<\/p>\n<p data-start=\"1385\" data-end=\"1414\"><strong data-start=\"1385\" data-end=\"1414\">Tekniske spesifikasjoner:<\/strong><\/p>\n<ul data-start=\"1415\" data-end=\"1870\">\n<li data-start=\"1415\" data-end=\"1436\">\n<p data-start=\"1417\" data-end=\"1436\">Modell: RVCM52P2200<\/p>\n<\/li>\n<li data-start=\"1437\" data-end=\"1484\">\n<p data-start=\"1439\" data-end=\"1484\">Bildesensor: 1\/2,7\u201d 4 megapikslers progressiv CMOS<\/p>\n<\/li>\n<li data-start=\"1485\" data-end=\"1503\">\n<p data-start=\"1487\" data-end=\"1503\">IR-avstand: 50 m<\/p>\n<\/li>\n<li data-start=\"1504\" data-end=\"1543\">\n<p data-start=\"1506\" data-end=\"1543\">Brennvidde: 2,8 mm \u2013 12 mm (justerbar)<\/p>\n<\/li>\n<li data-start=\"1544\" data-end=\"1578\">\n<p data-start=\"1546\" data-end=\"1578\">WDR: 120 dB (bredt dynamisk omr\u00e5de)<\/p>\n<\/li>\n<li data-start=\"1579\" data-end=\"1630\">\n<p data-start=\"1581\" data-end=\"1630\">Fastvareoppgradering: Via kameraets webgrensesnitt<\/p>\n<\/li>\n<li data-start=\"1631\" data-end=\"1663\">\n<p data-start=\"1633\" data-end=\"1663\">Str\u00f8mforsyning: 12V DC \/ PoE<\/p>\n<\/li>\n<li data-start=\"1664\" data-end=\"1689\">\n<p data-start=\"1666\" data-end=\"1689\">Str\u00f8mforbruk: &lt;5,4 W<\/p>\n<\/li>\n<li data-start=\"1690\" data-end=\"1767\">\n<p data-start=\"1692\" data-end=\"1767\">Driftsforhold: -40 \u00b0C til 60 \u00b0C (-40 \u00b0F til 140 \u00b0F), \u2264 95% luftfuktighet<\/p>\n<\/li>\n<li data-start=\"1768\" data-end=\"1824\">\n<p data-start=\"1770\" data-end=\"1824\">Lagringstemperatur: -40 \u00b0C til 60 \u00b0C (-40 \u00b0F til 140 \u00b0F)<\/p>\n<\/li>\n<li data-start=\"1825\" data-end=\"1838\">\n<p data-start=\"1827\" data-end=\"1838\">Beskyttelse: IP67<\/p>\n<\/li>\n<li data-start=\"1839\" data-end=\"1870\">\n<p data-start=\"1841\" data-end=\"1870\">Lagring: Micro SD, maks. 256 GB<\/p>\n<\/li>\n<\/ul>","protected":false},"excerpt":{"rendered":"<p>Risco Bullet 4MP Varifocal PoE-nettverkskamera er et sikkerhetskamera med h\u00f8y oppl\u00f8sning, justerbar brennvidde og IR-siktbarhet p\u00e5 opptil 50 meter.<\/p>\n<p>Den er kompatibel med RISCO Cloud via VUpoint NVR og tilbyr robust beskyttelse med IP67-sertifisering.<\/p>","protected":false},"featured_media":138445,"template":"","meta":{"_acf_changed":false},"product_brand":[],"product_cat":[3192],"product_tag":[],"class_list":{"0":"post-90177","1":"product","2":"type-product","3":"status-publish","4":"has-post-thumbnail","6":"product_cat-risco-ip-kamera","7":"product_shipping_class-tunga-paket","8":"pa_brands-4risco","9":"tm-no-options","11":"first","12":"instock","13":"sale","14":"taxable","15":"shipping-taxable","16":"purchasable","17":"product-type-simple"},"acf":[],"_links":{"self":[{"href":"https:\/\/secureus.se\/no\/wp-json\/wp\/v2\/product\/90177","targetHints":{"allow":["GET"]}}],"collection":[{"href":"https:\/\/secureus.se\/no\/wp-json\/wp\/v2\/product"}],"about":[{"href":"https:\/\/secureus.se\/no\/wp-json\/wp\/v2\/types\/product"}],"wp:featuredmedia":[{"embeddable":true,"href":"https:\/\/secureus.se\/no\/wp-json\/wp\/v2\/media\/138445"}],"wp:attachment":[{"href":"https:\/\/secureus.se\/no\/wp-json\/wp\/v2\/media?parent=90177"}],"wp:term":[{"taxonomy":"product_brand","embeddable":true,"href":"https:\/\/secureus.se\/no\/wp-json\/wp\/v2\/product_brand?post=90177"},{"taxonomy":"product_cat","embeddable":true,"href":"https:\/\/secureus.se\/no\/wp-json\/wp\/v2\/product_cat?post=90177"},{"taxonomy":"product_tag","embeddable":true,"href":"https:\/\/secureus.se\/no\/wp-json\/wp\/v2\/product_tag?post=90177"}],"curies":[{"name":"wp","href":"https:\/\/api.w.org\/{rel}","templated":true}]}}