{"id":90179,"date":"2024-03-12T10:37:30","date_gmt":"2024-03-12T09:37:30","guid":{"rendered":"https:\/\/secureus.se\/?post_type=product&#038;p=90179"},"modified":"2026-01-06T21:07:41","modified_gmt":"2026-01-06T20:07:41","slug":"risco-poe-4mp-x25-ptz-camera","status":"publish","type":"product","link":"https:\/\/secureus.se\/no\/risco-poe-4mp-x25-ptz-camera\/","title":{"rendered":"Risco PoE 4MP X25 PTZ-kamera"},"content":{"rendered":"<h1>Risco PoE 4MP X25 PTZ-kamera<\/h1>\n<p data-start=\"362\" data-end=\"848\">Risco PoE 4MP X25 PTZ-kameraet tilbyr en avansert videooverv\u00e5kingsl\u00f8sning med sin 4-megapiksel STARVIS CMOS-bildesensor, som gir utmerket bildekvalitet selv under vanskelige lysforhold.<\/p>\n<p data-start=\"362\" data-end=\"848\">Kameraet tilbyr IR-siktbarhet p\u00e5 opptil 100 meter og en justerbar brennvidde mellom 4,8 mm og 120 mm for \u00e5 fange et bredt eller detaljert synsfelt avhengig av behov.<\/p>\n<p data-start=\"362\" data-end=\"848\">Med WDR (Wide Dynamic Range) p\u00e5 120 dB er bildene sikret klare selv i svakt eller sterkt lys.<\/p>\n<p data-start=\"850\" data-end=\"1161\">For installasjon kobles kameraet til en ruter eller PoE+-port via Ethernet-kabel, men hvis PoE+ ikke brukes, m\u00e5 kameraet drives med en passende str\u00f8madapter.<\/p>\n<p data-start=\"850\" data-end=\"1161\">Kameraet er ogs\u00e5 kompatibelt med RISCO Cloud via VUpoint NVR og kan konfigureres som et \u00abRISCO Pro\u00bb-kamera for enkel tilkobling og administrasjon.<\/p>\n<p data-start=\"1163\" data-end=\"1400\">Den er IP66-sertifisert, noe som gj\u00f8r den vannavst\u00f8tende og st\u00f8vtett, og derfor perfekt for b\u00e5de innend\u00f8rs og utend\u00f8rs bruk.<\/p>\n<p data-start=\"1163\" data-end=\"1400\">Med PTZ-funksjonalitet kan kameraet panorere, vippe og zoome for \u00e5 gi fleksibel og tilpassbar overv\u00e5king.<\/p>\n<p data-start=\"1402\" data-end=\"1431\"><strong data-start=\"1402\" data-end=\"1431\">Tekniske spesifikasjoner:<\/strong><\/p>\n<ul data-start=\"1432\" data-end=\"1906\">\n<li data-start=\"1432\" data-end=\"1453\">\n<p data-start=\"1434\" data-end=\"1453\">Modell: RVCM82E2500<\/p>\n<\/li>\n<li data-start=\"1454\" data-end=\"1487\">\n<p data-start=\"1456\" data-end=\"1487\">Bildesensor: 1\/2,8\u201d STARVIS CMOS<\/p>\n<\/li>\n<li data-start=\"1488\" data-end=\"1511\">\n<p data-start=\"1490\" data-end=\"1511\">IR-avstand: 100 meter<\/p>\n<\/li>\n<li data-start=\"1512\" data-end=\"1552\">\n<p data-start=\"1514\" data-end=\"1552\">Brennvidde: 4,8 mm \u2013 120 mm (justerbar)<\/p>\n<\/li>\n<li data-start=\"1553\" data-end=\"1587\">\n<p data-start=\"1555\" data-end=\"1587\">WDR: 120 dB (bredt dynamisk omr\u00e5de)<\/p>\n<\/li>\n<li data-start=\"1588\" data-end=\"1639\">\n<p data-start=\"1590\" data-end=\"1639\">Fastvareoppgradering: Via kameraets webgrensesnitt<\/p>\n<\/li>\n<li data-start=\"1640\" data-end=\"1676\">\n<p data-start=\"1642\" data-end=\"1676\">Str\u00f8mforsyning: 12V\/3A DC \/ POE+<\/p>\n<\/li>\n<li data-start=\"1677\" data-end=\"1716\">\n<p data-start=\"1679\" data-end=\"1716\">Str\u00f8mforbruk: 13 W (21 W med IR p\u00e5)<\/p>\n<\/li>\n<li data-start=\"1717\" data-end=\"1794\">\n<p data-start=\"1719\" data-end=\"1794\">Driftsforhold: -40 \u00b0C til 70 \u00b0C (-40 \u00b0F til 158 \u00b0F), \u2264 95% luftfuktighet<\/p>\n<\/li>\n<li data-start=\"1795\" data-end=\"1838\">\n<p data-start=\"1797\" data-end=\"1838\">Beskyttelse: IP66 (vanntett og st\u00f8vtett)<\/p>\n<\/li>\n<li data-start=\"1839\" data-end=\"1874\">\n<p data-start=\"1841\" data-end=\"1874\">Funksjoner: PTZ (panorering, tilting, zoom)<\/p>\n<\/li>\n<li data-start=\"1875\" data-end=\"1906\">\n<p data-start=\"1877\" data-end=\"1906\">Lagring: Micro SD, maks. 256 GB<\/p>\n<\/li>\n<\/ul>","protected":false},"excerpt":{"rendered":"<p>Risco PoE 4MP X25 PTZ-kameraet er et kraftig sikkerhetskamera med en 4-megapiksel STARVIS CMOS-sensor, IR-sikt opptil 100 meter og PTZ-funksjonalitet (panorering, tilt, zoom).<\/p>\n<p>Kameraet er IP66-sertifisert og kompatibelt med RISCO Cloud via VUpoint NVR.<\/p>","protected":false},"featured_media":138422,"template":"","meta":{"_acf_changed":false},"product_brand":[],"product_cat":[3192],"product_tag":[],"class_list":{"0":"post-90179","1":"product","2":"type-product","3":"status-publish","4":"has-post-thumbnail","6":"product_cat-risco-ip-kamera","7":"product_shipping_class-tunga-paket","8":"pa_brands-4risco","9":"tm-no-options","11":"first","12":"onbackorder","13":"sale","14":"taxable","15":"shipping-taxable","16":"purchasable","17":"product-type-simple"},"acf":[],"_links":{"self":[{"href":"https:\/\/secureus.se\/no\/wp-json\/wp\/v2\/product\/90179","targetHints":{"allow":["GET"]}}],"collection":[{"href":"https:\/\/secureus.se\/no\/wp-json\/wp\/v2\/product"}],"about":[{"href":"https:\/\/secureus.se\/no\/wp-json\/wp\/v2\/types\/product"}],"wp:featuredmedia":[{"embeddable":true,"href":"https:\/\/secureus.se\/no\/wp-json\/wp\/v2\/media\/138422"}],"wp:attachment":[{"href":"https:\/\/secureus.se\/no\/wp-json\/wp\/v2\/media?parent=90179"}],"wp:term":[{"taxonomy":"product_brand","embeddable":true,"href":"https:\/\/secureus.se\/no\/wp-json\/wp\/v2\/product_brand?post=90179"},{"taxonomy":"product_cat","embeddable":true,"href":"https:\/\/secureus.se\/no\/wp-json\/wp\/v2\/product_cat?post=90179"},{"taxonomy":"product_tag","embeddable":true,"href":"https:\/\/secureus.se\/no\/wp-json\/wp\/v2\/product_tag?post=90179"}],"curies":[{"name":"wp","href":"https:\/\/api.w.org\/{rel}","templated":true}]}}