{"id":90183,"date":"2024-03-12T10:37:30","date_gmt":"2024-03-12T09:37:30","guid":{"rendered":"https:\/\/secureus.se\/?post_type=product&#038;p=90183"},"modified":"2025-12-31T21:03:06","modified_gmt":"2025-12-31T20:03:06","slug":"risco-vupoint-nvr-poe-4-channel","status":"publish","type":"product","link":"https:\/\/secureus.se\/no\/risco-vupoint-nvr-poe-4-channel\/","title":{"rendered":"Risco VUPoint NVR PoE 4-kanals"},"content":{"rendered":"<h1>Risco VUPoint NVR PoE 4-kanals<\/h1>\n<p data-start=\"339\" data-end=\"736\">Risco VUPoint NVR PoE 4-kanals enhet er en kompakt og kraftig videooverv\u00e5kingsl\u00f8sning som st\u00f8tter opptil 4 PoE-kompatible kameraer.<\/p>\n<p data-start=\"339\" data-end=\"736\">Enheten er designet for \u00e5 gi enkel tilkobling og str\u00f8mforsyning til PoE-kameraer og sikrer stabil og p\u00e5litelig drift.<\/p>\n<p data-start=\"339\" data-end=\"736\">Lagring skjer via en intern SATA III-port som st\u00f8tter opptil 6 TB kapasitet (harddisk selges separat).<\/p>\n<p data-start=\"738\" data-end=\"1046\">Med et str\u00f8mforbruk p\u00e5 mindre enn 7,5 W uten harddisk og st\u00f8tte for PoE (maks. 25,5 W per port og totalt 50 W for 4-kanalsversjonen), er den energieffektiv.<\/p>\n<p data-start=\"738\" data-end=\"1046\">Enheten er CE-sertifisert og kan brukes i et bredt temperaturomr\u00e5de fra -10 \u00b0C til +55 \u00b0C, noe som gj\u00f8r den egnet for b\u00e5de innend\u00f8rs og utend\u00f8rs bruk.<\/p>\n<p data-start=\"1048\" data-end=\"1077\"><strong data-start=\"1048\" data-end=\"1077\">Tekniske spesifikasjoner:<\/strong><\/p>\n<ul data-start=\"1078\" data-end=\"1682\">\n<li data-start=\"1078\" data-end=\"1111\">\n<p data-start=\"1080\" data-end=\"1111\">Modell: RVNVR04002QB (4-kanals)<\/p>\n<\/li>\n<li data-start=\"1112\" data-end=\"1164\">\n<p data-start=\"1114\" data-end=\"1164\">Lagring: Intern harddisk, opptil 6 TB (SATA III-port)<\/p>\n<\/li>\n<li data-start=\"1165\" data-end=\"1182\">\n<p data-start=\"1167\" data-end=\"1182\">HDD-modus: Enkel<\/p>\n<\/li>\n<li data-start=\"1183\" data-end=\"1213\">\n<p data-start=\"1185\" data-end=\"1213\">Str\u00f8mforsyning: DC48V\/1.5A<\/p>\n<\/li>\n<li data-start=\"1214\" data-end=\"1310\">\n<p data-start=\"1216\" data-end=\"1233\">Str\u00f8mforbruk:<\/p>\n<ul data-start=\"1237\" data-end=\"1310\">\n<li data-start=\"1237\" data-end=\"1269\">\n<p data-start=\"1239\" data-end=\"1269\">4-kanals NVR: &lt;7,5 W (uten harddisk)<\/p>\n<\/li>\n<li data-start=\"1273\" data-end=\"1310\">\n<p data-start=\"1275\" data-end=\"1310\">PoE: Maks. 25,5 W per port, totalt 50 W<\/p>\n<\/li>\n<\/ul>\n<\/li>\n<li data-start=\"1311\" data-end=\"1382\">\n<p data-start=\"1313\" data-end=\"1382\">Driftsforhold: -10 \u00b0C til +55 \u00b0C (+14 \u00b0F til +131 \u00b0F), 86 ~ 106 kPa<\/p>\n<\/li>\n<li data-start=\"1383\" data-end=\"1454\">\n<p data-start=\"1385\" data-end=\"1454\">Lagringsforhold: -20 \u00b0C til +70 \u00b0C (-4 \u00b0F til +158 \u00b0F), 0 ~ 90% RF<\/p>\n<\/li>\n<li data-start=\"1455\" data-end=\"1597\">\n<p data-start=\"1457\" data-end=\"1462\">M\u00e5le:<\/p>\n<ul data-start=\"1466\" data-end=\"1597\">\n<li data-start=\"1466\" data-end=\"1525\">\n<p data-start=\"1468\" data-end=\"1525\">4-kanaler: 204,6 mm x 204,6 mm x 45,6 mm (8,1 x 8,1 x 1,8 tommer)<\/p>\n<\/li>\n<li data-start=\"1529\" data-end=\"1561\">\n<p data-start=\"1531\" data-end=\"1561\">Nettovekt: 0,45 kg (uten harddisk)<\/p>\n<\/li>\n<li data-start=\"1565\" data-end=\"1597\">\n<p data-start=\"1567\" data-end=\"1597\">Bruttovekt: 1,5 kg (uten harddisk)<\/p>\n<\/li>\n<\/ul>\n<\/li>\n<li data-start=\"1598\" data-end=\"1682\">\n<p data-start=\"1600\" data-end=\"1682\">Sertifisering: CE EN55032, EN55024, EN50130-4, EN60950-1, FCC del 15 underdel B<\/p>\n<\/li>\n<\/ul>","protected":false},"excerpt":{"rendered":"<p>Risco VUPoint NVR PoE 4-kanalsenheten er designet for \u00e5 drive PoE-kompatible kameraer og tilbyr effektiv lagring via en intern SATA III-port (opptil 6 TB).<\/p>\n<p>Perfekt for bruk med PoE-kameraer for videooverv\u00e5king.<\/p>","protected":false},"featured_media":138320,"template":"","meta":{"_acf_changed":false},"product_brand":[],"product_cat":[3250],"product_tag":[],"class_list":{"0":"post-90183","1":"product","2":"type-product","3":"status-publish","4":"has-post-thumbnail","6":"product_cat-risco-nvr","7":"product_shipping_class-tunga-paket","8":"pa_brands-4risco","9":"tm-no-options","11":"first","12":"instock","13":"sale","14":"taxable","15":"shipping-taxable","16":"purchasable","17":"product-type-simple"},"acf":[],"_links":{"self":[{"href":"https:\/\/secureus.se\/no\/wp-json\/wp\/v2\/product\/90183","targetHints":{"allow":["GET"]}}],"collection":[{"href":"https:\/\/secureus.se\/no\/wp-json\/wp\/v2\/product"}],"about":[{"href":"https:\/\/secureus.se\/no\/wp-json\/wp\/v2\/types\/product"}],"wp:featuredmedia":[{"embeddable":true,"href":"https:\/\/secureus.se\/no\/wp-json\/wp\/v2\/media\/138320"}],"wp:attachment":[{"href":"https:\/\/secureus.se\/no\/wp-json\/wp\/v2\/media?parent=90183"}],"wp:term":[{"taxonomy":"product_brand","embeddable":true,"href":"https:\/\/secureus.se\/no\/wp-json\/wp\/v2\/product_brand?post=90183"},{"taxonomy":"product_cat","embeddable":true,"href":"https:\/\/secureus.se\/no\/wp-json\/wp\/v2\/product_cat?post=90183"},{"taxonomy":"product_tag","embeddable":true,"href":"https:\/\/secureus.se\/no\/wp-json\/wp\/v2\/product_tag?post=90183"}],"curies":[{"name":"wp","href":"https:\/\/api.w.org\/{rel}","templated":true}]}}