{"id":90185,"date":"2024-03-12T10:37:30","date_gmt":"2024-03-12T09:37:30","guid":{"rendered":"https:\/\/secureus.se\/?post_type=product&#038;p=90185"},"modified":"2025-12-31T21:03:12","modified_gmt":"2025-12-31T20:03:12","slug":"risco-vupoint-nvr-poe-8-channel","status":"publish","type":"product","link":"https:\/\/secureus.se\/no\/risco-vupoint-nvr-poe-8-channel\/","title":{"rendered":"Risco VUPoint NVR PoE 8 Channel"},"content":{"rendered":"<h1>Risco VUPoint NVR PoE 8 Channel<\/h1>\n<p data-start=\"323\" data-end=\"609\">Risco VUPoint NVR PoE 8-kanals enhet gir en effektiv og p\u00e5litelig l\u00f8sning for h\u00e5ndtering av videooverv\u00e5king.<\/p>\n<p data-start=\"323\" data-end=\"609\">Den kan drive opptil 8 PoE-kompatible kameraer og tilbyr lagring via en intern SATA III-port med opptil 6 TB kapasitet (harddisk selges separat).<\/p>\n<p data-start=\"611\" data-end=\"928\">Enheten har et str\u00f8mforbruk p\u00e5 mindre enn 8,3 W uten harddisk og tilbyr PoE-st\u00f8tte med opptil 25,5 W per port og totalt 80 W for 8-kanalsversjonen.<\/p>\n<p data-start=\"611\" data-end=\"928\">Risco VUPoint NVR er designet for \u00e5 fungere i et bredt temperaturomr\u00e5de fra -10 \u00b0C til +55 \u00b0C, noe som gj\u00f8r den egnet for b\u00e5de innend\u00f8rs og utend\u00f8rs installasjoner.<\/p>\n<p data-start=\"930\" data-end=\"1192\">Med et kompakt design og robust konstruksjon er denne enheten sertifisert for sikker bruk og oppfyller CE- og FCC-krav.<\/p>\n<p data-start=\"930\" data-end=\"1192\">Lagringsplassen kan enkelt utvides ved \u00e5 koble til en harddisk p\u00e5 opptil 6 TB, noe som gj\u00f8r den ideell for store sikkerhetsinstallasjoner.<\/p>\n<p data-start=\"1194\" data-end=\"1223\"><strong data-start=\"1194\" data-end=\"1223\">Tekniske spesifikasjoner:<\/strong><\/p>\n<ul data-start=\"1224\" data-end=\"1834\">\n<li data-start=\"1224\" data-end=\"1246\">\n<p data-start=\"1226\" data-end=\"1246\">Modell: RVNVR08002QB<\/p>\n<\/li>\n<li data-start=\"1247\" data-end=\"1276\">\n<p data-start=\"1249\" data-end=\"1276\">Antall kanaler: 8-kanals NVR<\/p>\n<\/li>\n<li data-start=\"1277\" data-end=\"1348\">\n<p data-start=\"1279\" data-end=\"1348\">Lagring: Intern SATA III-port, opptil 6 TB (harddisk selges separat)<\/p>\n<\/li>\n<li data-start=\"1349\" data-end=\"1379\">\n<p data-start=\"1351\" data-end=\"1379\">Str\u00f8mforsyning: DC48V\/1.5A<\/p>\n<\/li>\n<li data-start=\"1380\" data-end=\"1476\">\n<p data-start=\"1382\" data-end=\"1399\">Str\u00f8mforbruk:<\/p>\n<ul data-start=\"1403\" data-end=\"1476\">\n<li data-start=\"1403\" data-end=\"1435\">\n<p data-start=\"1405\" data-end=\"1435\">8-kanals NVR: &lt;8,3 W (uten harddisk)<\/p>\n<\/li>\n<li data-start=\"1439\" data-end=\"1476\">\n<p data-start=\"1441\" data-end=\"1476\">PoE: Maks. 25,5 W per port, totalt 80 W<\/p>\n<\/li>\n<\/ul>\n<\/li>\n<li data-start=\"1477\" data-end=\"1556\">\n<p data-start=\"1479\" data-end=\"1556\">Driftsforhold: -10 \u00b0C til +55 \u00b0C (+14 \u00b0F til +131 \u00b0F), \u2264 95% luftfuktighet<\/p>\n<\/li>\n<li data-start=\"1557\" data-end=\"1628\">\n<p data-start=\"1559\" data-end=\"1628\">Lagringsforhold: -20 \u00b0C til +70 \u00b0C (-4 \u00b0F til +158 \u00b0F), 0 ~ 90% RF<\/p>\n<\/li>\n<li data-start=\"1629\" data-end=\"1683\">\n<p data-start=\"1631\" data-end=\"1683\">M\u00e5l: 270 mm x 204,7 mm x 45,7 mm (10,6 x 8,1 x 1,8 tommer)<\/p>\n<\/li>\n<li data-start=\"1684\" data-end=\"1716\">\n<p data-start=\"1686\" data-end=\"1716\">Nettovekt: 0,65 kg (uten harddisk)<\/p>\n<\/li>\n<li data-start=\"1717\" data-end=\"1749\">\n<p data-start=\"1719\" data-end=\"1749\">Bruttovekt: 1,8 kg (uten harddisk)<\/p>\n<\/li>\n<li data-start=\"1750\" data-end=\"1834\">\n<p data-start=\"1752\" data-end=\"1834\">Sertifisering: CE EN55032, EN55024, EN50130-4, EN60950-1, FCC del 15 underdel B<\/p>\n<\/li>\n<\/ul>","protected":false},"excerpt":{"rendered":"<p>Risco VUPoint NVR PoE 8-kanals enhet er en kraftig videooverv\u00e5kingsl\u00f8sning, designet for \u00e5 drive PoE-kompatible kameraer og tilby opptil 6 TB lagringsplass via SATA III-porten.<\/p>\n<p>Harddisk selges separat.<\/p>\n<div id=\"gtx-trans\" style=\"position: absolute;left: 120px;top: 106.391px\">\n<div class=\"gtx-trans-icon\"><\/div>\n<\/div>","protected":false},"featured_media":138320,"template":"","meta":{"_acf_changed":false},"product_brand":[],"product_cat":[3250],"product_tag":[],"class_list":{"0":"post-90185","1":"product","2":"type-product","3":"status-publish","4":"has-post-thumbnail","6":"product_cat-risco-nvr","7":"product_shipping_class-tunga-paket","8":"pa_brands-4risco","9":"tm-no-options","11":"first","12":"outofstock","13":"sale","14":"taxable","15":"shipping-taxable","16":"purchasable","17":"product-type-simple"},"acf":[],"_links":{"self":[{"href":"https:\/\/secureus.se\/no\/wp-json\/wp\/v2\/product\/90185","targetHints":{"allow":["GET"]}}],"collection":[{"href":"https:\/\/secureus.se\/no\/wp-json\/wp\/v2\/product"}],"about":[{"href":"https:\/\/secureus.se\/no\/wp-json\/wp\/v2\/types\/product"}],"wp:featuredmedia":[{"embeddable":true,"href":"https:\/\/secureus.se\/no\/wp-json\/wp\/v2\/media\/138320"}],"wp:attachment":[{"href":"https:\/\/secureus.se\/no\/wp-json\/wp\/v2\/media?parent=90185"}],"wp:term":[{"taxonomy":"product_brand","embeddable":true,"href":"https:\/\/secureus.se\/no\/wp-json\/wp\/v2\/product_brand?post=90185"},{"taxonomy":"product_cat","embeddable":true,"href":"https:\/\/secureus.se\/no\/wp-json\/wp\/v2\/product_cat?post=90185"},{"taxonomy":"product_tag","embeddable":true,"href":"https:\/\/secureus.se\/no\/wp-json\/wp\/v2\/product_tag?post=90185"}],"curies":[{"name":"wp","href":"https:\/\/api.w.org\/{rel}","templated":true}]}}