{"id":90360,"date":"2024-03-15T09:44:28","date_gmt":"2024-03-15T08:44:28","guid":{"rendered":"https:\/\/secureus.se\/?post_type=product&#038;p=90360"},"modified":"2026-03-25T15:33:49","modified_gmt":"2026-03-25T14:33:49","slug":"cylinderring-659m-16-21mm-oval-multi-f9-rostfritt-utseende","status":"publish","type":"product","link":"https:\/\/secureus.se\/no\/cylinderring-659m-16-21mm-oval-multi-f9-rostfritt-utseende\/","title":{"rendered":"Sylinderring 659M 16-21mm Oval Multi F9 Rustfritt utseende"},"content":{"rendered":"<div>HOPPE Sylinderring 659M er tilpasset oval sylinder for d\u00f8rer med l\u00e5skroppstypemodul eller noen innvendige d\u00f8rl\u00e5ser. Tilgjengelig i flere 3 st\u00f8rrelser. H\u00f8yden p\u00e5 sylinderringene og lengden p\u00e5 skruen bestemmes av tykkelsen p\u00e5 d\u00f8ren og plasseringen av l\u00e5sehuset. 659M er inkludert i Sylindertilbeh\u00f8r kan kombineres med, Knott 42FIS Module, Dekkplate 59F eller Sylinderring 59F for innside.<\/div>\n<div><b><br \/>Kjennetegn:<\/b><\/div>\n<div>\n<ul>\n<li>For montering sammen med oval ensylinder<\/li>\n<li>Tilgjengelig i st\u00f8rrelsene: 6-11, 11-16 og 16-21 mm (utstikkende sylinder)<\/li>\n<li>Materiale: Aluminium<\/li>\n<\/ul>\n<\/div>","protected":false},"excerpt":{"rendered":"<p>HOPPE Sylinderring 659M er tilpasset oval sylinder for d\u00f8rer med l\u00e5skroppstypemodul eller noen innvendige d\u00f8rl\u00e5ser. Tilgjengelig i flere 3 st\u00f8rrelser. H\u00f8yde p\u00e5 sylinderringer og lengde p\u00e5 skrue bestemmes<\/p>","protected":false},"featured_media":145960,"template":"","meta":{"_acf_changed":false},"product_brand":[],"product_cat":[3254],"product_tag":[],"class_list":{"0":"post-90360","1":"product","2":"type-product","3":"status-publish","4":"has-post-thumbnail","6":"product_cat-cylinderringar","7":"product_shipping_class-postnord-varubrev","8":"pa_brands-hoppe","9":"tm-no-options","11":"first","12":"instock","13":"sale","14":"taxable","15":"shipping-taxable","16":"purchasable","17":"product-type-simple"},"acf":[],"_links":{"self":[{"href":"https:\/\/secureus.se\/no\/wp-json\/wp\/v2\/product\/90360","targetHints":{"allow":["GET"]}}],"collection":[{"href":"https:\/\/secureus.se\/no\/wp-json\/wp\/v2\/product"}],"about":[{"href":"https:\/\/secureus.se\/no\/wp-json\/wp\/v2\/types\/product"}],"wp:featuredmedia":[{"embeddable":true,"href":"https:\/\/secureus.se\/no\/wp-json\/wp\/v2\/media\/145960"}],"wp:attachment":[{"href":"https:\/\/secureus.se\/no\/wp-json\/wp\/v2\/media?parent=90360"}],"wp:term":[{"taxonomy":"product_brand","embeddable":true,"href":"https:\/\/secureus.se\/no\/wp-json\/wp\/v2\/product_brand?post=90360"},{"taxonomy":"product_cat","embeddable":true,"href":"https:\/\/secureus.se\/no\/wp-json\/wp\/v2\/product_cat?post=90360"},{"taxonomy":"product_tag","embeddable":true,"href":"https:\/\/secureus.se\/no\/wp-json\/wp\/v2\/product_tag?post=90360"}],"curies":[{"name":"wp","href":"https:\/\/api.w.org\/{rel}","templated":true}]}}