{"id":90378,"date":"2024-03-15T09:44:28","date_gmt":"2024-03-15T08:44:28","guid":{"rendered":"https:\/\/secureus.se\/?post_type=product&#038;p=90378"},"modified":"2026-03-25T15:39:16","modified_gmt":"2026-03-25T14:39:16","slug":"cylinderring-59m-13mm-oval-f1-silver","status":"publish","type":"product","link":"https:\/\/secureus.se\/no\/cylinderring-59m-13mm-oval-f1-silver\/","title":{"rendered":"Sylinderring 59M 13mm Oval F1 S\u00f8lv"},"content":{"rendered":"<div>HOPPE Sylinderring 59M er tilpasset oval sylinder for d\u00f8rer med l\u00e5shustypemodul eller enkelte innvendige d\u00f8rl\u00e5ser. Tilgjengelig i flere forskjellige st\u00f8rrelser. H\u00f8yden p\u00e5 sylinderringene og lengden p\u00e5 skruen bestemmes av tykkelsen p\u00e5 d\u00f8ren og plasseringen av l\u00e5sehuset. 59M er inkludert i Sylindertilbeh\u00f8r Oval-Knopp og kan ogs\u00e5 kombineres med Dekkplate 59F eller Sylinderring 59F for innsiden.<\/div>\n<div><b><br \/>Kjennetegn:<\/b><\/div>\n<div>\n<ul>\n<li>For montering sammen med oval ensylinder<\/li>\n<li>Tilgjengelig i st\u00f8rrelse: 6, 8, 11, 13, 16, 18 mm<\/li>\n<li>Materiale: Aluminium<\/li>\n<\/ul>\n<\/div>","protected":false},"excerpt":{"rendered":"<p>HOPPE Sylinderring 59M er tilpasset oval sylinder for d\u00f8rer med l\u00e5shustypemodul eller enkelte innvendige d\u00f8rl\u00e5ser. Tilgjengelig i flere forskjellige st\u00f8rrelser. H\u00f8yde p\u00e5 sylinderringer og lengde p\u00e5 skrue bestemmes<\/p>","protected":false},"featured_media":137907,"template":"","meta":{"_acf_changed":false},"product_brand":[],"product_cat":[3254],"product_tag":[],"class_list":{"0":"post-90378","1":"product","2":"type-product","3":"status-publish","4":"has-post-thumbnail","6":"product_cat-cylinderringar","7":"product_shipping_class-postnord-varubrev","8":"pa_brands-hoppe","9":"tm-no-options","11":"first","12":"instock","13":"sale","14":"taxable","15":"shipping-taxable","16":"purchasable","17":"product-type-simple"},"acf":[],"_links":{"self":[{"href":"https:\/\/secureus.se\/no\/wp-json\/wp\/v2\/product\/90378","targetHints":{"allow":["GET"]}}],"collection":[{"href":"https:\/\/secureus.se\/no\/wp-json\/wp\/v2\/product"}],"about":[{"href":"https:\/\/secureus.se\/no\/wp-json\/wp\/v2\/types\/product"}],"wp:featuredmedia":[{"embeddable":true,"href":"https:\/\/secureus.se\/no\/wp-json\/wp\/v2\/media\/137907"}],"wp:attachment":[{"href":"https:\/\/secureus.se\/no\/wp-json\/wp\/v2\/media?parent=90378"}],"wp:term":[{"taxonomy":"product_brand","embeddable":true,"href":"https:\/\/secureus.se\/no\/wp-json\/wp\/v2\/product_brand?post=90378"},{"taxonomy":"product_cat","embeddable":true,"href":"https:\/\/secureus.se\/no\/wp-json\/wp\/v2\/product_cat?post=90378"},{"taxonomy":"product_tag","embeddable":true,"href":"https:\/\/secureus.se\/no\/wp-json\/wp\/v2\/product_tag?post=90378"}],"curies":[{"name":"wp","href":"https:\/\/api.w.org\/{rel}","templated":true}]}}