{"id":90391,"date":"2024-03-15T09:44:29","date_gmt":"2024-03-15T08:44:29","guid":{"rendered":"https:\/\/secureus.se\/?post_type=product&#038;p=90391"},"modified":"2026-04-08T15:49:38","modified_gmt":"2026-04-08T13:49:38","slug":"cylinderring-790-13mm-rund-f1-silver","status":"publish","type":"product","link":"https:\/\/secureus.se\/no\/cylinderring-790-13mm-rund-f1-silver\/","title":{"rendered":"Sylinderring 790 13mm Rund F1 S\u00f8lv"},"content":{"rendered":"<p>\nHOPPE Sylinderring 790 er en sylinderring for runde sylindre for d\u00f8rer med l\u00e5shustypemodul. H\u00f8yden p\u00e5 sylinderringene og lengden p\u00e5 skruen bestemmes av tykkelsen p\u00e5 d\u00f8ren og plasseringen av l\u00e5sehuset. Monteres sammen med Sylinderhylse 990 p\u00e5 ASSA ABLOY sylindre.<br \/>\n<\/p>\n<div><b><br \/>Kjennetegn:<\/b><\/div>\n<div>\n<ul>\n<li>For montering sammen med rund enkel eller dobbel sylinder<\/li>\n<li>Tilgjengelig i st\u00f8rrelse: 8 og 13 mm (15 mm for Triton\/Neptune)<\/li>\n<li>Materiale: Aluminium<\/li>\n<li>Oppfyller krav til nikkelavsetning - hypoallergen<\/li>\n<\/ul>\n<\/div>","protected":false},"excerpt":{"rendered":"<p>HOPPE Sylinderring 790 er en sylinderring for runde sylindre for d\u00f8rer med l\u00e5shustypemodul. H\u00f8yden p\u00e5 sylinderringene og lengden p\u00e5 skruen bestemmes av tykkelsen p\u00e5 d\u00f8ren og plasseringen av l\u00e5sehuset. Montert<\/p>","protected":false},"featured_media":138280,"template":"","meta":{"_acf_changed":false},"product_brand":[],"product_cat":[3254],"product_tag":[],"class_list":{"0":"post-90391","1":"product","2":"type-product","3":"status-publish","4":"has-post-thumbnail","6":"product_cat-cylinderringar","7":"product_shipping_class-postnord-varubrev","8":"pa_brands-hoppe","9":"tm-no-options","11":"first","12":"instock","13":"sale","14":"taxable","15":"shipping-taxable","16":"purchasable","17":"product-type-simple"},"acf":[],"_links":{"self":[{"href":"https:\/\/secureus.se\/no\/wp-json\/wp\/v2\/product\/90391","targetHints":{"allow":["GET"]}}],"collection":[{"href":"https:\/\/secureus.se\/no\/wp-json\/wp\/v2\/product"}],"about":[{"href":"https:\/\/secureus.se\/no\/wp-json\/wp\/v2\/types\/product"}],"wp:featuredmedia":[{"embeddable":true,"href":"https:\/\/secureus.se\/no\/wp-json\/wp\/v2\/media\/138280"}],"wp:attachment":[{"href":"https:\/\/secureus.se\/no\/wp-json\/wp\/v2\/media?parent=90391"}],"wp:term":[{"taxonomy":"product_brand","embeddable":true,"href":"https:\/\/secureus.se\/no\/wp-json\/wp\/v2\/product_brand?post=90391"},{"taxonomy":"product_cat","embeddable":true,"href":"https:\/\/secureus.se\/no\/wp-json\/wp\/v2\/product_cat?post=90391"},{"taxonomy":"product_tag","embeddable":true,"href":"https:\/\/secureus.se\/no\/wp-json\/wp\/v2\/product_tag?post=90391"}],"curies":[{"name":"wp","href":"https:\/\/api.w.org\/{rel}","templated":true}]}}