{"id":90419,"date":"2024-03-15T09:44:30","date_gmt":"2024-03-15T08:44:30","guid":{"rendered":"https:\/\/secureus.se\/?post_type=product&#038;p=90419"},"modified":"2026-03-25T15:38:13","modified_gmt":"2026-03-25T14:38:13","slug":"cylinderring-6mm-oval-nickel","status":"publish","type":"product","link":"https:\/\/secureus.se\/no\/cylinderring-6mm-oval-nickel\/","title":{"rendered":"Sylinderring 6mm Oval Nikkel"},"content":{"rendered":"<p><b>Beskrivelse:<br \/>\n<\/b><br \/>\nASSA ABLOY Sylinderring for oval sylinder. Tilgjengelig i flere forskjellige st\u00f8rrelser. H\u00f8yden p\u00e5 sylinderringene og lengden p\u00e5 skruen bestemmes av tykkelsen p\u00e5 d\u00f8ren og plasseringen av l\u00e5sehuset. ASSA ABLOY ovale sylinderringer er inkludert i sylindertilbeh\u00f8r 256, 256E, 2356, 9256 og 18256.<\/p>\n<div><\/div>\n<div><b>Kjennetegn:\u00a0<\/b><\/div>\n<div>\n<ul>\n<li>For montering sammen med oval ensylinder<\/li>\n<li>Tilgjengelig i st\u00f8rrelser: 6, 8, 11, 13, 16, 18, 21 og 24 mm<\/li>\n<li>Materiale: Messing<\/li>\n<\/ul>\n<\/div>","protected":false},"excerpt":{"rendered":"<p>Beskrivelse: ASSA ABLOY Sylinderring for oval sylinder. Finnes i flere forskjellige st\u00f8rrelser. H\u00f8yden p\u00e5 sylinderringene og lengden p\u00e5 skruen bestemmes av d\u00f8rens tykkelse og plasseringen av l\u00e5shuset. ASSA ABLOY oval<\/p>","protected":false},"featured_media":137685,"template":"","meta":{"_acf_changed":false},"product_brand":[],"product_cat":[3254],"product_tag":[],"class_list":{"0":"post-90419","1":"product","2":"type-product","3":"status-publish","4":"has-post-thumbnail","6":"product_cat-cylinderringar","7":"product_shipping_class-postnord-varubrev","8":"pa_brands-abloy","9":"tm-no-options","11":"first","12":"instock","13":"taxable","14":"shipping-taxable","15":"purchasable","16":"product-type-simple"},"acf":[],"_links":{"self":[{"href":"https:\/\/secureus.se\/no\/wp-json\/wp\/v2\/product\/90419","targetHints":{"allow":["GET"]}}],"collection":[{"href":"https:\/\/secureus.se\/no\/wp-json\/wp\/v2\/product"}],"about":[{"href":"https:\/\/secureus.se\/no\/wp-json\/wp\/v2\/types\/product"}],"wp:featuredmedia":[{"embeddable":true,"href":"https:\/\/secureus.se\/no\/wp-json\/wp\/v2\/media\/137685"}],"wp:attachment":[{"href":"https:\/\/secureus.se\/no\/wp-json\/wp\/v2\/media?parent=90419"}],"wp:term":[{"taxonomy":"product_brand","embeddable":true,"href":"https:\/\/secureus.se\/no\/wp-json\/wp\/v2\/product_brand?post=90419"},{"taxonomy":"product_cat","embeddable":true,"href":"https:\/\/secureus.se\/no\/wp-json\/wp\/v2\/product_cat?post=90419"},{"taxonomy":"product_tag","embeddable":true,"href":"https:\/\/secureus.se\/no\/wp-json\/wp\/v2\/product_tag?post=90419"}],"curies":[{"name":"wp","href":"https:\/\/api.w.org\/{rel}","templated":true}]}}