{"id":90435,"date":"2024-03-15T09:44:30","date_gmt":"2024-03-15T08:44:30","guid":{"rendered":"https:\/\/secureus.se\/?post_type=product&#038;p=90435"},"modified":"2026-03-25T15:40:38","modified_gmt":"2026-03-25T14:40:38","slug":"cylinderring-8mm-rund-nickel","status":"publish","type":"product","link":"https:\/\/secureus.se\/no\/cylinderring-8mm-rund-nickel\/","title":{"rendered":"Sylinderring 8mm Rund Nikkel"},"content":{"rendered":"<p><b>Beskrivelse:<br \/>\n<\/b><br \/>\nASSA ABLOY Sylinderring for rund sylinder (innvendig og utvendig). Tilgjengelig i flere to st\u00f8rrelser. H\u00f8yden p\u00e5 sylinderringene og lengden p\u00e5 skruen bestemmes av tykkelsen p\u00e5 d\u00f8ren og plasseringen av l\u00e5sehuset. ASSA ABLOY runde sylinderringer er inkludert i Sylindertilbeh\u00f8r 3211 og 3212. Komplett med Sylinderhylse, H\u00f8yfast skrue og sylinderplugger (for Sylindertilbeh\u00f8r 3212)<\/p>\n<div><\/div>\n<div><b>Kjennetegn:\u00a0<\/b><\/div>\n<div>\n<ul>\n<li>For montering sammen med rund sylinder<\/li>\n<li>Tilgjengelig i st\u00f8rrelse: 8 og 13 mm<\/li>\n<li>Materiale: Messing<\/li>\n<\/ul>\n<\/div>","protected":false},"excerpt":{"rendered":"<p>Beskrivelse: ASSA ABLOY Sylinderring for rund sylinder (innvendig og utvendig). Finnes i flere st\u00f8rrelser. H\u00f8yden p\u00e5 sylinderringene og lengden p\u00e5 skruen bestemmes av d\u00f8rens tykkelse og plasseringen av l\u00e5shuset.<\/p>","protected":false},"featured_media":138236,"template":"","meta":{"_acf_changed":false},"product_brand":[],"product_cat":[3254],"product_tag":[],"class_list":{"0":"post-90435","1":"product","2":"type-product","3":"status-publish","4":"has-post-thumbnail","6":"product_cat-cylinderringar","7":"product_shipping_class-postnord-varubrev","8":"pa_brands-abloy","9":"tm-no-options","11":"first","12":"instock","13":"taxable","14":"shipping-taxable","15":"purchasable","16":"product-type-simple"},"acf":[],"_links":{"self":[{"href":"https:\/\/secureus.se\/no\/wp-json\/wp\/v2\/product\/90435","targetHints":{"allow":["GET"]}}],"collection":[{"href":"https:\/\/secureus.se\/no\/wp-json\/wp\/v2\/product"}],"about":[{"href":"https:\/\/secureus.se\/no\/wp-json\/wp\/v2\/types\/product"}],"wp:featuredmedia":[{"embeddable":true,"href":"https:\/\/secureus.se\/no\/wp-json\/wp\/v2\/media\/138236"}],"wp:attachment":[{"href":"https:\/\/secureus.se\/no\/wp-json\/wp\/v2\/media?parent=90435"}],"wp:term":[{"taxonomy":"product_brand","embeddable":true,"href":"https:\/\/secureus.se\/no\/wp-json\/wp\/v2\/product_brand?post=90435"},{"taxonomy":"product_cat","embeddable":true,"href":"https:\/\/secureus.se\/no\/wp-json\/wp\/v2\/product_cat?post=90435"},{"taxonomy":"product_tag","embeddable":true,"href":"https:\/\/secureus.se\/no\/wp-json\/wp\/v2\/product_tag?post=90435"}],"curies":[{"name":"wp","href":"https:\/\/api.w.org\/{rel}","templated":true}]}}