{"id":90474,"date":"2024-03-15T09:44:27","date_gmt":"2024-03-15T08:44:27","guid":{"rendered":"https:\/\/secureus.se\/?post_type=product&#038;p=90474"},"modified":"2026-04-23T12:18:09","modified_gmt":"2026-04-23T10:18:09","slug":"vredskylt-4356-epok-polerad-massing","status":"publish","type":"product","link":"https:\/\/secureus.se\/no\/vredskylt-4356-epok-polerad-massing\/","title":{"rendered":"Urtavle 4356 Epok polert messing"},"content":{"rendered":"<div>ASSA ABLOY 4356 Epok er et roterende skilt og et dekorativt langskilt. Kan kombineres med l\u00e5shus innenfor modull\u00e5sserien (50 &amp; 70 dor) med mellomknappfunksjon (hjemme\/borte), l\u00e5shus type 2000 eller 2002. Festes under trykk og sylindertilbeh\u00f8r. 1950-tallet har allerede g\u00e5tt over i historien som et h\u00f8ydepunkt i svensk design. Her har vi pr\u00f8vd \u00e5 designe i den \u00e5nden. En forsiktig undervurdert eleganse. Moderne, men med r\u00f8tter i v\u00e5r tradisjon, passer den selvsagt til Epok d\u00f8rtrykk 1956 og alle andre trykk og hus med datidens \u00e5nd. Dekkplate er ogs\u00e5 tilgjengelig med samme stil og heter da 4256.<\/div>\n<div><b>\u00a0<\/b><\/div>\n<div><b>Kjennetegn:<\/b><\/div>\n<div>\n<ul>\n<li>For l\u00e5shus med hjemme\/borte-funksjon, type 2000, 2002<\/li>\n<li>Utsparinger for sylinder og presse<\/li>\n<li>For innvendig, tilsvarende dimensjoner og design som dekselskilt 4256<\/li>\n<li>Dekorplaten beskytter d\u00f8rbladet mot slitasje og kan ogs\u00e5 dekke eksisterende skader<\/li>\n<li>Skjult feste (presset av d\u00f8rh\u00e5ndtak og sylindertilbeh\u00f8r)<\/li>\n<li>Bredde: 60 mm<\/li>\n<li>H\u00f8yde: 216 mm<\/li>\n<li>Tykkelse 3 mm<\/li>\n<li>Materiale: Messing<\/li>\n<li>Finnes i flere overflatebehandlinger<\/li>\n<\/ul>\n<\/div>","protected":false},"excerpt":{"rendered":"<p>ASSA ABLOY 4356 Epok er et roterende skilt og et dekorativt langskilt. Kan kombineres med l\u00e5sehus innenfor modull\u00e5sserien (50 &amp; 70 dor) med mellomknappfunksjon (hjemme\/borte), l\u00e5shus type 2000 eller 2002. Festes under trykk og<\/p>","protected":false},"featured_media":145956,"template":"","meta":{"_acf_changed":false},"product_brand":[],"product_cat":[3255],"product_tag":[],"class_list":{"0":"post-90474","1":"product","2":"type-product","3":"status-publish","4":"has-post-thumbnail","6":"product_cat-skyltbehor","7":"product_shipping_class-tunga-paket","8":"pa_brands-abloy","9":"tm-no-options","11":"first","12":"instock","13":"taxable","14":"shipping-taxable","15":"purchasable","16":"product-type-simple"},"acf":[],"_links":{"self":[{"href":"https:\/\/secureus.se\/no\/wp-json\/wp\/v2\/product\/90474","targetHints":{"allow":["GET"]}}],"collection":[{"href":"https:\/\/secureus.se\/no\/wp-json\/wp\/v2\/product"}],"about":[{"href":"https:\/\/secureus.se\/no\/wp-json\/wp\/v2\/types\/product"}],"wp:featuredmedia":[{"embeddable":true,"href":"https:\/\/secureus.se\/no\/wp-json\/wp\/v2\/media\/145956"}],"wp:attachment":[{"href":"https:\/\/secureus.se\/no\/wp-json\/wp\/v2\/media?parent=90474"}],"wp:term":[{"taxonomy":"product_brand","embeddable":true,"href":"https:\/\/secureus.se\/no\/wp-json\/wp\/v2\/product_brand?post=90474"},{"taxonomy":"product_cat","embeddable":true,"href":"https:\/\/secureus.se\/no\/wp-json\/wp\/v2\/product_cat?post=90474"},{"taxonomy":"product_tag","embeddable":true,"href":"https:\/\/secureus.se\/no\/wp-json\/wp\/v2\/product_tag?post=90474"}],"curies":[{"name":"wp","href":"https:\/\/api.w.org\/{rel}","templated":true}]}}