{"id":90609,"date":"2024-03-15T13:35:50","date_gmt":"2024-03-15T12:35:50","guid":{"rendered":"https:\/\/secureus.se\/harddisk-3-5-hdd-2-tb-256-mb-cache\/"},"modified":"2026-05-06T14:14:23","modified_gmt":"2026-05-06T12:14:23","slug":"harddisk-3-5-hdd-2-tb-256-mb-cache","status":"publish","type":"product","link":"https:\/\/secureus.se\/no\/harddisk-3-5-hdd-2-tb-256-mb-cache\/","title":{"rendered":"WD Purple WD23PURZ \u2013 2 TB overv\u00e5kingsharddisk 3,5\u2033 SATA"},"content":{"rendered":"<h3 data-start=\"608\" data-end=\"658\">Overv\u00e5kingsharddisk tilpasset for d\u00f8gndrift<\/h3>\n<p data-start=\"659\" data-end=\"888\">WD Purple WD23PURZ er en 3,5-tommers SATA-harddisk som er spesielt utviklet for videooverv\u00e5king. I motsetning til vanlige stasjon\u00e6re harddisker er den utviklet for konstant skrivebelastning i overv\u00e5kingssystemer som alltid er p\u00e5.<\/p>\n<h3 data-start=\"890\" data-end=\"930\">Stabilt opptak med WD AllFrame\u2122<\/h3>\n<p data-start=\"931\" data-end=\"1139\">Disken har WD AllFrame\u2122-teknologi, som reduserer risikoen for tapte bilder og forbedrer b\u00e5de videoopptak og -avspilling, noe som er viktig i systemer der p\u00e5litelige videodata er kritiske.<\/p>\n<h3 data-start=\"1141\" data-end=\"1173\">Tilpasset for flere kameraer<\/h3>\n<p data-start=\"1174\" data-end=\"1379\">WD23PURZ st\u00f8tter opptil 64 HD-kameraer i et overv\u00e5kingssystem og er egnet for DVR- og NVR-l\u00f8sninger med opptil 8 harddiskplasser. Et godt valg for sm\u00e5 til mellomstore overv\u00e5kingsinstallasjoner.<\/p>\n<h3 data-start=\"1381\" data-end=\"1413\">Bygget for p\u00e5litelighet<\/h3>\n<p data-start=\"1414\" data-end=\"1564\">Med en \u00e5rlig arbeidsbelastning p\u00e5 opptil 180 TB og en MTBF p\u00e5 1 million timer, er harddisken designet for langvarig og stabil drift i krevende milj\u00f8er.<\/p>\n<hr data-start=\"1566\" data-end=\"1569\" \/>\n<h2 data-start=\"1571\" data-end=\"1603\"><strong data-start=\"1574\" data-end=\"1603\">TEKNISKE SPESIFIKASJONER:<\/strong><\/h2>\n<ul data-start=\"1605\" data-end=\"2139\">\n<li data-start=\"1605\" data-end=\"1625\">\n<p data-start=\"1607\" data-end=\"1625\">Modell: WD23PURZ<\/p>\n<\/li>\n<li data-start=\"1626\" data-end=\"1646\">\n<p data-start=\"1628\" data-end=\"1646\">Serie: WD Purple<\/p>\n<\/li>\n<li data-start=\"1647\" data-end=\"1674\">\n<p data-start=\"1649\" data-end=\"1674\">Lagringskapasitet: 2 TB<\/p>\n<\/li>\n<li data-start=\"1675\" data-end=\"1698\">\n<p data-start=\"1677\" data-end=\"1698\">Formfaktor: 3,5 tommer<\/p>\n<\/li>\n<li data-start=\"1699\" data-end=\"1732\">\n<p data-start=\"1701\" data-end=\"1732\">Grensesnitt: SATA III (6 Gb\/s)<\/p>\n<\/li>\n<li data-start=\"1733\" data-end=\"1758\">\n<p data-start=\"1735\" data-end=\"1758\">Hurtigbufferminne: <strong data-start=\"1747\" data-end=\"1756\">64 MB<\/strong><\/p>\n<\/li>\n<li data-start=\"1759\" data-end=\"1785\">\n<p data-start=\"1761\" data-end=\"1785\">Opptaksteknologi: CMR<\/p>\n<\/li>\n<li data-start=\"1786\" data-end=\"1812\">\n<p data-start=\"1788\" data-end=\"1812\">Fastvare: WD AllFrame\u2122<\/p>\n<\/li>\n<li data-start=\"1813\" data-end=\"1850\">\n<p data-start=\"1815\" data-end=\"1850\">Maks antall kameraer: Opptil 64 HD<\/p>\n<\/li>\n<li data-start=\"1851\" data-end=\"1879\">\n<p data-start=\"1853\" data-end=\"1879\">Maksimalt antall vaskeplasser: 8<\/p>\n<\/li>\n<li data-start=\"1880\" data-end=\"1920\">\n<p data-start=\"1882\" data-end=\"1920\">Arbeidsbelastning: Opptil 180 TB\/\u00e5r<\/p>\n<\/li>\n<li data-start=\"1921\" data-end=\"1947\">\n<p data-start=\"1923\" data-end=\"1947\">MTBF: 1 000 000 timer<\/p>\n<\/li>\n<li data-start=\"1948\" data-end=\"1990\">\n<p data-start=\"1950\" data-end=\"1990\">Str\u00f8mforbruk (lese\/skrive): ca. 3,8 W<\/p>\n<\/li>\n<li data-start=\"1991\" data-end=\"2028\">\n<p data-start=\"1993\" data-end=\"2028\">Driftstemperatur: 0 \u00b0C til 65 \u00b0C<\/p>\n<\/li>\n<li data-start=\"2029\" data-end=\"2056\">\n<p data-start=\"2031\" data-end=\"2056\">St\u00f8yniv\u00e5 (inaktiv): 21 dBA<\/p>\n<\/li>\n<li data-start=\"2057\" data-end=\"2100\">\n<p data-start=\"2059\" data-end=\"2100\">M\u00e5l (H x B x D): 26,1 x 101,6 x 147 mm<\/p>\n<\/li>\n<li data-start=\"2101\" data-end=\"2121\">\n<p data-start=\"2103\" data-end=\"2121\">Vekt: ca. 0,45 kg<\/p>\n<\/li>\n<\/ul>","protected":false},"excerpt":{"rendered":"<p>WD Purple WD23PURZ er en overv\u00e5kingsharddisk p\u00e5 2 TB som er designet for kontinuerlig drift d\u00f8gnet rundt. Optimalisert for DVR- og NVR-systemer med flere kameraer, et p\u00e5litelig valg for stabil og sikker videolagring.<\/p>","protected":false},"featured_media":137844,"template":"","meta":{"_acf_changed":false},"product_brand":[],"product_cat":[3261],"product_tag":[],"class_list":{"0":"post-90609","1":"product","2":"type-product","3":"status-publish","4":"has-post-thumbnail","6":"product_cat-hdd-harddisk-3-5","7":"product_shipping_class-tunga-paket","8":"pa_brands-western-digital","9":"tm-no-options","11":"first","12":"outofstock","13":"sale","14":"taxable","15":"shipping-taxable","16":"purchasable","17":"product-type-simple"},"acf":[],"_links":{"self":[{"href":"https:\/\/secureus.se\/no\/wp-json\/wp\/v2\/product\/90609","targetHints":{"allow":["GET"]}}],"collection":[{"href":"https:\/\/secureus.se\/no\/wp-json\/wp\/v2\/product"}],"about":[{"href":"https:\/\/secureus.se\/no\/wp-json\/wp\/v2\/types\/product"}],"wp:featuredmedia":[{"embeddable":true,"href":"https:\/\/secureus.se\/no\/wp-json\/wp\/v2\/media\/137844"}],"wp:attachment":[{"href":"https:\/\/secureus.se\/no\/wp-json\/wp\/v2\/media?parent=90609"}],"wp:term":[{"taxonomy":"product_brand","embeddable":true,"href":"https:\/\/secureus.se\/no\/wp-json\/wp\/v2\/product_brand?post=90609"},{"taxonomy":"product_cat","embeddable":true,"href":"https:\/\/secureus.se\/no\/wp-json\/wp\/v2\/product_cat?post=90609"},{"taxonomy":"product_tag","embeddable":true,"href":"https:\/\/secureus.se\/no\/wp-json\/wp\/v2\/product_tag?post=90609"}],"curies":[{"name":"wp","href":"https:\/\/api.w.org\/{rel}","templated":true}]}}