{"id":90611,"date":"2024-03-15T13:35:50","date_gmt":"2024-03-15T12:35:50","guid":{"rendered":"https:\/\/secureus.se\/harddisk-3-5-hdd-1-tb-256-mb-cache-64-mb-cacheminne\/"},"modified":"2026-03-30T14:28:46","modified_gmt":"2026-03-30T12:28:46","slug":"harddisk-3-5-hdd-1-tb-256-mb-cache-64-mb-cacheminne","status":"publish","type":"product","link":"https:\/\/secureus.se\/no\/harddisk-3-5-hdd-1-tb-256-mb-cache-64-mb-cacheminne\/","title":{"rendered":"Harddisk 3,5&quot; HDD 1 TB SATA \u2013 64 MB hurtigbuffer for smart videooverv\u00e5king"},"content":{"rendered":"<h1>Harddisk 3,5&quot; HDD 1 TB SATA \u2013 64 MB Cache<\/h1>\n<p>Produkth\u00f8ydepunkter<br \/>\n\u2022 Kapasitet opptil 8TB1<br \/>\n\u2022 Designet for vanlige overv\u00e5kingssystemer<br \/>\n\u2022 WD AllFrame\u2122 bidrar til \u00e5 redusere tapte rammer<br \/>\n\u2022 St\u00f8tter opptil 180 TB\/\u00e5r arbeidsbelastning\u2077<br \/>\n\u2022 3 \u00e5rs begrenset garanti9<\/p>\n<h3>PRODUKTBESKRIVELSE OVERV\u00c5KER HARDDISK<\/h3>\n<p>WD Purple\u00ae-harddisker<br \/>\nRiktig harddisk for smart videooverv\u00e5king<br \/>\nWD Purple\u00ae-stasjoner er designet for \u00e5 m\u00f8te utfordringene med 24\u00d77 videooverv\u00e5kingsopptak.<\/p>\n<p>Disse enhetene er spesielt designet for overv\u00e5king for \u00e5 motst\u00e5 de h\u00f8ye temperatursvingningene og utstyrsvibrasjonene i NVR-milj\u00f8er. En gjennomsnittlig stasjon\u00e6r enhet er utformet for \u00e5 kj\u00f8re bare i korte intervaller, ikke det t\u00f8ffe 24\/7 alltid-p\u00e5-milj\u00f8et til et h\u00f8ydefinisjonsoverv\u00e5kingssystem.<\/p>\n<p>Med WD Purple-stasjoner f\u00e5r du p\u00e5litelig lagring i overv\u00e5kingsgrad som er testet for kompatibilitet p\u00e5 tvers av et bredt spekter av sikkerhetssystemer. Eksklusiv WD AllFrame\u2122-teknologi bidrar til \u00e5 redusere rammetap og forbedre den generelle videoavspillingen.<\/p>\n<p>Bransjeledende lagring. Overv\u00e5king du kan stole p\u00e5.<br \/>\nWestern Digital har levert lagring av overv\u00e5kingskvalitet i over et ti\u00e5r.<\/p>\n<p>Med WD Purple\u00ae overv\u00e5kingslagring er stasjonene konstruert for h\u00f8ytemperatur, alltid-p\u00e5 overv\u00e5kingssystemer, slik at du kan stole p\u00e5 kvalitetsvideo n\u00e5r du trenger det mest. WD Purple leverer smart videolagring du kan stole p\u00e5 og st\u00f8ttes av en 3-\u00e5rs begrenset garanti9.<\/p>\n<p>Western Digitals eksklusive WD AllFrame\u2122-teknologi<br \/>\nAlle WD Purple\u00ae-stasjoner er utstyrt med AllFrame\u2122-teknologi, som bidrar til \u00e5 redusere tapte bilder og forbedre videoopptak og -avspilling.<\/p>\n<p>Forbedret arbeidsbelastningsvurdering<br \/>\nWD Purple\u00ae-stasjoner har en arbeidsbelastningsvurdering p\u00e5 opptil 180 TB\/\u00e5r\u2077 \u2013 opptil tre ganger h\u00f8yere enn stasjon\u00e6re stasjoner \u2013 for \u00e5 h\u00e5ndtere de unike kravene til vanlige videooverv\u00e5kings-DVR- og NVR-systemer.<\/p>\n<p>Flere kameraer, flere str\u00f8mmer<br \/>\nMer moderne opptakere st\u00f8tter n\u00e5 flere videostr\u00f8mmer per kamera. WD Purple\u00ae-stasjoner st\u00f8tter opptil 64 enkelt HD-kameraer3.<\/p>\n<p>Med s\u00e5 mange alternativer har du fleksibiliteten til \u00e5 oppgradere eller utvide sikkerhetsapplikasjonene dine i fremtiden.<\/p>\n<p>Designet for p\u00e5litelig drift<br \/>\nKonstruert for p\u00e5litelighet med en MTBF p\u00e5 opptil 1 million timer8 og st\u00f8ttet av en 3-\u00e5rs begrenset garanti9, WD Purple\u00ae-stasjoner har komponenter som er motstandsdyktige mot misfarging11 og st\u00f8tter lagringssystemer med opptil 16 stasjonsbr\u00f8nner12.<\/p>\n<p>WD Purple\u00ae-harddisker er designet med RAID-feilgjenopprettingskontroll for \u00e5 redusere feil i st\u00f8ttede videoopptakere.<\/p>\n<p>Bred kompatibilitet. S\u00f8ml\u00f8s integrering.<br \/>\nWD Purple\u00ae-harddisker er bygget med tanke p\u00e5 kompatibilitet, slik at du raskt og s\u00f8ml\u00f8st kan legge til kapasitet til overv\u00e5kingssystemet.<\/p>\n<p>Med st\u00f8tte for et bredt spekter av industriledende chassis og brikkesett, vil du garantert finne DVR- eller NVR-konfigurasjonen som passer for deg.<\/p>\n<p>Tre \u00e5rs begrenset garanti<br \/>\nSom en bransjeledende harddiskprodusent st\u00e5r Western Digital bak sine overv\u00e5kingslagringsl\u00f8sninger med en 3-\u00e5rs begrenset garanti9 inkludert med hver WD Purple\u00ae-stasjon.<\/p>","protected":false},"excerpt":{"rendered":"<p>WD WD11PURZ Purple Series 1 TB 3,5&quot; harddisk for overv\u00e5king, SATA, 64 MB cache, st\u00f8tte for opptil 64 HD-kameraer<\/p>","protected":false},"featured_media":138007,"template":"","meta":{"_acf_changed":false},"product_brand":[],"product_cat":[3261],"product_tag":[],"class_list":{"0":"post-90611","1":"product","2":"type-product","3":"status-publish","4":"has-post-thumbnail","6":"product_cat-hdd-harddisk-3-5","7":"product_shipping_class-tunga-paket","8":"pa_brands-western-digital","9":"tm-no-options","11":"first","12":"onbackorder","13":"sale","14":"taxable","15":"shipping-taxable","16":"purchasable","17":"product-type-simple"},"acf":[],"_links":{"self":[{"href":"https:\/\/secureus.se\/no\/wp-json\/wp\/v2\/product\/90611","targetHints":{"allow":["GET"]}}],"collection":[{"href":"https:\/\/secureus.se\/no\/wp-json\/wp\/v2\/product"}],"about":[{"href":"https:\/\/secureus.se\/no\/wp-json\/wp\/v2\/types\/product"}],"wp:featuredmedia":[{"embeddable":true,"href":"https:\/\/secureus.se\/no\/wp-json\/wp\/v2\/media\/138007"}],"wp:attachment":[{"href":"https:\/\/secureus.se\/no\/wp-json\/wp\/v2\/media?parent=90611"}],"wp:term":[{"taxonomy":"product_brand","embeddable":true,"href":"https:\/\/secureus.se\/no\/wp-json\/wp\/v2\/product_brand?post=90611"},{"taxonomy":"product_cat","embeddable":true,"href":"https:\/\/secureus.se\/no\/wp-json\/wp\/v2\/product_cat?post=90611"},{"taxonomy":"product_tag","embeddable":true,"href":"https:\/\/secureus.se\/no\/wp-json\/wp\/v2\/product_tag?post=90611"}],"curies":[{"name":"wp","href":"https:\/\/api.w.org\/{rel}","templated":true}]}}