{"id":91091,"date":"2024-04-05T16:21:50","date_gmt":"2024-04-05T14:21:50","guid":{"rendered":"https:\/\/secureus.se\/?post_type=product&#038;p=91091"},"modified":"2026-04-03T12:16:46","modified_gmt":"2026-04-03T10:16:46","slug":"larmdekal-aluminium-2-sjalvhaftande-stor-a5-148x210mm","status":"publish","type":"product","link":"https:\/\/secureus.se\/no\/larmdekal-aluminium-2-sjalvhaftande-stor-a5-148x210mm\/","title":{"rendered":"Alarmklistremerke Aluminium Overv\u00e5ket Selvklebende Stor (A5) 148x210mm"},"content":{"rendered":"<p><em>V\u00e5re alarmdekaler i aluminium er designet for \u00e5 sikre at sikkerheten din er synlig og tydelig, uavhengig av omgivelsene. Disse dekalene er produsert med presisjon for \u00e5 m\u00f8te de krevende forholdene i det skandinaviske klimaet, og er utstyrt med overlegen holdbarhet og spenst. De er designet for \u00e5 t\u00e5le elementene, fra iskaldt til kraftig regn, noe som gj\u00f8r dem ideelle for utend\u00f8rs bruk. Med 3M dobbeltsidig tapet vev p\u00e5 baksiden, tilbyr disse dekalene enkel og p\u00e5litelig montering p\u00e5 en rekke overflater.<\/em><\/p>\n<p>Inspirerende selvtillit, tydelig og langvarig \u2013 det er det v\u00e5re alarmdekaler i aluminium tilbyr for \u00e5 ta sikkerheten til neste niv\u00e5.<\/p>\n<p>Alarmdekaler fungerer som en sterk visuell avskrekkende for potensielle inntrengingsfors\u00f8k.<\/p>\n<p><strong>Robust og slitesterk<\/strong><br \/>\nLaget av h\u00f8ykvalitets aluminium. V\u00e5re alarmdekaler er designet for \u00e5 t\u00e5le b\u00e5de slitasje og temperatur. Du kan v\u00e6re sikker p\u00e5 at de holder seg i topp stand uansett v\u00e6r.<\/p>\n<p>Denne alarmdekalen er like effektiv innend\u00f8rs som utend\u00f8rs. Tilpass til dine spesifikke behov.<\/p>\n<h3>Bruksomr\u00e5der:<\/h3>\n<ul>\n<li><strong>Hjemmet:<\/strong> Beskytt din familie og hjemme ved \u00e5 bruke disse alarmdekalene p\u00e5 alle viktige innganger.<br \/>\n<strong>Selskap:<\/strong> Forbedre sikkerheten p\u00e5 arbeidsplassen din ved \u00e5 gj\u00f8re de mest kritiske omr\u00e5dene synlige for b\u00e5de ansatte og bes\u00f8kende.<br \/>\n<strong>Butikker og bedrifter:<\/strong> Skap et tryggere milj\u00f8 for dine kunder og ansatte ved \u00e5 merke de mest relevante inngangene og utgangene.<\/li>\n<\/ul>\n<h3>Produktspesifikasjoner:<\/h3>\n<ul>\n<li>Materiale: Aluminium<\/li>\n<li>M\u00e5l: 148x210mm<\/li>\n<\/ul>\n<h3>Pakken inkluderer:<\/h3>\n<ul>\n<li>1 stk 148x210mm selvklebende alarmklistremerke i aluminium Hvert klistremerke er en investering i din sikkerhet!<\/li>\n<\/ul>","protected":false},"excerpt":{"rendered":"<p><em>Ekstra stort alarmklistremerke. \u00d8k sikkerheten med v\u00e5re alarmdekaler i aluminium, laget for \u00e5 t\u00e5le t\u00f8ffe skandinaviske klimaforhold. Perfekt for utend\u00f8rs bruk.<\/em><\/p>","protected":false},"featured_media":156018,"template":"","meta":{"_acf_changed":false},"product_brand":[],"product_cat":[1323],"product_tag":[3053],"class_list":{"0":"post-91091","1":"product","2":"type-product","3":"status-publish","4":"has-post-thumbnail","6":"product_cat-larmdekaler","7":"product_tag-nyhet","8":"product_shipping_class-dekaler-skyltar","9":"tm-no-options","11":"first","12":"instock","13":"featured","14":"taxable","15":"shipping-taxable","16":"purchasable","17":"product-type-simple"},"acf":[],"_links":{"self":[{"href":"https:\/\/secureus.se\/no\/wp-json\/wp\/v2\/product\/91091","targetHints":{"allow":["GET"]}}],"collection":[{"href":"https:\/\/secureus.se\/no\/wp-json\/wp\/v2\/product"}],"about":[{"href":"https:\/\/secureus.se\/no\/wp-json\/wp\/v2\/types\/product"}],"wp:featuredmedia":[{"embeddable":true,"href":"https:\/\/secureus.se\/no\/wp-json\/wp\/v2\/media\/156018"}],"wp:attachment":[{"href":"https:\/\/secureus.se\/no\/wp-json\/wp\/v2\/media?parent=91091"}],"wp:term":[{"taxonomy":"product_brand","embeddable":true,"href":"https:\/\/secureus.se\/no\/wp-json\/wp\/v2\/product_brand?post=91091"},{"taxonomy":"product_cat","embeddable":true,"href":"https:\/\/secureus.se\/no\/wp-json\/wp\/v2\/product_cat?post=91091"},{"taxonomy":"product_tag","embeddable":true,"href":"https:\/\/secureus.se\/no\/wp-json\/wp\/v2\/product_tag?post=91091"}],"curies":[{"name":"wp","href":"https:\/\/api.w.org\/{rel}","templated":true}]}}