{"id":91103,"date":"2024-04-05T16:30:32","date_gmt":"2024-04-05T14:30:32","guid":{"rendered":"https:\/\/secureus.se\/larmdekal-dubbelsidig-2-sjalvhaftande-a8-52x74mm\/"},"modified":"2026-04-04T14:31:06","modified_gmt":"2026-04-04T12:31:06","slug":"larmdekal-dubbelsidig-2-sjalvhaftande-a8-52x74mm","status":"publish","type":"product","link":"https:\/\/secureus.se\/no\/larmdekal-dubbelsidig-2-sjalvhaftande-a8-52x74mm\/","title":{"rendered":"Alarmklistremerke Dobbeltsidig overv\u00e5ket selvklebende (A8) - 52x74mm"},"content":{"rendered":"<p>Med dette alarmklistremerket kan du markere dine viktigste inngangspunkter, som vinduer og d\u00f8rer, p\u00e5 en synlig og oversiktlig m\u00e5te. Alarmdekaler fungerer som en sterk visuell avskrekkende for potensielle inntrengingsfors\u00f8k.<\/p>\n<p><strong>Robust og slitesterk<\/strong><br \/>\nLaget av h\u00f8ykvalitets polykarbonat. V\u00e5re alarmdekaler er designet for \u00e5 t\u00e5le b\u00e5de slitasje og temperatur. Du kan v\u00e6re sikker p\u00e5 at de holder seg i topp stand.<\/p>\n<p><strong>Dobbeltsidig design<\/strong><br \/>\nDen beste egenskapen til disse alarmklistremerkene er at de er tosidige. Dette gj\u00f8r at motivet er synlig b\u00e5de innend\u00f8rs og utend\u00f8rs, noe som gir ekstra trygghet og synlighet uansett hvor du befinner deg.<\/p>\n<p>Denne alarmdekalen er like effektiv innend\u00f8rs som utend\u00f8rs. For ytterligere \u00e5 \u00f8ke sikkerheten kan de plasseres innend\u00f8rs for ekstra beskyttelse. Det gir deg fleksibiliteten til \u00e5 skreddersy sikkerhetstiltaket til dine spesifikke behov.<\/p>\n<h3>Bruksomr\u00e5der:<\/h3>\n<ul>\n<li><strong>Hjemmet:<\/strong> Beskytt din familie og hjemme ved \u00e5 bruke disse alarmdekalene p\u00e5 alle viktige innganger.<br \/>\n<strong>Selskap:<\/strong> Forbedre sikkerheten p\u00e5 arbeidsplassen din ved \u00e5 gj\u00f8re de mest kritiske omr\u00e5dene synlige for b\u00e5de ansatte og bes\u00f8kende.<br \/>\n<strong>Butikker og bedrifter:<\/strong> Skap et tryggere milj\u00f8 for dine kunder og ansatte ved \u00e5 merke de mest relevante inngangene og utgangene.<\/li>\n<\/ul>\n<h3>Produktspesifikasjoner:<\/h3>\n<ul>\n<li>Materiale: Polykarbonat<\/li>\n<li>M\u00e5le: <b>52 mm x 74 mm<\/b><\/li>\n<\/ul>\n<h3>Pakken inkluderer:<\/h3>\n<ul>\n<li>1 dobbeltsidig selvklebende alarmklistremerke<\/li>\n<\/ul>\n<p>\u00d8k sikkerhetsniv\u00e5et p\u00e5 rommet ditt med v\u00e5re p\u00e5litelige selvklebende dobbeltsidige alarmklistremerker. Hvert dekal er en investering i din sikkerhet!<\/p>","protected":false},"excerpt":{"rendered":"<p><em>Merk inngangspunktene dine med v\u00e5rt selvklebende dobbeltsidige alarmdekal. Laget av slitesterk polykarbonat, gir den overlegen temperaturbestandighet. Med synlighet b\u00e5de innend\u00f8rs og utend\u00f8rs er dette et must for \u00f8kt trygghet og trygghet<\/em><\/p>","protected":false},"featured_media":156014,"template":"","meta":{"_acf_changed":false},"product_brand":[],"product_cat":[1323],"product_tag":[3053],"class_list":{"0":"post-91103","1":"product","2":"type-product","3":"status-publish","4":"has-post-thumbnail","6":"product_cat-larmdekaler","7":"product_tag-nyhet","8":"product_shipping_class-dekaler-skyltar","9":"tm-no-options","11":"first","12":"instock","13":"featured","14":"taxable","15":"shipping-taxable","16":"purchasable","17":"product-type-simple"},"acf":[],"_links":{"self":[{"href":"https:\/\/secureus.se\/no\/wp-json\/wp\/v2\/product\/91103","targetHints":{"allow":["GET"]}}],"collection":[{"href":"https:\/\/secureus.se\/no\/wp-json\/wp\/v2\/product"}],"about":[{"href":"https:\/\/secureus.se\/no\/wp-json\/wp\/v2\/types\/product"}],"wp:featuredmedia":[{"embeddable":true,"href":"https:\/\/secureus.se\/no\/wp-json\/wp\/v2\/media\/156014"}],"wp:attachment":[{"href":"https:\/\/secureus.se\/no\/wp-json\/wp\/v2\/media?parent=91103"}],"wp:term":[{"taxonomy":"product_brand","embeddable":true,"href":"https:\/\/secureus.se\/no\/wp-json\/wp\/v2\/product_brand?post=91103"},{"taxonomy":"product_cat","embeddable":true,"href":"https:\/\/secureus.se\/no\/wp-json\/wp\/v2\/product_cat?post=91103"},{"taxonomy":"product_tag","embeddable":true,"href":"https:\/\/secureus.se\/no\/wp-json\/wp\/v2\/product_tag?post=91103"}],"curies":[{"name":"wp","href":"https:\/\/api.w.org\/{rel}","templated":true}]}}