{"id":91465,"date":"2024-05-01T22:05:06","date_gmt":"2024-05-01T20:05:06","guid":{"rendered":"https:\/\/secureus.se\/?post_type=product&#038;p=91465"},"modified":"2026-03-25T15:37:33","modified_gmt":"2026-03-25T14:37:33","slug":"dorrstangarsats-dc700-461-silver","status":"publish","type":"product","link":"https:\/\/secureus.se\/no\/dorrstangarsats-dc700-461-silver\/","title":{"rendered":"ASSA ABLOY DC700 Dobbeltd\u00f8rsett \u2013 EN 3-6 \u2013 S\u00f8lv"},"content":{"rendered":"<p><strong>ASSA ABLOY DC700 pard\u00f6rrsats<\/strong> \u00e4r en komplett l\u00f6sning f\u00f6r dig som beh\u00f6ver s\u00e4ker, kontrollerad och korrekt st\u00e4ngning av <strong>doble d\u00f8rer<\/strong> i fastigheter, offentliga milj\u00f6er och andra kr\u00e4vande d\u00f6rrmilj\u00f6er. Satsen \u00e4r baserad p\u00e5 <strong>DC700-serien<\/strong> och levereras med <strong>glidskena G461<\/strong> med inbyggd mekanisk koordinator, vilket s\u00e4kerst\u00e4ller r\u00e4tt st\u00e4ngningsordning mellan d\u00f6rrbladen.<\/p>\n<p>Den h\u00e4r pard\u00f6rrssatsen passar f\u00f6r <strong>ytterd\u00f8rer, innerd\u00f8rer og brannd\u00f8rer<\/strong> och \u00e4r utvecklad f\u00f6r d\u00f6rrmilj\u00f6er d\u00e4r b\u00e5de s\u00e4kerhet, h\u00e5llbarhet och korrekt funktion \u00e4r avg\u00f6rande. Med <strong>lukkekraft EN 3-6<\/strong> och glidskenesystem f\u00e5r du en stabil l\u00f6sning med god kontroll och ett mer diskret armsystem.<\/p>\n<h3>Dette er inkludert i settet<\/h3>\n<ul>\n<li>2 st d\u00f6rrst\u00e4ngarhus DC700<\/li>\n<li>2 st montageplatta A120<\/li>\n<li>Glidskena G461 med inbyggd mekanisk d\u00f6rrkoordinator<\/li>\n<\/ul>\n<h3>Kjennetegn<\/h3>\n<ul>\n<li>Komplett pard\u00f6rrsats med tv\u00e5 d\u00f6rrst\u00e4ngarhus, tv\u00e5 montageplattor och glidskena med koordinator<\/li>\n<li>Armsystem: <strong>Skyveskinne<\/strong><\/li>\n<li>Lukkekraft: <strong>EN 3-6<\/strong><\/li>\n<li>F\u00f6r <strong>pard\u00f6rr<\/strong><\/li>\n<li>Skyveskinne med innebygget mekanisk d\u00f8rkoordinator for doble d\u00f8rer<\/li>\n<li>Passer til venstre- og h\u00f8yrehengte d\u00f8rer<\/li>\n<li>\u00c5pningsbrems: Ja<\/li>\n<li>Byggeprodukt vurdert: Ja<\/li>\n<li>Overflatebehandling: <strong>S\u00f8lv<\/strong><\/li>\n<\/ul>\n<h3>D\u00f6rrm\u00e5tt och \u00f6ppningsvinkel<\/h3>\n<ul>\n<li>Klarar d\u00f6rrbredd <strong>1250 till 2800 mm c\/c mellan g\u00e5ngj\u00e4rnen<\/strong> vid montage p\u00e5 g\u00e5ngj\u00e4rnssidan<\/li>\n<li>Klarar d\u00f6rrbredd <strong>1400 till 2800 mm<\/strong> vid montage p\u00e5 anslagssidan<\/li>\n<li>Minsta d\u00f6rrbladsbredd passivt d\u00f6rrblad p\u00e5 g\u00e5ngj\u00e4rnssidan: <strong>350 mm<\/strong><\/li>\n<li>Minsta d\u00f6rrbladsbredd passivt d\u00f6rrblad p\u00e5 anslagssidan: <strong>400 mm<\/strong><\/li>\n<li>\u00d6ppningsvinkel p\u00e5 g\u00e5ngj\u00e4rnssidan justerbar upp till <strong>160\u00b0<\/strong><\/li>\n<li>\u00d6ppningsvinkel p\u00e5 anslagssidan justerbar upp till cirka <strong>120\u00b0<\/strong><\/li>\n<\/ul>\n<h3>Montage och funktion<\/h3>\n<p>ASSA ABLOY DC700-461 \u00e4r framtagen f\u00f6r montage p\u00e5 <strong>d\u00f6rr g\u00e5ngj\u00e4rnssida<\/strong> eller <strong>d\u00f6rr anslagssida<\/strong>. Om du beh\u00f6ver st\u00f6rre \u00f6ppningsvinkel \u00e4n <strong>160\u00b0<\/strong> vid montage p\u00e5 g\u00e5ngj\u00e4rnssidan rekommenderas <strong>d\u00f6rrst\u00e4ngarhus DC700AC<\/strong>.<\/p>\n<p>Glidskenan \u00e4r justerbar <strong>14 mm i h\u00f6jdled<\/strong>, vilket underl\u00e4ttar installationen. F\u00f6r montage p\u00e5 <strong>kunngj\u00f8ringsside<\/strong> beh\u00f6vs tillbeh\u00f6r <strong>G120<\/strong>.<\/p>\n<h3>Viktig informasjon<\/h3>\n<ul>\n<li><strong>D\u00f6rrmedbringare ASSA ABLOY 2010<\/strong> b\u00f6r anv\u00e4ndas f\u00f6r att s\u00e4kerst\u00e4lla d\u00f6rrkoordinatorns funktion<\/li>\n<li><strong>Vridlager A151<\/strong> kan anv\u00e4ndas tillsammans med G461 f\u00f6r koordinering av brandklassad d\u00f6rr och slagd\u00f6rrsautomatik<\/li>\n<li><strong>Uppst\u00e4llningsenhet A114 f\u00e5r inte anv\u00e4ndas p\u00e5 d\u00f6rrar i brandcellsgr\u00e4ns<\/strong><\/li>\n<li>Klarar kraven enligt <strong>EN 1154\/1158<\/strong><\/li>\n<\/ul>\n<h3>M\u00e5le<\/h3>\n<ul>\n<li>H\u00f8yde: <strong>31 mm<\/strong><\/li>\n<li>Dybde: <strong>33 mm<\/strong><\/li>\n<li>L\u00e4ngd: beroende p\u00e5 d\u00f6rrbredd<\/li>\n<\/ul>\n<h3>Passer for<\/h3>\n<ul>\n<li>pard\u00f6rrar i fastigheter och offentliga milj\u00f6er<\/li>\n<li>innvendige d\u00f8rer<\/li>\n<li>inngangsd\u00f8rer<\/li>\n<li>brannd\u00f8rer<\/li>\n<li>d\u00f6rrmilj\u00f6er d\u00e4r korrekt st\u00e4ngningsordning kr\u00e4vs<\/li>\n<\/ul>\n<p>ASSA ABLOY DC700 pard\u00f6rrsats \u00e4r ett bra val f\u00f6r dig som s\u00f6ker en <strong>komplett d\u00f6rrst\u00e4ngarl\u00f6sning f\u00f6r pard\u00f6rr<\/strong> med koordinator och glidskena. Du f\u00e5r en robust och p\u00e5litlig l\u00f6sning som hj\u00e4lper d\u00f6rrbladen att st\u00e4nga i r\u00e4tt ordning och ger s\u00e4ker funktion i kr\u00e4vande milj\u00f6er.<\/p>\n<div style=\"background: #f6f8fa;padding: 14px;border-radius: 6px;margin: 18px 0\"><strong>Trenger du hjelp til \u00e5 velge riktig d\u00f8rlukker?<\/strong><br \/>\nSammenlign d\u00f8rtype, armtype og d\u00f8rbredde, eller se flere modeller i sortimentet v\u00e5rt.<br \/>\n<a style=\"font-weight: bold\" href=\"https:\/\/secureus.se\/no\/dorrstangare-kompletta\/\"><br \/>\nSe alle komplette d\u00f8rlukkere her \u2192<br \/>\n<\/a><\/div>","protected":false},"excerpt":{"rendered":"<p><strong>ASSA ABLOY DC700 dobbeltd\u00f8rsett i s\u00f8lv<\/strong> med glideskinne G461 og innebygd koordinator for sikker og kontrollert lukking av dobbeltd\u00f8rer i innerd\u00f8rer, ytterd\u00f8rer og brannd\u00f8rer. Settet er tilpasset for <strong>doble d\u00f8rer<\/strong> og har <strong>lukkekraft EN 3-6<\/strong>.<\/p>\n<p>Pakken inneholder <strong>2 d\u00f8rlukkerhus DC700, 2 monteringsplater A120 og glideskinne G461 med mekanisk d\u00f8rkoordinator<\/strong>. Et godt valg n\u00e5r korrekt lukkerekkef\u00f8lge og sikker funksjon er viktig i dobbeltd\u00f8rer.<\/p>","protected":false},"featured_media":137745,"template":"","meta":{"_acf_changed":false},"product_brand":[],"product_cat":[3258,4864],"product_tag":[4863],"class_list":{"0":"post-91465","1":"product","2":"type-product","3":"status-publish","4":"has-post-thumbnail","6":"product_cat-dorrstangare","7":"product_cat-dorrstangare-kompletta","8":"product_tag-pf","9":"product_shipping_class-tunga-paket","10":"pa_brands-abloy","11":"tm-no-options","13":"first","14":"outofstock","15":"sale","16":"taxable","17":"shipping-taxable","18":"purchasable","19":"product-type-simple"},"acf":[],"_links":{"self":[{"href":"https:\/\/secureus.se\/no\/wp-json\/wp\/v2\/product\/91465","targetHints":{"allow":["GET"]}}],"collection":[{"href":"https:\/\/secureus.se\/no\/wp-json\/wp\/v2\/product"}],"about":[{"href":"https:\/\/secureus.se\/no\/wp-json\/wp\/v2\/types\/product"}],"wp:featuredmedia":[{"embeddable":true,"href":"https:\/\/secureus.se\/no\/wp-json\/wp\/v2\/media\/137745"}],"wp:attachment":[{"href":"https:\/\/secureus.se\/no\/wp-json\/wp\/v2\/media?parent=91465"}],"wp:term":[{"taxonomy":"product_brand","embeddable":true,"href":"https:\/\/secureus.se\/no\/wp-json\/wp\/v2\/product_brand?post=91465"},{"taxonomy":"product_cat","embeddable":true,"href":"https:\/\/secureus.se\/no\/wp-json\/wp\/v2\/product_cat?post=91465"},{"taxonomy":"product_tag","embeddable":true,"href":"https:\/\/secureus.se\/no\/wp-json\/wp\/v2\/product_tag?post=91465"}],"curies":[{"name":"wp","href":"https:\/\/api.w.org\/{rel}","templated":true}]}}