{"id":91471,"date":"2024-05-01T22:05:07","date_gmt":"2024-05-01T20:05:07","guid":{"rendered":"https:\/\/secureus.se\/?post_type=product&#038;p=91471"},"modified":"2026-04-23T12:13:41","modified_gmt":"2026-04-23T10:13:41","slug":"dorrstangarsats-ts93g-2-5-n-med-standardglidskena-silver","status":"publish","type":"product","link":"https:\/\/secureus.se\/no\/dorrstangarsats-ts93g-2-5-n-med-standardglidskena-silver\/","title":{"rendered":"Dormakaba TS93G d\u00f8rlukker \u2013 komplett sett \u2013 EN 2-5 \u2013 glideskinne \u2013 s\u00f8lvfarget"},"content":{"rendered":"<p><strong>Dormakaba TS93G<\/strong> er en avansert og p\u00e5litelig d\u00f8rlukker i <strong>Konturdesign<\/strong> for de som \u00f8nsker sikker, smidig og kontrollert d\u00f8rlukking i moderne d\u00f8rmilj\u00f8er. Denne modellen leveres som <strong>komplett sett<\/strong> i s\u00f8lv med <strong>glideskinne G93N<\/strong> og er egnet for innerd\u00f8rer, ytterd\u00f8rer, brannd\u00f8rer og r\u00f8ykseparerende innerd\u00f8rer.<\/p>\n<p>Takk til <strong>EASY OPEN-teknologi<\/strong> Med en hjerteformet kam f\u00e5r du lavere \u00e5pningsmotstand, noe som gj\u00f8r d\u00f8ren mer komfortabel \u00e5 bruke samtidig som du opprettholder en stabil og kontrollert lukkefunksjon. D\u00f8rlukkeren har <strong>trinnl\u00f8s justerbar lukkekraft EN 2-5<\/strong> og passer <strong>enkeltd\u00f8rer opptil 1250 mm<\/strong>.<\/p>\n<p>D\u00f8rlukkerhuset <strong>TS93G<\/strong> montert p\u00e5 <strong>d\u00f6rrbladets anslagssida<\/strong> eller <strong>karmens g\u00e5ngj\u00e4rnssida<\/strong>. For bruk ved motsatt montering <strong>TS93B<\/strong>.<\/p>\n<h3>Dette er inkludert i settet<\/h3>\n<ul>\n<li>D\u00f6rrst\u00e4ngarhus TS93G<\/li>\n<li>Monteringsplate<\/li>\n<li>Glideskinne G93N<\/li>\n<\/ul>\n<h3>Kjennetegn<\/h3>\n<ul>\n<li>Komplett sett med d\u00f8rlukkerhus, monteringsplate og glideskinne<\/li>\n<li>Hydraulisk d\u00f8rlukker med kamskive og trykkfj\u00e6r<\/li>\n<li>Armsystem: <strong>Skyveskinne<\/strong><\/li>\n<li>Lukkekraft: <strong>EN 2-5<\/strong><\/li>\n<li>Trinnl\u00f8s justerbar d\u00f8rlukkekraft<\/li>\n<li>Passer til enkeltd\u00f8r<\/li>\n<li>Maks d\u00f8rbladbredde: <strong>1250 mm<\/strong><\/li>\n<li>Passer til venstre og h\u00f8yre d\u00f8rer<\/li>\n<li>Monteras p\u00e5 d\u00f6rrblad anslagssida eller karm g\u00e5ngj\u00e4rnssida<\/li>\n<li>Hydraulisk \u00e5pningsbrems<\/li>\n<li>Tidsforsinket stenging<\/li>\n<li>Overflatebehandling: <strong>S\u00f8lv<\/strong><\/li>\n<\/ul>\n<h3>Funksjoner<\/h3>\n<ul>\n<li>Lukkehastigheten kan justeres trinnl\u00f8st med ventil<\/li>\n<li>Lukkekraft trinnl\u00f8st justerbar med justeringsskrue<\/li>\n<li>Av\/p\u00e5-funksjon trinnl\u00f8s justerbar med ventil<\/li>\n<li>Justerbar \u00e5pningsbrems med ventil<\/li>\n<li>Forsinket lukking trinnl\u00f8st justerbar med ventil<\/li>\n<li>Kan kun brukes med glideskinne<\/li>\n<li>D\u00f8rlukker testet i henhold til <strong>EN 1154<\/strong><\/li>\n<li>Elektromekanisk oppsett: Nei<\/li>\n<li>Frisvingfunksjon: Nei<\/li>\n<\/ul>\n<h3>\u00c5pningsvinkel<\/h3>\n<ul>\n<li><strong>D\u00f8rmontering:<\/strong> mellom 120\u00b0 og 145\u00b0 avhengig av tekniske forhold<\/li>\n<li><strong>Rammemontering:<\/strong> Avhengig av forholdene kan d\u00f8ren \u00e5pnes opptil 180\u00b0<\/li>\n<\/ul>\n<h3>M\u00e5le<\/h3>\n<ul>\n<li>Lengde: <strong>275 mm<\/strong><\/li>\n<li>H\u00f8yde: <strong>60 mm<\/strong><\/li>\n<li>Dybde: <strong>53 mm<\/strong><\/li>\n<\/ul>\n<h3>Passer for<\/h3>\n<ul>\n<li>innvendige d\u00f8rer<\/li>\n<li>inngangsd\u00f8rer<\/li>\n<li>brannd\u00f8rer<\/li>\n<li>r\u00f8ykseparerende par innerd\u00f8rer<\/li>\n<li>eiendommer, kontorer og offentlige milj\u00f8er<\/li>\n<\/ul>\n<p>Dormakaba TS93G \u00e4r ett bra val f\u00f6r dig som s\u00f6ker en <strong>d\u00f8rlukker med glideskinne<\/strong> i et komplett sett der komfort, funksjon og design er viktige faktorer. Du f\u00e5r en p\u00e5litelig d\u00f8rlukker med en lett \u00e5pningsf\u00f8lelse, h\u00f8y justerbarhet og et diskret utseende som passer inn i mange forskjellige milj\u00f8er.<\/p>\n<div style=\"background: #f6f8fa;padding: 14px;border-radius: 6px;margin: 18px 0\"><strong>Trenger du hjelp til \u00e5 velge riktig d\u00f8rlukker?<\/strong><br \/>\nSammenlign d\u00f8rtype, armtype og d\u00f8rbredde, eller se flere modeller i sortimentet v\u00e5rt.<br \/>\n<a style=\"font-weight: bold\" href=\"https:\/\/secureus.se\/no\/dorrstangare-kompletta\/\"><br \/>\nSe alle komplette d\u00f8rlukkere her \u2192<br \/>\n<\/a><\/div>","protected":false},"excerpt":{"rendered":"<p><strong>Dormakaba TS93G d\u00f8rlukker komplett sett i s\u00f8lv<\/strong> med glideskinne for sikker, stille og kontrollert lukking av innerd\u00f8rer, ytterd\u00f8rer og brannd\u00f8rer. <strong>enkeltd\u00f8rer opptil 1250 mm<\/strong> og har <strong>EASY OPEN-teknologi<\/strong> for lettere \u00e5pningsmotstand.<\/p>\n<p>Det komplette settet inkluderer: <strong>d\u00f8rlukkerhus TS93G med monteringsplate og glideskinne G93N<\/strong>. Modellen har <strong>trinnl\u00f8s justerbar lukkekraft EN 2-5<\/strong>, \u00e5pningsbrems og tidsforsinket lukking for h\u00f8y komfort og fleksibel tilpasning.<\/p>","protected":false},"featured_media":137270,"template":"","meta":{"_acf_changed":false},"product_brand":[],"product_cat":[3258,4864],"product_tag":[4863],"class_list":{"0":"post-91471","1":"product","2":"type-product","3":"status-publish","4":"has-post-thumbnail","6":"product_cat-dorrstangare","7":"product_cat-dorrstangare-kompletta","8":"product_tag-pf","9":"product_shipping_class-tunga-paket","10":"pa_brands-dormakaba","11":"tm-no-options","13":"first","14":"instock","15":"sale","16":"taxable","17":"shipping-taxable","18":"purchasable","19":"product-type-simple"},"acf":[],"_links":{"self":[{"href":"https:\/\/secureus.se\/no\/wp-json\/wp\/v2\/product\/91471","targetHints":{"allow":["GET"]}}],"collection":[{"href":"https:\/\/secureus.se\/no\/wp-json\/wp\/v2\/product"}],"about":[{"href":"https:\/\/secureus.se\/no\/wp-json\/wp\/v2\/types\/product"}],"wp:featuredmedia":[{"embeddable":true,"href":"https:\/\/secureus.se\/no\/wp-json\/wp\/v2\/media\/137270"}],"wp:attachment":[{"href":"https:\/\/secureus.se\/no\/wp-json\/wp\/v2\/media?parent=91471"}],"wp:term":[{"taxonomy":"product_brand","embeddable":true,"href":"https:\/\/secureus.se\/no\/wp-json\/wp\/v2\/product_brand?post=91471"},{"taxonomy":"product_cat","embeddable":true,"href":"https:\/\/secureus.se\/no\/wp-json\/wp\/v2\/product_cat?post=91471"},{"taxonomy":"product_tag","embeddable":true,"href":"https:\/\/secureus.se\/no\/wp-json\/wp\/v2\/product_tag?post=91471"}],"curies":[{"name":"wp","href":"https:\/\/api.w.org\/{rel}","templated":true}]}}