{"id":91525,"date":"2023-09-27T18:14:20","date_gmt":"2023-09-27T16:14:20","guid":{"rendered":"https:\/\/secureus.se\/elslutbleck-960m-rattvand-12-24v-kolvkontakt-5m-kabel\/"},"modified":"2026-04-23T12:21:10","modified_gmt":"2026-04-23T10:21:10","slug":"elslutbleck-960m-rattvand-12-24v-kolvkontakt-5m-kabel","status":"publish","type":"product","link":"https:\/\/secureus.se\/no\/elslutbleck-960m-rattvand-12-24v-kolvkontakt-5m-kabel\/","title":{"rendered":"Elektrisk endeplate 960M H\u00f8yrevendt 12-24V Stempelkontakt 5m Kabel"},"content":{"rendered":"<h1>Elektrisk endeplate 960M H\u00f8yrevendt 12-24V Stempelkontakt 5m Kabel<\/h1>\n<p class=\"\" data-start=\"389\" data-end=\"582\">Elektrisk sluttplate 960M med h\u00f8yrevendt funksjon, 12-24V spenning, stempelkontakt og 5m kabel. For d\u00f8rer med h\u00f8ye krav til sikkerhet og formtrykk. Brannklasse E\/EI 120.<\/p>\n<p class=\"\" data-start=\"618\" data-end=\"1000\">Elektrisk sluttstykke 960M er et elektrisk sluttstykke designet for d\u00f8rer med h\u00f8ye krav til listtrykk og normale sikkerhetskrav.<\/p>\n<p class=\"\" data-start=\"618\" data-end=\"1000\">Denne modellen egner seg spesielt godt til bruk i d\u00f8rsystemer som brukes til dagl\u00e5sing i skallsikring og innvendig l\u00e5sing i handel, kontorer, industri, samt i inngangspartier og offentlige omr\u00e5der i leilighetsbygg.<\/p>\n<p class=\"\" data-start=\"1002\" data-end=\"1433\">Med en h\u00f8yrehendt funksjon (l\u00e5st ved str\u00f8mbrudd), en bruddstyrke p\u00e5 1500 kg (15 kN) og en brannstyrke p\u00e5 opptil E\/EI 120, er 960M egnet for d\u00f8rer som utsettes for h\u00f8yere p\u00e5kjenninger, inkludert h\u00f8yt stripetrykk og milj\u00f8er med h\u00f8y \u00e5pnings- og lukkingsfrekvens.<\/p>\n<p class=\"\" data-start=\"1002\" data-end=\"1433\">Den elektriske strikken er ogs\u00e5 designet for \u00e5 t\u00e5le st\u00f8t og st\u00f8t, noe som gj\u00f8r den til et p\u00e5litelig valg for b\u00e5de kommersielle og industrielle milj\u00f8er.<\/p>\n<p class=\"\" data-start=\"1435\" data-end=\"1722\">960M elektrisk sluttstykke er utstyrt med en stempelkontakt og en ankerkontakt, og den leveres med en 5 meter lang tilkoblingskabel for enkel installasjon.<\/p>\n<p class=\"\" data-start=\"1435\" data-end=\"1722\">Den er egnet for bruk med enkle eller doble l\u00e5sel\u00e5ser og er kompatibel med alle 900-seriens monteringsstolper.<\/p>\n<p class=\"\" data-start=\"1724\" data-end=\"1984\">Den patenterte stripetrykkteknologien gj\u00f8r at d\u00f8ren kan \u00e5pnes selv n\u00e5r den utsettes for stripetrykk p\u00e5 opptil 200 kg.<\/p>\n<p class=\"\" data-start=\"1724\" data-end=\"1984\">Den elektriske slagplaten er robust, laget av st\u00e5l, og har en st\u00e5ltapp som sikrer h\u00f8y holdbarhet og lang levetid.<\/p>\n<p class=\"\" data-start=\"1986\" data-end=\"2016\">N\u00f8kkelfunksjoner og fordeler:<\/p>\n<ul data-start=\"2017\" data-end=\"2561\">\n<li class=\"\" data-start=\"2017\" data-end=\"2123\">\n<p class=\"\" data-start=\"2019\" data-end=\"2123\">Riktig funksjon: L\u00e5ses ved str\u00f8mbrudd, s\u00f8rger for at d\u00f8ren forblir l\u00e5st ved str\u00f8mbrudd.<\/p>\n<\/li>\n<li class=\"\" data-start=\"2124\" data-end=\"2204\">\n<p class=\"\" data-start=\"2126\" data-end=\"2204\">Bruddstyrke: H\u00f8y bruddstyrke p\u00e5 1500 kg (15 kN) for ekstra sikkerhet.<\/p>\n<\/li>\n<li class=\"\" data-start=\"2205\" data-end=\"2275\">\n<p class=\"\" data-start=\"2207\" data-end=\"2275\">Brannklassifisering: Godkjent for brannmotstand opp til E\/EI 120.<\/p>\n<\/li>\n<li class=\"\" data-start=\"2276\" data-end=\"2355\">\n<p class=\"\" data-start=\"2278\" data-end=\"2355\">H\u00f8y st\u00f8t- og slagfasthet: Robust konstruksjon som t\u00e5ler t\u00f8ffe milj\u00f8er.<\/p>\n<\/li>\n<li class=\"\" data-start=\"2356\" data-end=\"2419\">\n<p class=\"\" data-start=\"2358\" data-end=\"2419\">Listetrykk: \u00c5pner selv med stripetrykk opp til 200 kg.<\/p>\n<\/li>\n<li class=\"\" data-start=\"2420\" data-end=\"2488\">\n<p class=\"\" data-start=\"2422\" data-end=\"2488\">Stempelkontakt og ankerkontakt: For p\u00e5litelig og sikker drift.<\/p>\n<\/li>\n<li class=\"\" data-start=\"2489\" data-end=\"2561\">\n<p class=\"\" data-start=\"2491\" data-end=\"2561\">Lang kabel: 5 meter tilkoblingskabel inkludert for enkel installasjon.<\/p>\n<\/li>\n<\/ul>\n<p class=\"\" data-start=\"2563\" data-end=\"2838\">Kompatibilitet: Passer enkelt- eller tofl\u00f8yede l\u00e5ser og er kompatibel med alle 900-seriens monteringsstolper.<\/p>\n<p class=\"\" data-start=\"2563\" data-end=\"2838\">Den er perfekt for bruk i d\u00f8rer med h\u00f8ye sikkerhetskrav og formpress, og kan brukes i b\u00e5de kommersielle og industrielle milj\u00f8er.<\/p>\n<p class=\"\" data-start=\"2840\" data-end=\"2869\">Spesifikasjoner:<\/p>\n<ul data-start=\"2870\" data-end=\"3332\">\n<li class=\"\" data-start=\"2870\" data-end=\"2898\">\n<p class=\"\" data-start=\"2872\" data-end=\"2898\">Produktbredde: 26,5 mm<\/p>\n<\/li>\n<li class=\"\" data-start=\"2899\" data-end=\"2925\">\n<p class=\"\" data-start=\"2901\" data-end=\"2925\">Produkth\u00f8yde: 140 mm<\/p>\n<\/li>\n<li class=\"\" data-start=\"2926\" data-end=\"2951\">\n<p class=\"\" data-start=\"2928\" data-end=\"2951\">Produktdybde: 35 mm<\/p>\n<\/li>\n<li class=\"\" data-start=\"2952\" data-end=\"2977\">\n<p class=\"\" data-start=\"2954\" data-end=\"2977\">Kabellengde: 5 meter<\/p>\n<\/li>\n<li class=\"\" data-start=\"2978\" data-end=\"3027\">\n<p class=\"\" data-start=\"2980\" data-end=\"3027\">Str\u00f8mforsyning: 12-24V AC\/DC, +15% \/ -10%<\/p>\n<\/li>\n<li class=\"\" data-start=\"3028\" data-end=\"3070\">\n<p class=\"\" data-start=\"3030\" data-end=\"3070\">Bruddstyrke maks: 1500 kg (15 kN)<\/p>\n<\/li>\n<li class=\"\" data-start=\"3071\" data-end=\"3094\">\n<p class=\"\" data-start=\"3073\" data-end=\"3094\">Strimmeltrykk: 200 kg<\/p>\n<\/li>\n<li class=\"\" data-start=\"3095\" data-end=\"3144\">\n<p class=\"\" data-start=\"3097\" data-end=\"3144\">Startstr\u00f8m ved 24V: 240mA, driftsstr\u00f8m 145mA<\/p>\n<\/li>\n<li class=\"\" data-start=\"3145\" data-end=\"3194\">\n<p class=\"\" data-start=\"3147\" data-end=\"3194\">Startstr\u00f8m ved 12V: 620mA, driftsstr\u00f8m 310mA<\/p>\n<\/li>\n<li class=\"\" data-start=\"3195\" data-end=\"3229\">\n<p class=\"\" data-start=\"3197\" data-end=\"3229\">Farge\/Overflatebehandling: Forsinket<\/p>\n<\/li>\n<li class=\"\" data-start=\"3230\" data-end=\"3251\">\n<p class=\"\" data-start=\"3232\" data-end=\"3251\">Stempelkontakt: Ja<\/p>\n<\/li>\n<li class=\"\" data-start=\"3252\" data-end=\"3278\">\n<p class=\"\" data-start=\"3254\" data-end=\"3278\">Spenning maks: 27,6 V<\/p>\n<\/li>\n<li class=\"\" data-start=\"3279\" data-end=\"3305\">\n<p class=\"\" data-start=\"3281\" data-end=\"3305\">Spenning min: 10,8 V<\/p>\n<\/li>\n<li class=\"\" data-start=\"3306\" data-end=\"3332\">\n<p class=\"\" data-start=\"3308\" data-end=\"3332\">Brannklasse: E\/EI 120<\/p>\n<\/li>\n<\/ul>","protected":false},"excerpt":{"rendered":"<h5><a href=\"https:\/\/elslutblecksguiden.se\/\" target=\"_blank\" rel=\"noopener\">Veiledning for ASSA Elektriske l\u00e5ser, motorl\u00e5ser, Elektriske sluttplater og erstatningsguide<\/a><\/h5>","protected":false},"featured_media":138967,"template":"","meta":{"_acf_changed":false},"product_brand":[],"product_cat":[3355],"product_tag":[4196,4200,2967],"class_list":{"0":"post-91525","1":"product","2":"type-product","3":"status-publish","4":"has-post-thumbnail","6":"product_cat-elslutbleck","7":"product_tag-12-24v","8":"product_tag-rattvand","9":"product_tag-rg-assa-abloy","10":"product_shipping_class-tunga-paket","11":"pa_brands-abloy","12":"tm-no-options","14":"first","15":"onbackorder","16":"sale","17":"taxable","18":"shipping-taxable","19":"purchasable","20":"product-type-simple"},"acf":[],"_links":{"self":[{"href":"https:\/\/secureus.se\/no\/wp-json\/wp\/v2\/product\/91525","targetHints":{"allow":["GET"]}}],"collection":[{"href":"https:\/\/secureus.se\/no\/wp-json\/wp\/v2\/product"}],"about":[{"href":"https:\/\/secureus.se\/no\/wp-json\/wp\/v2\/types\/product"}],"wp:featuredmedia":[{"embeddable":true,"href":"https:\/\/secureus.se\/no\/wp-json\/wp\/v2\/media\/138967"}],"wp:attachment":[{"href":"https:\/\/secureus.se\/no\/wp-json\/wp\/v2\/media?parent=91525"}],"wp:term":[{"taxonomy":"product_brand","embeddable":true,"href":"https:\/\/secureus.se\/no\/wp-json\/wp\/v2\/product_brand?post=91525"},{"taxonomy":"product_cat","embeddable":true,"href":"https:\/\/secureus.se\/no\/wp-json\/wp\/v2\/product_cat?post=91525"},{"taxonomy":"product_tag","embeddable":true,"href":"https:\/\/secureus.se\/no\/wp-json\/wp\/v2\/product_tag?post=91525"}],"curies":[{"name":"wp","href":"https:\/\/api.w.org\/{rel}","templated":true}]}}