{"id":91526,"date":"2023-09-27T18:14:18","date_gmt":"2023-09-27T16:14:18","guid":{"rendered":"https:\/\/secureus.se\/elslutbleck-114-omvand-24v\/"},"modified":"2026-04-08T15:56:59","modified_gmt":"2026-04-08T13:56:59","slug":"elslutbleck-114-omvand-24v","status":"publish","type":"product","link":"https:\/\/secureus.se\/no\/elslutbleck-114-omvand-24v\/","title":{"rendered":"Elektrisk endeplate 114 Revers 24V"},"content":{"rendered":"<h1>Elektrisk endeplate 114 Revers 24V<\/h1>\n<p>Elektrisk sluttstykke 114 Revers 24V, for d\u00f8rer med lave sikkerhetskrav. Omvendt funksjon, bruddstyrke 400 kg, og egnet for innvendig l\u00e5sing i handel, kontor og industri.<\/p>\n<p class=\"\" data-start=\"591\" data-end=\"953\">Elektrisk sluttstykke 114 Reverse 24V er et elektrisk sluttstykke designet for d\u00f8rer med lave sikkerhetskrav, noe som gj\u00f8r den til en perfekt l\u00f8sning for innvendig l\u00e5sing i handel, kontorer og industri.<\/p>\n<p class=\"\" data-start=\"591\" data-end=\"953\">Dette elektriske sluttstykket er spesielt nyttig for d\u00f8rer som ikke krever h\u00f8ye sikkerhetsniv\u00e5er, men hvor enkel og p\u00e5litelig l\u00e5sing er viktig.<\/p>\n<p class=\"\" data-start=\"955\" data-end=\"1448\">Det elektriske sluttstykket har en reversfunksjon, som gj\u00f8r at d\u00f8ren l\u00e5ses opp ved str\u00f8mbrudd. Den er laget med en vril\u00e5s i st\u00e5l og et l\u00e5sehus i sinklegering, som gir en solid konstruksjon.<\/p>\n<p class=\"\" data-start=\"955\" data-end=\"1448\">Med en bruddstyrke p\u00e5 4 kN (400 kg) er den robust nok til \u00e5 brukes i d\u00f8rer hvor sikkerheten ikke trenger \u00e5 v\u00e6re like streng som i brannseksjonsskilled\u00f8rer.<\/p>\n<p class=\"\" data-start=\"955\" data-end=\"1448\">Det er viktig \u00e5 merke seg at dette elektriske lukkearket ALDRI skal brukes i branncelle-skilled\u00f8rer.<\/p>\n<p class=\"\" data-start=\"1450\" data-end=\"1832\">Den egner seg godt til bruk i kombinasjon med enkelt- eller dobbeltfallsl\u00e5ser og gir en effektiv l\u00f8sning for daglig bruk i milj\u00f8er som ikke krever avanserte sikkerhetsl\u00f8sninger.<\/p>\n<p class=\"\" data-start=\"1450\" data-end=\"1832\">For optimal ytelse anbefales det at en beskyttelsesdiode (f.eks. 1N4004) monteres n\u00e6r den elektriske sluttspolen for \u00e5 beskytte kontrollelektronikken mot eventuelle transienter (spenningstopper).<\/p>\n<p class=\"\" data-start=\"1834\" data-end=\"1864\">N\u00f8kkelfunksjoner og fordeler:<\/p>\n<ul data-start=\"1865\" data-end=\"2255\">\n<li class=\"\" data-start=\"1865\" data-end=\"1941\">\n<p class=\"\" data-start=\"1867\" data-end=\"1941\">Reverseringsfunksjon: D\u00f8ren er ul\u00e5st i spenningsl\u00f8s posisjon for enkel h\u00e5ndtering.<\/p>\n<\/li>\n<li class=\"\" data-start=\"1942\" data-end=\"1999\">\n<p class=\"\" data-start=\"1944\" data-end=\"1999\">St\u00e5l torsjonsstang: Robust og langvarig konstruksjon.<\/p>\n<\/li>\n<li class=\"\" data-start=\"2000\" data-end=\"2078\">\n<p class=\"\" data-start=\"2002\" data-end=\"2078\">Bruddstyrke: Holder opptil 4 kN (400 kg) for p\u00e5litelig l\u00e5sing.<\/p>\n<\/li>\n<li class=\"\" data-start=\"2079\" data-end=\"2158\">\n<p class=\"\" data-start=\"2081\" data-end=\"2158\">Kompatibilitet: Egnet for kombinasjon med enkelt- eller tofl\u00f8yede l\u00e5ser.<\/p>\n<\/li>\n<li class=\"\" data-start=\"2159\" data-end=\"2255\">\n<p class=\"\" data-start=\"2161\" data-end=\"2255\">Ikke for brannskilled\u00f8rer: Ikke egnet for bruk der brannsikring er n\u00f8dvendig.<\/p>\n<\/li>\n<\/ul>\n<p class=\"\" data-start=\"2257\" data-end=\"2286\">Spesifikasjoner:<\/p>\n<ul data-start=\"2287\" data-end=\"2576\">\n<li class=\"\" data-start=\"2287\" data-end=\"2315\">\n<p class=\"\" data-start=\"2289\" data-end=\"2315\">Spenning: 24 VDC \u00b1 10%<\/p>\n<\/li>\n<li class=\"\" data-start=\"2316\" data-end=\"2348\">\n<p class=\"\" data-start=\"2318\" data-end=\"2348\">Str\u00f8mforbruk: 0-110 mA<\/p>\n<\/li>\n<li class=\"\" data-start=\"2349\" data-end=\"2459\">\n<p class=\"\" data-start=\"2351\" data-end=\"2459\">Beskyttelsesdiode: Det anbefales \u00e5 bruke en beskyttelsesdiode n\u00e6r spolen til den elektriske termineringsplaten for \u00e5 beskytte elektronikken.<\/p>\n<\/li>\n<li class=\"\" data-start=\"2460\" data-end=\"2500\">\n<p class=\"\" data-start=\"2462\" data-end=\"2500\">Bruddstyrke maks: 4 kN (400 kg)<\/p>\n<\/li>\n<li class=\"\" data-start=\"2501\" data-end=\"2521\">\n<p class=\"\" data-start=\"2503\" data-end=\"2521\">Torsjonskoffert: St\u00e5l<\/p>\n<\/li>\n<li class=\"\" data-start=\"2522\" data-end=\"2548\">\n<p class=\"\" data-start=\"2524\" data-end=\"2548\">L\u00e5sehus: Sinklegering<\/p>\n<\/li>\n<li class=\"\" data-start=\"2549\" data-end=\"2576\">\n<p class=\"\" data-start=\"2551\" data-end=\"2576\">Driftsspenning: 24 VDC<\/p>\n<\/li>\n<\/ul>","protected":false},"excerpt":{"rendered":"<h5><a href=\"https:\/\/elslutblecksguiden.se\/\" target=\"_blank\" rel=\"noopener\">Veiledning for ASSA Elektriske l\u00e5ser, motorl\u00e5ser, Elektriske sluttplater og erstatningsguide<\/a><\/h5>","protected":false},"featured_media":138991,"template":"","meta":{"_acf_changed":false},"product_brand":[],"product_cat":[3355],"product_tag":[4197,4201,2967],"class_list":{"0":"post-91526","1":"product","2":"type-product","3":"status-publish","4":"has-post-thumbnail","6":"product_cat-elslutbleck","7":"product_tag-24v","8":"product_tag-omvand","9":"product_tag-rg-assa-abloy","10":"product_shipping_class-tunga-paket","11":"pa_brands-abloy","12":"tm-no-options","14":"first","15":"instock","16":"sale","17":"taxable","18":"shipping-taxable","19":"purchasable","20":"product-type-simple"},"acf":[],"_links":{"self":[{"href":"https:\/\/secureus.se\/no\/wp-json\/wp\/v2\/product\/91526","targetHints":{"allow":["GET"]}}],"collection":[{"href":"https:\/\/secureus.se\/no\/wp-json\/wp\/v2\/product"}],"about":[{"href":"https:\/\/secureus.se\/no\/wp-json\/wp\/v2\/types\/product"}],"wp:featuredmedia":[{"embeddable":true,"href":"https:\/\/secureus.se\/no\/wp-json\/wp\/v2\/media\/138991"}],"wp:attachment":[{"href":"https:\/\/secureus.se\/no\/wp-json\/wp\/v2\/media?parent=91526"}],"wp:term":[{"taxonomy":"product_brand","embeddable":true,"href":"https:\/\/secureus.se\/no\/wp-json\/wp\/v2\/product_brand?post=91526"},{"taxonomy":"product_cat","embeddable":true,"href":"https:\/\/secureus.se\/no\/wp-json\/wp\/v2\/product_cat?post=91526"},{"taxonomy":"product_tag","embeddable":true,"href":"https:\/\/secureus.se\/no\/wp-json\/wp\/v2\/product_tag?post=91526"}],"curies":[{"name":"wp","href":"https:\/\/api.w.org\/{rel}","templated":true}]}}