{"id":91527,"date":"2023-09-27T18:14:17","date_gmt":"2023-09-27T16:14:17","guid":{"rendered":"https:\/\/secureus.se\/elslutbleck-114-omvand-12v\/"},"modified":"2026-03-25T15:40:19","modified_gmt":"2026-03-25T14:40:19","slug":"elslutbleck-114-omvand-12v","status":"publish","type":"product","link":"https:\/\/secureus.se\/no\/elslutbleck-114-omvand-12v\/","title":{"rendered":"Elektrisk endeplate 114 Revers 12V"},"content":{"rendered":"<h1>Elektrisk endeplate 114 Revers 12V<\/h1>\n<div>\n<p>Elektrisk sluttstykke 114 Revers 12V, for d\u00f8rer med lave sikkerhetskrav. Omvendt funksjon, bruddstyrke 400 kg, og egnet for innvendig l\u00e5sing i handel, kontor og industri.<\/p>\n<p class=\"\" data-start=\"591\" data-end=\"942\">Electric Strike 114 Reverse 12V er et elektrisk sluttstykke designet for d\u00f8rer med lave sikkerhetskrav, noe som gj\u00f8r den til en perfekt l\u00f8sning for intern l\u00e5sing i handel, kontorer og industri.<\/p>\n<p class=\"\" data-start=\"591\" data-end=\"942\">Den er spesielt nyttig for d\u00f8rer som ikke krever h\u00f8ye sikkerhetsniv\u00e5er, men hvor enkel og p\u00e5litelig l\u00e5sing er viktig.<\/p>\n<p class=\"\" data-start=\"944\" data-end=\"1441\">Dette elektriske sluttstykket har en reversfunksjon, som gj\u00f8r at d\u00f8ren l\u00e5ses opp ved str\u00f8mbrudd. Den er laget med en vril\u00e5s i st\u00e5l og et l\u00e5sehus i sinklegering, som gir en solid konstruksjon.<\/p>\n<p class=\"\" data-start=\"944\" data-end=\"1441\">Med en bruddstyrke p\u00e5 4 kN (400 kg) er den robust nok til \u00e5 brukes i d\u00f8rer hvor sikkerheten ikke trenger \u00e5 v\u00e6re like streng som i brannseksjonsskilled\u00f8rer.<\/p>\n<p class=\"\" data-start=\"944\" data-end=\"1441\">Det er viktig \u00e5 merke seg at dette elektriske lukkearket ALDRI skal brukes i branncelle-skilled\u00f8rer.<\/p>\n<p class=\"\" data-start=\"1443\" data-end=\"1825\">Den egner seg godt til bruk i kombinasjon med enkelt- eller dobbeltfallsl\u00e5ser og gir en effektiv l\u00f8sning for daglig bruk i milj\u00f8er som ikke krever avanserte sikkerhetsl\u00f8sninger.<\/p>\n<p class=\"\" data-start=\"1443\" data-end=\"1825\">For optimal ytelse anbefales det at en beskyttelsesdiode (f.eks. 1N4004) monteres n\u00e6r den elektriske sluttspolen for \u00e5 beskytte kontrollelektronikken mot eventuelle transienter (spenningstopper).<\/p>\n<p class=\"\" data-start=\"1827\" data-end=\"1857\">N\u00f8kkelfunksjoner og fordeler:<\/p>\n<ul data-start=\"1858\" data-end=\"2248\">\n<li class=\"\" data-start=\"1858\" data-end=\"1934\">\n<p class=\"\" data-start=\"1860\" data-end=\"1934\">Reverseringsfunksjon: D\u00f8ren er ul\u00e5st i spenningsl\u00f8s posisjon for enkel h\u00e5ndtering.<\/p>\n<\/li>\n<li class=\"\" data-start=\"1935\" data-end=\"1992\">\n<p class=\"\" data-start=\"1937\" data-end=\"1992\">St\u00e5l torsjonsstang: Robust og langvarig konstruksjon.<\/p>\n<\/li>\n<li class=\"\" data-start=\"1993\" data-end=\"2071\">\n<p class=\"\" data-start=\"1995\" data-end=\"2071\">Bruddstyrke: Holder opptil 4 kN (400 kg) for p\u00e5litelig l\u00e5sing.<\/p>\n<\/li>\n<li class=\"\" data-start=\"2072\" data-end=\"2151\">\n<p class=\"\" data-start=\"2074\" data-end=\"2151\">Kompatibilitet: Egnet for kombinasjon med enkelt- eller tofl\u00f8yede l\u00e5ser.<\/p>\n<\/li>\n<li class=\"\" data-start=\"2152\" data-end=\"2248\">\n<p class=\"\" data-start=\"2154\" data-end=\"2248\">Ikke for brannskilled\u00f8rer: Ikke egnet for bruk der brannsikring er n\u00f8dvendig.<\/p>\n<\/li>\n<\/ul>\n<p class=\"\" data-start=\"2250\" data-end=\"2279\">Spesifikasjoner:<\/p>\n<ul data-start=\"2280\" data-end=\"2569\">\n<li class=\"\" data-start=\"2280\" data-end=\"2308\">\n<p class=\"\" data-start=\"2282\" data-end=\"2308\">Spenning: 12VDC \u00b110%<\/p>\n<\/li>\n<li class=\"\" data-start=\"2309\" data-end=\"2341\">\n<p class=\"\" data-start=\"2311\" data-end=\"2341\">Str\u00f8mforbruk: 0-190 mA<\/p>\n<\/li>\n<li class=\"\" data-start=\"2342\" data-end=\"2452\">\n<p class=\"\" data-start=\"2344\" data-end=\"2452\">Beskyttelsesdiode: Det anbefales \u00e5 bruke en beskyttelsesdiode n\u00e6r spolen til den elektriske termineringsplaten for \u00e5 beskytte elektronikken.<\/p>\n<\/li>\n<li class=\"\" data-start=\"2453\" data-end=\"2493\">\n<p class=\"\" data-start=\"2455\" data-end=\"2493\">Bruddstyrke maks: 4 kN (400 kg)<\/p>\n<\/li>\n<li class=\"\" data-start=\"2494\" data-end=\"2514\">\n<p class=\"\" data-start=\"2496\" data-end=\"2514\">Torsjonskoffert: St\u00e5l<\/p>\n<\/li>\n<li class=\"\" data-start=\"2515\" data-end=\"2541\">\n<p class=\"\" data-start=\"2517\" data-end=\"2541\">L\u00e5sehus: Sinklegering<\/p>\n<\/li>\n<li class=\"\" data-start=\"2542\" data-end=\"2569\">\n<p class=\"\" data-start=\"2544\" data-end=\"2569\">Driftsspenning: 12 VDC<\/p>\n<\/li>\n<\/ul>\n<\/div>\n<div><\/div>","protected":false},"excerpt":{"rendered":"<h5><a href=\"https:\/\/elslutblecksguiden.se\/\" target=\"_blank\" rel=\"noopener\">Veiledning for ASSA Elektriske l\u00e5ser, motorl\u00e5ser, Elektriske sluttplater og erstatningsguide<\/a><\/h5>","protected":false},"featured_media":139009,"template":"","meta":{"_acf_changed":false},"product_brand":[],"product_cat":[3355],"product_tag":[4198,4201,2967],"class_list":{"0":"post-91527","1":"product","2":"type-product","3":"status-publish","4":"has-post-thumbnail","6":"product_cat-elslutbleck","7":"product_tag-12v","8":"product_tag-omvand","9":"product_tag-rg-assa-abloy","10":"product_shipping_class-tunga-paket","11":"pa_brands-abloy","12":"tm-no-options","14":"first","15":"onbackorder","16":"sale","17":"taxable","18":"shipping-taxable","19":"purchasable","20":"product-type-simple"},"acf":[],"_links":{"self":[{"href":"https:\/\/secureus.se\/no\/wp-json\/wp\/v2\/product\/91527","targetHints":{"allow":["GET"]}}],"collection":[{"href":"https:\/\/secureus.se\/no\/wp-json\/wp\/v2\/product"}],"about":[{"href":"https:\/\/secureus.se\/no\/wp-json\/wp\/v2\/types\/product"}],"wp:featuredmedia":[{"embeddable":true,"href":"https:\/\/secureus.se\/no\/wp-json\/wp\/v2\/media\/139009"}],"wp:attachment":[{"href":"https:\/\/secureus.se\/no\/wp-json\/wp\/v2\/media?parent=91527"}],"wp:term":[{"taxonomy":"product_brand","embeddable":true,"href":"https:\/\/secureus.se\/no\/wp-json\/wp\/v2\/product_brand?post=91527"},{"taxonomy":"product_cat","embeddable":true,"href":"https:\/\/secureus.se\/no\/wp-json\/wp\/v2\/product_cat?post=91527"},{"taxonomy":"product_tag","embeddable":true,"href":"https:\/\/secureus.se\/no\/wp-json\/wp\/v2\/product_tag?post=91527"}],"curies":[{"name":"wp","href":"https:\/\/api.w.org\/{rel}","templated":true}]}}