{"id":91529,"date":"2023-09-27T18:14:14","date_gmt":"2023-09-27T16:14:14","guid":{"rendered":"https:\/\/secureus.se\/elslutbleck-14-rattvand-24v\/"},"modified":"2026-04-23T12:21:32","modified_gmt":"2026-04-23T10:21:32","slug":"elslutbleck-14-rattvand-24v","status":"publish","type":"product","link":"https:\/\/secureus.se\/no\/elslutbleck-14-rattvand-24v\/","title":{"rendered":"Elektrisk endeplate 14 H\u00f8yrevendt 24V"},"content":{"rendered":"<h1>Elektrisk endeplate 14 H\u00f8yrevendt 24V<\/h1>\n<div>\n<p>Elektrisk lukkeplate 14 H\u00f8yrevendt 24V, for d\u00f8rer med lave sikkerhetskrav. H\u00f8yrevendt funksjon, bruddstyrke 400 kg, og egnet for innvendig l\u00e5sing i handel, kontor og industri.<\/p>\n<p class=\"\" data-start=\"599\" data-end=\"974\">Elektrisk sluttstykke 14 H\u00f8yrevendt 24V er en elektrisk sluttstykke designet for d\u00f8rer med lave sikkerhetskrav, noe som gj\u00f8r den til en perfekt l\u00f8sning for innvendig l\u00e5sing i handel, kontorer og industri.<\/p>\n<p class=\"\" data-start=\"599\" data-end=\"974\">Den tilbyr en p\u00e5litelig og kostnadseffektiv l\u00f8sning for d\u00f8rer som ikke krever avansert sikkerhet, men som likevel trenger et p\u00e5litelig l\u00e5sesystem.<\/p>\n<p class=\"\" data-start=\"976\" data-end=\"1594\">Denne elektriske sluttplaten har en reversfunksjon, som betyr at d\u00f8ren l\u00e5ses ved str\u00f8mbrudd, noe som \u00f8ker sikkerheten ved \u00e5 sikre at d\u00f8ren forblir l\u00e5st selv om str\u00f8mmen g\u00e5r.<\/p>\n<p class=\"\" data-start=\"976\" data-end=\"1594\">Den er produsert med et vrihus i st\u00e5l og et l\u00e5sehus i sinklegering, som gir en solid konstruksjon for lang holdbarhet. Med en bruddstyrke p\u00e5 4000 N (400 kg) er den sterk nok til \u00e5 brukes i d\u00f8rer hvor sikkerheten ikke trenger \u00e5 v\u00e6re like streng som branncelleskilled\u00f8rer.<\/p>\n<p class=\"\" data-start=\"976\" data-end=\"1594\">Det er viktig \u00e5 merke seg at dette elektriske lukkearket ALDRI skal brukes i branncelle-skilled\u00f8rer.<\/p>\n<p class=\"\" data-start=\"1596\" data-end=\"1968\">Den egner seg godt til bruk i kombinasjon med enkelt- eller dobbeltfallsl\u00e5ser og gir en effektiv l\u00f8sning for daglig bruk i milj\u00f8er som ikke krever avanserte sikkerhetsl\u00f8sninger.<\/p>\n<p class=\"\" data-start=\"1596\" data-end=\"1968\">For optimal ytelse anbefales det at beskyttelsesdioden (f.eks. 1N4004) monteres n\u00e6r spolen til den elektriske termineringsplaten for \u00e5 beskytte kontrollelektronikken mot mulige spenningstopper.<\/p>\n<p class=\"\" data-start=\"1970\" data-end=\"2000\">N\u00f8kkelfunksjoner og fordeler:<\/p>\n<ul data-start=\"2001\" data-end=\"2388\">\n<li class=\"\" data-start=\"2001\" data-end=\"2071\">\n<p class=\"\" data-start=\"2003\" data-end=\"2071\">H\u00f8yrevendt funksjon: L\u00e5ses ved str\u00f8mbrudd for \u00f8kt sikkerhet.<\/p>\n<\/li>\n<li class=\"\" data-start=\"2072\" data-end=\"2135\">\n<p class=\"\" data-start=\"2074\" data-end=\"2135\">Svingkasse i st\u00e5l: Robust konstruksjon for lang holdbarhet.<\/p>\n<\/li>\n<li class=\"\" data-start=\"2136\" data-end=\"2216\">\n<p class=\"\" data-start=\"2138\" data-end=\"2216\">Bruddstyrke: Holder opptil 4000 N (400 kg) for p\u00e5litelig l\u00e5sing.<\/p>\n<\/li>\n<li class=\"\" data-start=\"2217\" data-end=\"2295\">\n<p class=\"\" data-start=\"2219\" data-end=\"2295\">Kompatibilitet: Egnet for bruk med enkle eller doble falll\u00e5ser.<\/p>\n<\/li>\n<li class=\"\" data-start=\"2296\" data-end=\"2388\">\n<p class=\"\" data-start=\"2298\" data-end=\"2388\">Ikke for branncelleskilled\u00f8rer: Ikke egnet for bruk i branncelleskilled\u00f8rer.<\/p>\n<\/li>\n<\/ul>\n<p class=\"\" data-start=\"2390\" data-end=\"2419\">Spesifikasjoner:<\/p>\n<ul data-start=\"2420\" data-end=\"2711\">\n<li class=\"\" data-start=\"2420\" data-end=\"2448\">\n<p class=\"\" data-start=\"2422\" data-end=\"2448\">Spenning: 24 VDC \u00b1 10%<\/p>\n<\/li>\n<li class=\"\" data-start=\"2449\" data-end=\"2481\">\n<p class=\"\" data-start=\"2451\" data-end=\"2481\">Str\u00f8mforbruk: 0-110 mA<\/p>\n<\/li>\n<li class=\"\" data-start=\"2482\" data-end=\"2592\">\n<p class=\"\" data-start=\"2484\" data-end=\"2592\">Beskyttelsesdiode: Det anbefales \u00e5 bruke en beskyttelsesdiode n\u00e6r spolen til den elektriske termineringsplaten for \u00e5 beskytte elektronikken.<\/p>\n<\/li>\n<li class=\"\" data-start=\"2593\" data-end=\"2635\">\n<p class=\"\" data-start=\"2595\" data-end=\"2635\">Bruddstyrke maks: 4000 N (400 kg)<\/p>\n<\/li>\n<li class=\"\" data-start=\"2636\" data-end=\"2656\">\n<p class=\"\" data-start=\"2638\" data-end=\"2656\">Torsjonskoffert: St\u00e5l<\/p>\n<\/li>\n<li class=\"\" data-start=\"2657\" data-end=\"2683\">\n<p class=\"\" data-start=\"2659\" data-end=\"2683\">L\u00e5sehus: Sinklegering<\/p>\n<\/li>\n<li class=\"\" data-start=\"2684\" data-end=\"2711\">\n<p class=\"\" data-start=\"2686\" data-end=\"2711\">Driftsspenning: 24 VDC<\/p>\n<\/li>\n<\/ul>\n<\/div>","protected":false},"excerpt":{"rendered":"<h5><a href=\"https:\/\/elslutblecksguiden.se\/\" target=\"_blank\" rel=\"noopener\">Veiledning for ASSA Elektriske l\u00e5ser, motorl\u00e5ser, Elektriske sluttplater og erstatningsguide<\/a><\/h5>","protected":false},"featured_media":159496,"template":"","meta":{"_acf_changed":false},"product_brand":[],"product_cat":[3355],"product_tag":[4197,4200,2967],"class_list":{"0":"post-91529","1":"product","2":"type-product","3":"status-publish","4":"has-post-thumbnail","6":"product_cat-elslutbleck","7":"product_tag-24v","8":"product_tag-rattvand","9":"product_tag-rg-assa-abloy","10":"product_shipping_class-tunga-paket","11":"pa_brands-abloy","12":"tm-no-options","14":"first","15":"instock","16":"sale","17":"taxable","18":"shipping-taxable","19":"purchasable","20":"product-type-simple"},"acf":[],"_links":{"self":[{"href":"https:\/\/secureus.se\/no\/wp-json\/wp\/v2\/product\/91529","targetHints":{"allow":["GET"]}}],"collection":[{"href":"https:\/\/secureus.se\/no\/wp-json\/wp\/v2\/product"}],"about":[{"href":"https:\/\/secureus.se\/no\/wp-json\/wp\/v2\/types\/product"}],"wp:featuredmedia":[{"embeddable":true,"href":"https:\/\/secureus.se\/no\/wp-json\/wp\/v2\/media\/159496"}],"wp:attachment":[{"href":"https:\/\/secureus.se\/no\/wp-json\/wp\/v2\/media?parent=91529"}],"wp:term":[{"taxonomy":"product_brand","embeddable":true,"href":"https:\/\/secureus.se\/no\/wp-json\/wp\/v2\/product_brand?post=91529"},{"taxonomy":"product_cat","embeddable":true,"href":"https:\/\/secureus.se\/no\/wp-json\/wp\/v2\/product_cat?post=91529"},{"taxonomy":"product_tag","embeddable":true,"href":"https:\/\/secureus.se\/no\/wp-json\/wp\/v2\/product_tag?post=91529"}],"curies":[{"name":"wp","href":"https:\/\/api.w.org\/{rel}","templated":true}]}}