{"id":91531,"date":"2023-09-27T18:14:11","date_gmt":"2023-09-27T16:14:11","guid":{"rendered":"https:\/\/secureus.se\/elslutbleck-5114-omvand-24v-kolvkontakt\/"},"modified":"2026-04-08T15:56:15","modified_gmt":"2026-04-08T13:56:15","slug":"elslutbleck-5114-omvand-24v-kolvkontakt","status":"publish","type":"product","link":"https:\/\/secureus.se\/no\/elslutbleck-5114-omvand-24v-kolvkontakt\/","title":{"rendered":"Elektrisk endeplate 5114 Omvendt 24V Stempelkontakt"},"content":{"rendered":"<h1>Elektrisk endeplate 5114 Omvendt 24V Stempelkontakt<\/h1>\n<p class=\"\" data-start=\"399\" data-end=\"589\">Elektrisk sluttstykke 5114 Revers 24V med stempelkontakt, for d\u00f8rer med lave sikkerhetskrav innen handel, kontor og industri. Ul\u00e5st ved str\u00f8mbrudd, bruddstyrke 400 kg.<\/p>\n<p class=\"\" data-start=\"625\" data-end=\"1023\">Electric Strike 5114 Reverse 24V Piston Contact er et elektrisk sluttstykke som er perfekt for d\u00f8rer med lave sikkerhetskrav, noe som gj\u00f8r den ideell for bruk i handel, kontorer og industri.<\/p>\n<p class=\"\" data-start=\"625\" data-end=\"1023\">Den egner seg godt til innvendig l\u00e5sing, hvor et p\u00e5litelig og kostnadseffektivt l\u00e5sesystem er et krav men hvor sikkerheten ikke trenger \u00e5 v\u00e6re like streng som i mer utsatte omgivelser.<\/p>\n<p class=\"\" data-start=\"1025\" data-end=\"1532\">Dette elektriske sluttstykket har en reversfunksjon, som gj\u00f8r at d\u00f8ren l\u00e5ses opp ved str\u00f8mbrudd. Dette gj\u00f8r den til en praktisk l\u00f8sning i situasjoner der d\u00f8ren m\u00e5 l\u00e5ses opp ved str\u00f8mbrudd.<\/p>\n<p class=\"\" data-start=\"1025\" data-end=\"1532\">Det elektriske sluttstykket er laget med en st\u00e5ltapp og et l\u00e5sehus i sinklegering, noe som gj\u00f8r det til et robust og slitesterkt produkt som t\u00e5ler langvarig bruk.<\/p>\n<p class=\"\" data-start=\"1025\" data-end=\"1532\">Med en bruddstyrke p\u00e5 4000 N (400 kg) er den sterk nok til bruk i mange d\u00f8rer som krever p\u00e5litelig l\u00e5sing.<\/p>\n<p class=\"\" data-start=\"1534\" data-end=\"1822\">Electric strike 5114 Reverse 24V Stempelkontakt kan brukes i kombinasjon med enkle eller doble l\u00e5sel\u00e5ser, og den kan ogs\u00e5 leveres med mikrobryter og l\u00e5sestempelkontakt, noe som gj\u00f8r det mulig \u00e5 integrere den i et automatisert l\u00e5sesystem eller med andre sikkerhetsl\u00f8sninger.<\/p>\n<p class=\"\" data-start=\"1824\" data-end=\"1854\">N\u00f8kkelfunksjoner og fordeler:<\/p>\n<ul data-start=\"1855\" data-end=\"2374\">\n<li class=\"\" data-start=\"1855\" data-end=\"1930\">\n<p class=\"\" data-start=\"1857\" data-end=\"1930\">Omvendt funksjon: L\u00e5ses opp ved str\u00f8mbrudd for fleksibel bruk.<\/p>\n<\/li>\n<li class=\"\" data-start=\"1931\" data-end=\"2006\">\n<p class=\"\" data-start=\"1933\" data-end=\"2006\">Bruddstyrke: Holder opptil 4000 N (400 kg) for p\u00e5litelig l\u00e5sing.<\/p>\n<\/li>\n<li class=\"\" data-start=\"2007\" data-end=\"2084\">\n<p class=\"\" data-start=\"2009\" data-end=\"2084\">St\u00e5l torsjonsstang: Slitesterk og slitesterk konstruksjon for lang levetid.<\/p>\n<\/li>\n<li class=\"\" data-start=\"2085\" data-end=\"2163\">\n<p class=\"\" data-start=\"2087\" data-end=\"2163\">Kompatibilitet: Egnet for bruk med enkle eller doble falll\u00e5ser.<\/p>\n<\/li>\n<li class=\"\" data-start=\"2164\" data-end=\"2281\">\n<p class=\"\" data-start=\"2166\" data-end=\"2281\">Kan leveres med mikrobryter og l\u00e5sestempelkontakt: For \u00e5 \u00f8ke fleksibiliteten og sikkerheten i installasjonen.<\/p>\n<\/li>\n<li class=\"\" data-start=\"2282\" data-end=\"2374\">\n<p class=\"\" data-start=\"2284\" data-end=\"2374\">Ikke for branncelleskilled\u00f8rer: Ikke egnet for bruk i branncelleskilled\u00f8rer.<\/p>\n<\/li>\n<\/ul>\n<p class=\"\" data-start=\"2376\" data-end=\"2405\">Spesifikasjoner:<\/p>\n<ul data-start=\"2406\" data-end=\"2719\">\n<li class=\"\" data-start=\"2406\" data-end=\"2434\">\n<p class=\"\" data-start=\"2408\" data-end=\"2434\">Spenning: 24 VDC \u00b1 10%<\/p>\n<\/li>\n<li class=\"\" data-start=\"2435\" data-end=\"2467\">\n<p class=\"\" data-start=\"2437\" data-end=\"2467\">Str\u00f8mforbruk: 0-110 mA<\/p>\n<\/li>\n<li class=\"\" data-start=\"2468\" data-end=\"2510\">\n<p class=\"\" data-start=\"2470\" data-end=\"2510\">Bruddstyrke maks: 4000 N (400 kg)<\/p>\n<\/li>\n<li class=\"\" data-start=\"2511\" data-end=\"2531\">\n<p class=\"\" data-start=\"2513\" data-end=\"2531\">Torsjonskoffert: St\u00e5l<\/p>\n<\/li>\n<li class=\"\" data-start=\"2532\" data-end=\"2558\">\n<p class=\"\" data-start=\"2534\" data-end=\"2558\">L\u00e5sehus: Sinklegering<\/p>\n<\/li>\n<li class=\"\" data-start=\"2559\" data-end=\"2586\">\n<p class=\"\" data-start=\"2561\" data-end=\"2586\">Driftsspenning: 24 VDC<\/p>\n<\/li>\n<li class=\"\" data-start=\"2587\" data-end=\"2608\">\n<p class=\"\" data-start=\"2589\" data-end=\"2608\">Stempelkontakt: Ja<\/p>\n<\/li>\n<li class=\"\" data-start=\"2609\" data-end=\"2719\">\n<p class=\"\" data-start=\"2611\" data-end=\"2719\">Beskyttelsesdiode: Det anbefales \u00e5 bruke en beskyttelsesdiode n\u00e6r spolen til den elektriske termineringsplaten for \u00e5 beskytte elektronikken.<\/p>\n<\/li>\n<\/ul>\n<div>\n<p>&nbsp;<\/p>\n<\/div>","protected":false},"excerpt":{"rendered":"<h5><a href=\"https:\/\/elslutblecksguiden.se\/\" target=\"_blank\" rel=\"noopener\">Veiledning for ASSA Elektriske l\u00e5ser, motorl\u00e5ser, Elektriske sluttplater og erstatningsguide<\/a><\/h5>","protected":false},"featured_media":139039,"template":"","meta":{"_acf_changed":false},"product_brand":[],"product_cat":[3355],"product_tag":[4197,4201,2967],"class_list":{"0":"post-91531","1":"product","2":"type-product","3":"status-publish","4":"has-post-thumbnail","6":"product_cat-elslutbleck","7":"product_tag-24v","8":"product_tag-omvand","9":"product_tag-rg-assa-abloy","10":"product_shipping_class-tunga-paket","11":"pa_brands-abloy","12":"tm-no-options","14":"first","15":"onbackorder","16":"sale","17":"taxable","18":"shipping-taxable","19":"purchasable","20":"product-type-simple"},"acf":[],"_links":{"self":[{"href":"https:\/\/secureus.se\/no\/wp-json\/wp\/v2\/product\/91531","targetHints":{"allow":["GET"]}}],"collection":[{"href":"https:\/\/secureus.se\/no\/wp-json\/wp\/v2\/product"}],"about":[{"href":"https:\/\/secureus.se\/no\/wp-json\/wp\/v2\/types\/product"}],"wp:featuredmedia":[{"embeddable":true,"href":"https:\/\/secureus.se\/no\/wp-json\/wp\/v2\/media\/139039"}],"wp:attachment":[{"href":"https:\/\/secureus.se\/no\/wp-json\/wp\/v2\/media?parent=91531"}],"wp:term":[{"taxonomy":"product_brand","embeddable":true,"href":"https:\/\/secureus.se\/no\/wp-json\/wp\/v2\/product_brand?post=91531"},{"taxonomy":"product_cat","embeddable":true,"href":"https:\/\/secureus.se\/no\/wp-json\/wp\/v2\/product_cat?post=91531"},{"taxonomy":"product_tag","embeddable":true,"href":"https:\/\/secureus.se\/no\/wp-json\/wp\/v2\/product_tag?post=91531"}],"curies":[{"name":"wp","href":"https:\/\/api.w.org\/{rel}","templated":true}]}}