{"id":91532,"date":"2023-09-27T18:14:09","date_gmt":"2023-09-27T16:14:09","guid":{"rendered":"https:\/\/secureus.se\/elslutbleck-570-rattvand-24v-kolvkontakt\/"},"modified":"2026-03-25T15:40:35","modified_gmt":"2026-03-25T14:40:35","slug":"elslutbleck-570-rattvand-24v-kolvkontakt","status":"publish","type":"product","link":"https:\/\/secureus.se\/no\/elslutbleck-570-rattvand-24v-kolvkontakt\/","title":{"rendered":"Elektrisk endeplate 570 H\u00f8yrevendt 24V Stempelkontakt"},"content":{"rendered":"<div>\n<div>\n<h1>Elektrisk endeplate 570 H\u00f8yrevendt 24V Stempelkontakt<\/h1>\n<p class=\"\" data-start=\"392\" data-end=\"603\">Elektrisk sluttstykke 570 H\u00f8yrehendt 24V med stempelkontakt, for d\u00f8rer med normale sikkerhetskrav. Egnet for skallbeskyttelse, innvendig l\u00e5sing og innganger. Bruddstyrke 700 kg, for enkle og doble l\u00e5sel\u00e5ser.<\/p>\n<p class=\"\" data-start=\"639\" data-end=\"1164\">Electric Strike 570 h\u00f8yreh\u00e5nds 24V stempelkontakt er et standard elektrisk sluttstykke designet for bruk i d\u00f8rer med normale sikkerhetskrav, noe som gj\u00f8r det til et utmerket valg for skallbeskyttelse, innvendig l\u00e5sing og innganger i detaljhandel, kontor, industri og offentlige omr\u00e5der i flerfamiliehus.<\/p>\n<p class=\"\" data-start=\"639\" data-end=\"1164\">Det elektriske sluttstykket er designet for \u00e5 brukes i kombinasjon med forriglede enkelt- eller doble l\u00e5sel\u00e5ser, noe som gj\u00f8r det til en allsidig l\u00f8sning for forskjellige d\u00f8rkonfigurasjoner og sikkerhetskrav.<\/p>\n<p class=\"\" data-start=\"1166\" data-end=\"1504\">En av de enest\u00e5ende egenskapene er den feilsikre funksjonen, som betyr at d\u00f8ren l\u00e5ses ved str\u00f8mbrudd, noe som gir ekstra sikkerhet.<\/p>\n<p class=\"\" data-start=\"1166\" data-end=\"1504\">Electric strike 570 er utstyrt med stempelkontakt for \u00e5 muliggj\u00f8re indikasjoner n\u00e5r d\u00f8ren er lukket\/\u00e5pen, noe som gir et godt sikkerhetskomplement for automatiserte l\u00e5sesystemer.<\/p>\n<p class=\"\" data-start=\"1506\" data-end=\"1923\">Denne elektriske strikken er konstruert med en vril\u00e5s i bronse og et l\u00e5sehus i sinklegering, som gir h\u00f8y slitestyrke og st\u00f8tmotstand for \u00e5 sikre lang holdbarhet og p\u00e5litelighet over mange \u00e5pningssykluser.<\/p>\n<p class=\"\" data-start=\"1506\" data-end=\"1923\">Med en bruddstyrke p\u00e5 700 kg (7 kN) er den sterk nok til \u00e5 t\u00e5le p\u00e5kjenningene i milj\u00f8er med mye trafikk, noe som gj\u00f8r den egnet for d\u00f8rer som er utsatt for hyppig bruk.<\/p>\n<p class=\"\" data-start=\"1925\" data-end=\"1955\">N\u00f8kkelfunksjoner og fordeler:<\/p>\n<ul data-start=\"1956\" data-end=\"2348\">\n<li class=\"\" data-start=\"1956\" data-end=\"2026\">\n<p class=\"\" data-start=\"1958\" data-end=\"2026\">H\u00f8yrevendt funksjon: L\u00e5ses ved str\u00f8mbrudd for \u00f8kt sikkerhet.<\/p>\n<\/li>\n<li class=\"\" data-start=\"2027\" data-end=\"2107\">\n<p class=\"\" data-start=\"2029\" data-end=\"2107\">Bruddstyrke: 700 kg (7 kN), noe som sikrer holdbarhet og p\u00e5litelighet.<\/p>\n<\/li>\n<li class=\"\" data-start=\"2108\" data-end=\"2192\">\n<p class=\"\" data-start=\"2110\" data-end=\"2192\">Bronse pivot og sinklegering l\u00e5sehus: Gir lang levetid og holdbarhet.<\/p>\n<\/li>\n<li class=\"\" data-start=\"2193\" data-end=\"2271\">\n<p class=\"\" data-start=\"2195\" data-end=\"2271\">Stempelkontakt: Aktiverer indikasjoner for \u00e5 signalisere lukket\/\u00e5pen d\u00f8r.<\/p>\n<\/li>\n<li class=\"\" data-start=\"2272\" data-end=\"2348\">\n<p class=\"\" data-start=\"2274\" data-end=\"2348\">H\u00f8y slag- og vibrasjonsmotstand: For \u00f8kt motstand mot stress.<\/p>\n<\/li>\n<\/ul>\n<p class=\"\" data-start=\"2350\" data-end=\"2379\">Spesifikasjoner:<\/p>\n<ul data-start=\"2380\" data-end=\"2722\">\n<li class=\"\" data-start=\"2380\" data-end=\"2408\">\n<p class=\"\" data-start=\"2382\" data-end=\"2408\">Spenning: 24 VDC \u00b1 10%<\/p>\n<\/li>\n<li class=\"\" data-start=\"2409\" data-end=\"2449\">\n<p class=\"\" data-start=\"2411\" data-end=\"2449\">Str\u00f8mforbruk: 185 mA under drift<\/p>\n<\/li>\n<li class=\"\" data-start=\"2450\" data-end=\"2485\">\n<p class=\"\" data-start=\"2452\" data-end=\"2485\">Bruddstyrke maks: 700 kg (7 kN)<\/p>\n<\/li>\n<li class=\"\" data-start=\"2486\" data-end=\"2542\">\n<p class=\"\" data-start=\"2488\" data-end=\"2542\">L\u00e5sehus og vril\u00e5s: St\u00e5l (bronse og sinklegering)<\/p>\n<\/li>\n<li class=\"\" data-start=\"2543\" data-end=\"2570\">\n<p class=\"\" data-start=\"2545\" data-end=\"2570\">Driftsspenning: 24 VDC<\/p>\n<\/li>\n<li class=\"\" data-start=\"2571\" data-end=\"2592\">\n<p class=\"\" data-start=\"2573\" data-end=\"2592\">Stempelkontakt: Ja<\/p>\n<\/li>\n<li class=\"\" data-start=\"2593\" data-end=\"2674\">\n<p class=\"\" data-start=\"2595\" data-end=\"2674\">Beskyttelsesdiode: Det anbefales \u00e5 bruke en beskyttelsesdiode n\u00e6r den elektriske sluttspolen.<\/p>\n<\/li>\n<li class=\"\" data-start=\"2675\" data-end=\"2722\">\n<p class=\"\" data-start=\"2677\" data-end=\"2722\"><strong data-start=\"2677\" data-end=\"2696\">Kompatibilitet:<\/strong> Enkelt- eller tofl\u00f8yet l\u00e5s<\/p>\n<\/li>\n<\/ul>\n<\/div>\n<div><\/div>\n<\/div>","protected":false},"excerpt":{"rendered":"<h5><a href=\"https:\/\/elslutblecksguiden.se\/\" target=\"_blank\" rel=\"noopener\">Veiledning for ASSA Elektriske l\u00e5ser, motorl\u00e5ser, Elektriske sluttplater og erstatningsguide<\/a><\/h5>","protected":false},"featured_media":159497,"template":"","meta":{"_acf_changed":false},"product_brand":[],"product_cat":[3355],"product_tag":[4197,4200,2967],"class_list":{"0":"post-91532","1":"product","2":"type-product","3":"status-publish","4":"has-post-thumbnail","6":"product_cat-elslutbleck","7":"product_tag-24v","8":"product_tag-rattvand","9":"product_tag-rg-assa-abloy","10":"product_shipping_class-tunga-paket","11":"pa_brands-abloy","12":"tm-no-options","14":"first","15":"instock","16":"sale","17":"taxable","18":"shipping-taxable","19":"purchasable","20":"product-type-simple"},"acf":[],"_links":{"self":[{"href":"https:\/\/secureus.se\/no\/wp-json\/wp\/v2\/product\/91532","targetHints":{"allow":["GET"]}}],"collection":[{"href":"https:\/\/secureus.se\/no\/wp-json\/wp\/v2\/product"}],"about":[{"href":"https:\/\/secureus.se\/no\/wp-json\/wp\/v2\/types\/product"}],"wp:featuredmedia":[{"embeddable":true,"href":"https:\/\/secureus.se\/no\/wp-json\/wp\/v2\/media\/159497"}],"wp:attachment":[{"href":"https:\/\/secureus.se\/no\/wp-json\/wp\/v2\/media?parent=91532"}],"wp:term":[{"taxonomy":"product_brand","embeddable":true,"href":"https:\/\/secureus.se\/no\/wp-json\/wp\/v2\/product_brand?post=91532"},{"taxonomy":"product_cat","embeddable":true,"href":"https:\/\/secureus.se\/no\/wp-json\/wp\/v2\/product_cat?post=91532"},{"taxonomy":"product_tag","embeddable":true,"href":"https:\/\/secureus.se\/no\/wp-json\/wp\/v2\/product_tag?post=91532"}],"curies":[{"name":"wp","href":"https:\/\/api.w.org\/{rel}","templated":true}]}}