{"id":91533,"date":"2023-09-27T18:14:08","date_gmt":"2023-09-27T16:14:08","guid":{"rendered":"https:\/\/secureus.se\/elslutbleck-5131-rattvand-24v-kolvkontakt\/"},"modified":"2026-04-23T12:21:41","modified_gmt":"2026-04-23T10:21:41","slug":"elslutbleck-5131-rattvand-24v-kolvkontakt","status":"publish","type":"product","link":"https:\/\/secureus.se\/no\/elslutbleck-5131-rattvand-24v-kolvkontakt\/","title":{"rendered":"Elektrisk endeplate 5131 H\u00f8yrevendt 24V Stempelkontakt"},"content":{"rendered":"<div><\/div>\n<div>\n<h1>Elektrisk endeplate 5131 H\u00f8yrevendt 24V Stempelkontakt<\/h1>\n<p>Elektrisk endeplate 5131 H\u00f8yrevendt 24V Stempelkontakt for h\u00f8yfrekvente d\u00f8rer innen handel, industri og skallbeskyttelse. Bruddstyrke 1500 kg, garanterer \u00e5pning ved vippetrykk p\u00e5 25 kg. H\u00f8y sikkerhet og lang holdbarhet.<\/p>\n<p class=\"\" data-start=\"687\" data-end=\"1229\">Elektrisk lukkeplate 5131 H\u00f8yrevendt 24V Stempelkontakt er en ekstra sterk elektrisk lukkeplate fra ASSA ABLOY designet for h\u00f8yfrekvente d\u00f8rer som stiller h\u00f8ye krav til slitestyrke og bruddstyrke.<\/p>\n<p class=\"\" data-start=\"687\" data-end=\"1229\">Perfekt for bruk i skallbeskyttelse, innganger, porter og offentlige omr\u00e5der i handel, kontorer, industri og flerhusbebyggelse.<\/p>\n<p class=\"\" data-start=\"687\" data-end=\"1229\">Denne elektriske deadbolten er designet for \u00e5 passe enkelt- og dobbel-fold-l\u00e5ser, og er ideell for dagl\u00e5sing i d\u00f8rer hvor h\u00f8ye sikkerhetskrav og hyppig bruk forekommer.<\/p>\n<p class=\"\" data-start=\"1231\" data-end=\"1581\">Med en bruddstyrke p\u00e5 1500 kg (15 kN) og en evne til \u00e5 garantere \u00e5pning til tross for et stripetrykk p\u00e5 opptil 250 N (25 kg), tilbyr denne elektriske endeplaten overlegen p\u00e5litelighet og sikkerhet selv under t\u00f8ffe forhold.<\/p>\n<p class=\"\" data-start=\"1231\" data-end=\"1581\">Dens h\u00f8yrevendte funksjon gj\u00f8r at d\u00f8ren l\u00e5ses i spenningsl\u00f8s stilling, noe som gir \u00f8kt sikkerhet ved str\u00f8mbrudd.<\/p>\n<p class=\"\" data-start=\"1583\" data-end=\"1613\">N\u00f8kkelfunksjoner og fordeler:<\/p>\n<ul data-start=\"1614\" data-end=\"2005\">\n<li class=\"\" data-start=\"1614\" data-end=\"1696\">\n<p class=\"\" data-start=\"1616\" data-end=\"1696\">H\u00f8yrevendt funksjon: L\u00e5ses ved str\u00f8mbrudd for sikkerhets skyld ved str\u00f8mbrudd.<\/p>\n<\/li>\n<li class=\"\" data-start=\"1697\" data-end=\"1773\">\n<p class=\"\" data-start=\"1699\" data-end=\"1773\">L\u00e5s stempelkontakt: For sikker indikasjon p\u00e5 om d\u00f8ren er lukket eller \u00e5pen.<\/p>\n<\/li>\n<li class=\"\" data-start=\"1774\" data-end=\"1835\">\n<p class=\"\" data-start=\"1776\" data-end=\"1835\">H\u00f8y bruddstyrke: 1500 kg (15 kN) for maksimal holdbarhet.<\/p>\n<\/li>\n<li class=\"\" data-start=\"1836\" data-end=\"1913\">\n<p class=\"\" data-start=\"1838\" data-end=\"1913\">St\u00f8tbeskyttelse: For \u00f8kt sikkerhet og motstand mot ytre p\u00e5virkninger.<\/p>\n<\/li>\n<li class=\"\" data-start=\"1914\" data-end=\"2005\">\n<p class=\"\" data-start=\"1916\" data-end=\"2005\">Lang holdbarhet: T\u00e5ler millioner av \u00e5pningssykluser, perfekt for h\u00f8yt trafikkerte d\u00f8rer.<\/p>\n<\/li>\n<\/ul>\n<p class=\"\" data-start=\"2007\" data-end=\"2024\">Tekniske data:<\/p>\n<ul data-start=\"2025\" data-end=\"2450\">\n<li class=\"\" data-start=\"2025\" data-end=\"2054\">\n<p class=\"\" data-start=\"2027\" data-end=\"2054\">Spenning: 24 VDC \u00b1 10 %<\/p>\n<\/li>\n<li class=\"\" data-start=\"2055\" data-end=\"2117\">\n<p class=\"\" data-start=\"2057\" data-end=\"2117\">Str\u00f8mforbruk: 240 mA (start), 145 mA (drift) ved 24V<\/p>\n<\/li>\n<li class=\"\" data-start=\"2118\" data-end=\"2151\">\n<p class=\"\" data-start=\"2120\" data-end=\"2151\">Bruddstyrke: 1500 kg (15 kN)<\/p>\n<\/li>\n<li class=\"\" data-start=\"2152\" data-end=\"2182\">\n<p class=\"\" data-start=\"2154\" data-end=\"2182\">Bartrykk: 250 N (25 kg)<\/p>\n<\/li>\n<li class=\"\" data-start=\"2183\" data-end=\"2237\">\n<p class=\"\" data-start=\"2185\" data-end=\"2237\">Mikrobryter: Enpolet utskiftbar, maks. 30 VDC, 1A<\/p>\n<\/li>\n<li class=\"\" data-start=\"2238\" data-end=\"2285\">\n<p class=\"\" data-start=\"2240\" data-end=\"2285\">Kompatibilitet: Enkel falll\u00e5s, Dobbel falll\u00e5s<\/p>\n<\/li>\n<li class=\"\" data-start=\"2286\" data-end=\"2307\">\n<p class=\"\" data-start=\"2288\" data-end=\"2307\">Stempelkontakt: Ja<\/p>\n<\/li>\n<li class=\"\" data-start=\"2308\" data-end=\"2354\">\n<p class=\"\" data-start=\"2310\" data-end=\"2354\">Beskyttelsesdiode: Anbefalt (f.eks. 1N4004)<\/p>\n<\/li>\n<li class=\"\" data-start=\"2355\" data-end=\"2387\">\n<p class=\"\" data-start=\"2357\" data-end=\"2387\">Farge\/finish: Rustfritt st\u00e5l<\/p>\n<\/li>\n<li class=\"\" data-start=\"2388\" data-end=\"2412\">\n<p class=\"\" data-start=\"2390\" data-end=\"2412\">Driftsspenning: 24V<\/p>\n<\/li>\n<li class=\"\" data-start=\"2413\" data-end=\"2450\">\n<p class=\"\" data-start=\"2415\" data-end=\"2450\">Spenning maks\/min: 26,4V \/ 21,6V<\/p>\n<\/li>\n<\/ul>\n<\/div>","protected":false},"excerpt":{"rendered":"<h5><a href=\"https:\/\/elslutblecksguiden.se\/\" target=\"_blank\" rel=\"noopener\">Veiledning for ASSA Elektriske l\u00e5ser, motorl\u00e5ser, Elektriske sluttplater og erstatningsguide<\/a><\/h5>","protected":false},"featured_media":138713,"template":"","meta":{"_acf_changed":false},"product_brand":[],"product_cat":[3355],"product_tag":[4197,4200,2967],"class_list":{"0":"post-91533","1":"product","2":"type-product","3":"status-publish","4":"has-post-thumbnail","6":"product_cat-elslutbleck","7":"product_tag-24v","8":"product_tag-rattvand","9":"product_tag-rg-assa-abloy","10":"product_shipping_class-tunga-paket","11":"pa_brands-abloy","12":"tm-no-options","14":"first","15":"outofstock","16":"sale","17":"taxable","18":"shipping-taxable","19":"purchasable","20":"product-type-simple"},"acf":[],"_links":{"self":[{"href":"https:\/\/secureus.se\/no\/wp-json\/wp\/v2\/product\/91533","targetHints":{"allow":["GET"]}}],"collection":[{"href":"https:\/\/secureus.se\/no\/wp-json\/wp\/v2\/product"}],"about":[{"href":"https:\/\/secureus.se\/no\/wp-json\/wp\/v2\/types\/product"}],"wp:featuredmedia":[{"embeddable":true,"href":"https:\/\/secureus.se\/no\/wp-json\/wp\/v2\/media\/138713"}],"wp:attachment":[{"href":"https:\/\/secureus.se\/no\/wp-json\/wp\/v2\/media?parent=91533"}],"wp:term":[{"taxonomy":"product_brand","embeddable":true,"href":"https:\/\/secureus.se\/no\/wp-json\/wp\/v2\/product_brand?post=91533"},{"taxonomy":"product_cat","embeddable":true,"href":"https:\/\/secureus.se\/no\/wp-json\/wp\/v2\/product_cat?post=91533"},{"taxonomy":"product_tag","embeddable":true,"href":"https:\/\/secureus.se\/no\/wp-json\/wp\/v2\/product_tag?post=91533"}],"curies":[{"name":"wp","href":"https:\/\/api.w.org\/{rel}","templated":true}]}}