{"id":91536,"date":"2023-09-27T18:14:02","date_gmt":"2023-09-27T16:14:02","guid":{"rendered":"https:\/\/secureus.se\/elslutbleck-70-rattvand-24v\/"},"modified":"2026-03-25T15:42:52","modified_gmt":"2026-03-25T14:42:52","slug":"elslutbleck-70-rattvand-24v","status":"publish","type":"product","link":"https:\/\/secureus.se\/no\/elslutbleck-70-rattvand-24v\/","title":{"rendered":"Elektrisk endeplate 70 H\u00f8yrevendt 24V"},"content":{"rendered":"<h1>Elektrisk endeplate 70 H\u00f8yrevendt 24V<\/h1>\n<p class=\"\" data-start=\"489\" data-end=\"805\">ASSA ABLOY Standard elektrisk sluttstykke 70 H\u00f8yrehendt 24V er designet for \u00e5 m\u00f8te sikkerhetskravene som stilles til d\u00f8rer i ulike milj\u00f8er. Med en bruddstyrke p\u00e5 700 kg (7 kN) og h\u00f8y slag- og vibrasjonsmotstand, er denne elektriske strikken perfekt for bruk i handel, kontorer, industri og leilighetsbygg.<\/p>\n<p class=\"\" data-start=\"807\" data-end=\"1191\">L\u00e5sen er utformet for \u00e5 brukes i brannseksjonsskilled\u00f8rer sammen med en dobbell\u00e5s og en dedikert stolpe, noe som gj\u00f8r den til en sikker l\u00f8sning for innvendig l\u00e5sing.<\/p>\n<p class=\"\" data-start=\"807\" data-end=\"1191\">H\u00f8yreh\u00e5ndsfunksjonen gj\u00f8r at l\u00e5sen forblir aktiv ogs\u00e5 ved str\u00f8mbrudd, noe som \u00f8ker sikkerheten. Den sinkbelagte finishen gir langvarig holdbarhet, og den er kompatibel med b\u00e5de enkelt- og tofl\u00f8yede l\u00e5ser.<\/p>\n<div>\n<div>Elektrisk sluttstykke 70 Rettvinklet 24V fra ASSA ABLOY er et p\u00e5litelig elektrisk sluttstykke for d\u00f8rer med normale sikkerhetskrav.<\/div>\n<div><\/div>\n<div>Den har en bruddstyrke p\u00e5 700 kg og er egnet for bruk i skallbeskyttelse, kontorer, industri og offentlige omr\u00e5der i leilighetsbygg.<\/div>\n<div><\/div>\n<div>H\u00f8yreh\u00e5ndsfunksjonen s\u00f8rger for at l\u00e5sen er aktiv ogs\u00e5 ved str\u00f8mbrudd.<\/div>\n<\/div>\n<div>\n<p class=\"\" data-start=\"1193\" data-end=\"1215\"><strong data-start=\"1193\" data-end=\"1213\">Spesifikasjoner:<\/strong><\/p>\n<ul data-start=\"1216\" data-end=\"1529\">\n<li class=\"\" data-start=\"1216\" data-end=\"1250\">\n<p class=\"\" data-start=\"1218\" data-end=\"1250\">Bruddstyrke: 700 kg (7 kN)<\/p>\n<\/li>\n<li class=\"\" data-start=\"1251\" data-end=\"1283\">\n<p class=\"\" data-start=\"1253\" data-end=\"1283\">D\u00f8rhengsel: H\u00f8yre, venstre<\/p>\n<\/li>\n<li class=\"\" data-start=\"1284\" data-end=\"1321\">\n<p class=\"\" data-start=\"1286\" data-end=\"1321\">L\u00e5stype: Enkel l\u00e5s, Dobbel l\u00e5s<\/p>\n<\/li>\n<li class=\"\" data-start=\"1322\" data-end=\"1344\">\n<p class=\"\" data-start=\"1324\" data-end=\"1344\">Driftsspenning: 24V<\/p>\n<\/li>\n<li class=\"\" data-start=\"1345\" data-end=\"1377\">\n<p class=\"\" data-start=\"1347\" data-end=\"1377\">Farge\/Overflatebehandling: Forsinket<\/p>\n<\/li>\n<li class=\"\" data-start=\"1378\" data-end=\"1398\">\n<p class=\"\" data-start=\"1380\" data-end=\"1398\">Stempelkontakt: Nei<\/p>\n<\/li>\n<li class=\"\" data-start=\"1399\" data-end=\"1424\">\n<p class=\"\" data-start=\"1401\" data-end=\"1424\">Spenning AC\/DC: AC\/DC<\/p>\n<\/li>\n<li class=\"\" data-start=\"1425\" data-end=\"1449\">\n<p class=\"\" data-start=\"1427\" data-end=\"1449\">Maks spenning: 26,4V<\/p>\n<\/li>\n<li class=\"\" data-start=\"1450\" data-end=\"1474\">\n<p class=\"\" data-start=\"1452\" data-end=\"1474\">Min spenning: 21,6 V<\/p>\n<\/li>\n<li class=\"\" data-start=\"1475\" data-end=\"1499\">\n<p class=\"\" data-start=\"1477\" data-end=\"1499\">Dobbel vri drop: Nei<\/p>\n<\/li>\n<li class=\"\" data-start=\"1500\" data-end=\"1529\">\n<p class=\"\" data-start=\"1502\" data-end=\"1529\">Forside\/Revers: Forside<\/p>\n<\/li>\n<\/ul>\n<p class=\"\" data-start=\"1531\" data-end=\"1779\"><strong data-start=\"1531\" data-end=\"1553\">Bruksomr\u00e5der<\/strong><br data-start=\"1553\" data-end=\"1556\" \/>Den elektriske sluttplaten er ideell for skallbeskyttelse, innvendig l\u00e5sing i kontorer og industri, samt for innganger og offentlige omr\u00e5der i leilighetsbygg.<\/p>\n<p class=\"\" data-start=\"1531\" data-end=\"1779\">Det gir p\u00e5litelig sikkerhet i milj\u00f8er hvor det stilles h\u00f8ye krav til holdbarhet og sikkerhet.<\/p>\n<\/div>","protected":false},"excerpt":{"rendered":"<h5><a href=\"https:\/\/elslutblecksguiden.se\/\" target=\"_blank\" rel=\"noopener\">Veiledning for ASSA Elektriske l\u00e5ser, motorl\u00e5ser, Elektriske sluttplater og erstatningsguide<\/a><\/h5>","protected":false},"featured_media":138732,"template":"","meta":{"_acf_changed":false},"product_brand":[],"product_cat":[3355],"product_tag":[4197,4200,2967],"class_list":{"0":"post-91536","1":"product","2":"type-product","3":"status-publish","4":"has-post-thumbnail","6":"product_cat-elslutbleck","7":"product_tag-24v","8":"product_tag-rattvand","9":"product_tag-rg-assa-abloy","10":"product_shipping_class-tunga-paket","11":"pa_brands-abloy","12":"tm-no-options","14":"first","15":"instock","16":"sale","17":"taxable","18":"shipping-taxable","19":"purchasable","20":"product-type-simple"},"acf":[],"_links":{"self":[{"href":"https:\/\/secureus.se\/no\/wp-json\/wp\/v2\/product\/91536","targetHints":{"allow":["GET"]}}],"collection":[{"href":"https:\/\/secureus.se\/no\/wp-json\/wp\/v2\/product"}],"about":[{"href":"https:\/\/secureus.se\/no\/wp-json\/wp\/v2\/types\/product"}],"wp:featuredmedia":[{"embeddable":true,"href":"https:\/\/secureus.se\/no\/wp-json\/wp\/v2\/media\/138732"}],"wp:attachment":[{"href":"https:\/\/secureus.se\/no\/wp-json\/wp\/v2\/media?parent=91536"}],"wp:term":[{"taxonomy":"product_brand","embeddable":true,"href":"https:\/\/secureus.se\/no\/wp-json\/wp\/v2\/product_brand?post=91536"},{"taxonomy":"product_cat","embeddable":true,"href":"https:\/\/secureus.se\/no\/wp-json\/wp\/v2\/product_cat?post=91536"},{"taxonomy":"product_tag","embeddable":true,"href":"https:\/\/secureus.se\/no\/wp-json\/wp\/v2\/product_tag?post=91536"}],"curies":[{"name":"wp","href":"https:\/\/api.w.org\/{rel}","templated":true}]}}