{"id":91537,"date":"2023-09-27T18:14:01","date_gmt":"2023-09-27T16:14:01","guid":{"rendered":"https:\/\/secureus.se\/elslutbleck-71-omvand-24v\/"},"modified":"2026-04-23T12:21:40","modified_gmt":"2026-04-23T10:21:40","slug":"elslutbleck-71-omvand-24v","status":"publish","type":"product","link":"https:\/\/secureus.se\/no\/elslutbleck-71-omvand-24v\/","title":{"rendered":"Elektrisk endeplate 71 Revers 24V"},"content":{"rendered":"<div>\n<h1>Elektrisk endeplate 71 Revers 24V<\/h1>\n<p class=\"\" data-start=\"459\" data-end=\"763\">ASSA ABLOY Standard elektrisk sluttstykke 71 Reverse 24V er designet for d\u00f8rer som krever en sikker og holdbar l\u00e5sel\u00f8sning.<\/p>\n<p class=\"\" data-start=\"459\" data-end=\"763\">Med en bruddstyrke p\u00e5 700 kg (7 kN) og h\u00f8y slag- og vibrasjonsmotstand, tilbyr dette elektriske sluttstykket h\u00f8y sikkerhet for d\u00f8rer som brukes til skallbeskyttelse og innvendig l\u00e5sing.<\/p>\n<p class=\"\" data-start=\"765\" data-end=\"1174\">L\u00e5sen har en reversfunksjon, som betyr at den l\u00e5ses opp i tilfelle str\u00f8mbrudd, noe som gj\u00f8r den nyttig i spesifikke sikkerhetsl\u00f8sninger der denne funksjonen er n\u00f8dvendig.<\/p>\n<p class=\"\" data-start=\"765\" data-end=\"1174\">Den er designet for bruk i brannskilled\u00f8rer i kombinasjon med en dobbell\u00e5s og en dedikert stolpe. Den er ogs\u00e5 laget med en vril\u00e5s i bronse og l\u00e5sehus i sinklegering, som gir langvarig holdbarhet og p\u00e5litelighet.<\/p>\n<p class=\"\" data-start=\"1176\" data-end=\"1198\"><strong data-start=\"1176\" data-end=\"1196\">Spesifikasjoner:<\/strong><\/p>\n<ul data-start=\"1199\" data-end=\"1510\">\n<li class=\"\" data-start=\"1199\" data-end=\"1233\">\n<p class=\"\" data-start=\"1201\" data-end=\"1233\">Bruddstyrke: 700 kg (7 kN)<\/p>\n<\/li>\n<li class=\"\" data-start=\"1234\" data-end=\"1266\">\n<p class=\"\" data-start=\"1236\" data-end=\"1266\">D\u00f8rhengsel: H\u00f8yre, venstre<\/p>\n<\/li>\n<li class=\"\" data-start=\"1267\" data-end=\"1304\">\n<p class=\"\" data-start=\"1269\" data-end=\"1304\">L\u00e5stype: Enkel l\u00e5s, Dobbel l\u00e5s<\/p>\n<\/li>\n<li class=\"\" data-start=\"1305\" data-end=\"1327\">\n<p class=\"\" data-start=\"1307\" data-end=\"1327\">Driftsspenning: 24V<\/p>\n<\/li>\n<li class=\"\" data-start=\"1328\" data-end=\"1360\">\n<p class=\"\" data-start=\"1330\" data-end=\"1360\">Farge\/Overflatebehandling: Forsinket<\/p>\n<\/li>\n<li class=\"\" data-start=\"1361\" data-end=\"1381\">\n<p class=\"\" data-start=\"1363\" data-end=\"1381\">Stempelkontakt: Nei<\/p>\n<\/li>\n<li class=\"\" data-start=\"1382\" data-end=\"1407\">\n<p class=\"\" data-start=\"1384\" data-end=\"1407\">Spenning AC\/DC: AC\/DC<\/p>\n<\/li>\n<li class=\"\" data-start=\"1408\" data-end=\"1432\">\n<p class=\"\" data-start=\"1410\" data-end=\"1432\">Maks spenning: 26,4V<\/p>\n<\/li>\n<li class=\"\" data-start=\"1433\" data-end=\"1457\">\n<p class=\"\" data-start=\"1435\" data-end=\"1457\">Min spenning: 21,6 V<\/p>\n<\/li>\n<li class=\"\" data-start=\"1458\" data-end=\"1482\">\n<p class=\"\" data-start=\"1460\" data-end=\"1482\">Dobbel vri drop: Nei<\/p>\n<\/li>\n<li class=\"\" data-start=\"1483\" data-end=\"1510\">\n<p class=\"\" data-start=\"1485\" data-end=\"1510\">H\u00f8yre\/Revers: Revers<\/p>\n<\/li>\n<\/ul>\n<p class=\"\" data-start=\"1512\" data-end=\"1775\"><strong data-start=\"1512\" data-end=\"1534\">Bruksomr\u00e5der<\/strong><br data-start=\"1534\" data-end=\"1537\" \/>Dette elektriske sluttstykket er ideelt for skallbeskyttelse, innvendig l\u00e5sing og sikkerhet i kontorer, industri og leilighetsbygg.<\/p>\n<p class=\"\" data-start=\"1512\" data-end=\"1775\">Den er spesielt nyttig i d\u00f8rer som krever omvendt drift ved str\u00f8mbrudd og gir en sikker og p\u00e5litelig l\u00f8sning.<\/p>\n<\/div>","protected":false},"excerpt":{"rendered":"<h5><a href=\"https:\/\/elslutblecksguiden.se\/\" target=\"_blank\" rel=\"noopener\">Veiledning for ASSA Elektriske l\u00e5ser, motorl\u00e5ser, Elektriske sluttplater og erstatningsguide<\/a><\/h5>","protected":false},"featured_media":140056,"template":"","meta":{"_acf_changed":false},"product_brand":[],"product_cat":[3355],"product_tag":[4197,4201,2967],"class_list":{"0":"post-91537","1":"product","2":"type-product","3":"status-publish","4":"has-post-thumbnail","6":"product_cat-elslutbleck","7":"product_tag-24v","8":"product_tag-omvand","9":"product_tag-rg-assa-abloy","10":"product_shipping_class-tunga-paket","11":"pa_brands-abloy","12":"tm-no-options","14":"first","15":"onbackorder","16":"sale","17":"taxable","18":"shipping-taxable","19":"purchasable","20":"product-type-simple"},"acf":[],"_links":{"self":[{"href":"https:\/\/secureus.se\/no\/wp-json\/wp\/v2\/product\/91537","targetHints":{"allow":["GET"]}}],"collection":[{"href":"https:\/\/secureus.se\/no\/wp-json\/wp\/v2\/product"}],"about":[{"href":"https:\/\/secureus.se\/no\/wp-json\/wp\/v2\/types\/product"}],"wp:featuredmedia":[{"embeddable":true,"href":"https:\/\/secureus.se\/no\/wp-json\/wp\/v2\/media\/140056"}],"wp:attachment":[{"href":"https:\/\/secureus.se\/no\/wp-json\/wp\/v2\/media?parent=91537"}],"wp:term":[{"taxonomy":"product_brand","embeddable":true,"href":"https:\/\/secureus.se\/no\/wp-json\/wp\/v2\/product_brand?post=91537"},{"taxonomy":"product_cat","embeddable":true,"href":"https:\/\/secureus.se\/no\/wp-json\/wp\/v2\/product_cat?post=91537"},{"taxonomy":"product_tag","embeddable":true,"href":"https:\/\/secureus.se\/no\/wp-json\/wp\/v2\/product_tag?post=91537"}],"curies":[{"name":"wp","href":"https:\/\/api.w.org\/{rel}","templated":true}]}}