{"id":91539,"date":"2023-09-27T18:13:58","date_gmt":"2023-09-27T16:13:58","guid":{"rendered":"https:\/\/secureus.se\/elslutbleck-5331-omvand-24v-kolvkontakt\/"},"modified":"2026-04-23T12:21:50","modified_gmt":"2026-04-23T10:21:50","slug":"elslutbleck-5331-omvand-24v-kolvkontakt","status":"publish","type":"product","link":"https:\/\/secureus.se\/no\/elslutbleck-5331-omvand-24v-kolvkontakt\/","title":{"rendered":"Elektrisk endeplate 5331 Omvendt 24V Stempelkontakt"},"content":{"rendered":"<h1>Elektrisk endeplate 5331 Omvendt 24V Stempelkontakt<\/h1>\n<p class=\"\" data-start=\"433\" data-end=\"735\">ASSA ABLOY elektrisk sluttstykke 5331 Omvendt 24V stempelkontakt er bygget for \u00e5 m\u00f8te h\u00f8ye krav til slitestyrke og lang holdbarhet.<\/p>\n<p class=\"\" data-start=\"433\" data-end=\"735\">Med en bruddstyrke p\u00e5 750 kg (7,05 kN) og evnen til \u00e5 t\u00e5le millioner av \u00e5pningssykluser, er dette elektriske sluttstykket ideelt for bruk i h\u00f8yfrekvente d\u00f8rer.<\/p>\n<p class=\"\" data-start=\"737\" data-end=\"1019\">Reversfunksjonen gj\u00f8r at det elektriske sluttstykket l\u00e5ses opp ved str\u00f8mbrudd, noe som er en sikkerhetsfunksjon som kan v\u00e6re avgj\u00f8rende i visse milj\u00f8er.<\/p>\n<p class=\"\" data-start=\"737\" data-end=\"1019\">L\u00e5sestempelkontakten og en slitesterk konstruksjon med vril\u00e5s i st\u00e5l og l\u00e5sehus sikrer b\u00e5de langvarig funksjon og h\u00f8y sikkerhet.<\/p>\n<p class=\"\" data-start=\"1021\" data-end=\"1221\">Den garanterer \u00e5pning selv med et stripetrykk p\u00e5 opptil 500 kg og en d\u00f8rholdekraft i ul\u00e5st posisjon p\u00e5 4 kg.<\/p>\n<p class=\"\" data-start=\"1021\" data-end=\"1221\">Den elektriske sluttplaten er ogs\u00e5 tilgjengelig med en mikrobryter for ekstra funksjonalitet.<\/p>\n<p class=\"\" data-start=\"1223\" data-end=\"1245\"><strong data-start=\"1223\" data-end=\"1243\">Spesifikasjoner:<\/strong><\/p>\n<ul data-start=\"1246\" data-end=\"1576\">\n<li class=\"\" data-start=\"1246\" data-end=\"1283\">\n<p class=\"\" data-start=\"1248\" data-end=\"1283\">Bruddstyrke: 750 kg (7,05 kN)<\/p>\n<\/li>\n<li class=\"\" data-start=\"1284\" data-end=\"1316\">\n<p class=\"\" data-start=\"1286\" data-end=\"1316\">D\u00f8rhengsel: H\u00f8yre, venstre<\/p>\n<\/li>\n<li class=\"\" data-start=\"1317\" data-end=\"1338\">\n<p class=\"\" data-start=\"1319\" data-end=\"1338\">Listetrykk: 500 kg<\/p>\n<\/li>\n<li class=\"\" data-start=\"1339\" data-end=\"1376\">\n<p class=\"\" data-start=\"1341\" data-end=\"1376\">L\u00e5stype: Enkel l\u00e5s, Dobbel l\u00e5s<\/p>\n<\/li>\n<li class=\"\" data-start=\"1377\" data-end=\"1399\">\n<p class=\"\" data-start=\"1379\" data-end=\"1399\">Driftsspenning: 24V<\/p>\n<\/li>\n<li class=\"\" data-start=\"1400\" data-end=\"1430\">\n<p class=\"\" data-start=\"1402\" data-end=\"1430\">Farge\/finish: Rustfritt st\u00e5l<\/p>\n<\/li>\n<li class=\"\" data-start=\"1431\" data-end=\"1450\">\n<p class=\"\" data-start=\"1433\" data-end=\"1450\">Stempelkontakt: Ja<\/p>\n<\/li>\n<li class=\"\" data-start=\"1451\" data-end=\"1473\">\n<p class=\"\" data-start=\"1453\" data-end=\"1473\">Spenning AC\/DC: DC<\/p>\n<\/li>\n<li class=\"\" data-start=\"1474\" data-end=\"1498\">\n<p class=\"\" data-start=\"1476\" data-end=\"1498\">Maks spenning: 26,4V<\/p>\n<\/li>\n<li class=\"\" data-start=\"1499\" data-end=\"1523\">\n<p class=\"\" data-start=\"1501\" data-end=\"1523\">Min spenning: 21,6 V<\/p>\n<\/li>\n<li class=\"\" data-start=\"1524\" data-end=\"1548\">\n<p class=\"\" data-start=\"1526\" data-end=\"1548\">Dobbel vri drop: Nei<\/p>\n<\/li>\n<li class=\"\" data-start=\"1549\" data-end=\"1576\">\n<p class=\"\" data-start=\"1551\" data-end=\"1576\">H\u00f8yre\/Revers: Revers<\/p>\n<\/li>\n<\/ul>\n<p class=\"\" data-start=\"1578\" data-end=\"1792\"><strong data-start=\"1578\" data-end=\"1600\">Bruksomr\u00e5der<\/strong><br data-start=\"1600\" data-end=\"1603\" \/>Dette elektriske sluttstykket er perfekt for bruk i h\u00f8yfrekvente d\u00f8rer i detaljhandel, kontor, industri og andre applikasjoner der h\u00f8y holdbarhet og sikkerhet kreves, for eksempel i skap og innganger.<\/p>","protected":false},"excerpt":{"rendered":"<h5><a href=\"https:\/\/elslutblecksguiden.se\/\" target=\"_blank\" rel=\"noopener\">Veiledning for ASSA Elektriske l\u00e5ser, motorl\u00e5ser, Elektriske sluttplater og erstatningsguide<\/a><\/h5>","protected":false},"featured_media":140063,"template":"","meta":{"_acf_changed":false},"product_brand":[],"product_cat":[3355],"product_tag":[4197,4201,2967],"class_list":{"0":"post-91539","1":"product","2":"type-product","3":"status-publish","4":"has-post-thumbnail","6":"product_cat-elslutbleck","7":"product_tag-24v","8":"product_tag-omvand","9":"product_tag-rg-assa-abloy","10":"product_shipping_class-tunga-paket","11":"pa_brands-abloy","12":"tm-no-options","14":"first","15":"onbackorder","16":"sale","17":"taxable","18":"shipping-taxable","19":"purchasable","20":"product-type-simple"},"acf":[],"_links":{"self":[{"href":"https:\/\/secureus.se\/no\/wp-json\/wp\/v2\/product\/91539","targetHints":{"allow":["GET"]}}],"collection":[{"href":"https:\/\/secureus.se\/no\/wp-json\/wp\/v2\/product"}],"about":[{"href":"https:\/\/secureus.se\/no\/wp-json\/wp\/v2\/types\/product"}],"wp:featuredmedia":[{"embeddable":true,"href":"https:\/\/secureus.se\/no\/wp-json\/wp\/v2\/media\/140063"}],"wp:attachment":[{"href":"https:\/\/secureus.se\/no\/wp-json\/wp\/v2\/media?parent=91539"}],"wp:term":[{"taxonomy":"product_brand","embeddable":true,"href":"https:\/\/secureus.se\/no\/wp-json\/wp\/v2\/product_brand?post=91539"},{"taxonomy":"product_cat","embeddable":true,"href":"https:\/\/secureus.se\/no\/wp-json\/wp\/v2\/product_cat?post=91539"},{"taxonomy":"product_tag","embeddable":true,"href":"https:\/\/secureus.se\/no\/wp-json\/wp\/v2\/product_tag?post=91539"}],"curies":[{"name":"wp","href":"https:\/\/api.w.org\/{rel}","templated":true}]}}