{"id":91541,"date":"2023-09-27T18:13:55","date_gmt":"2023-09-27T16:13:55","guid":{"rendered":"https:\/\/secureus.se\/elslutbleck-331-omvand-24v-kolvkontakt\/"},"modified":"2026-04-08T15:56:34","modified_gmt":"2026-04-08T13:56:34","slug":"elslutbleck-331-omvand-24v-kolvkontakt","status":"publish","type":"product","link":"https:\/\/secureus.se\/no\/elslutbleck-331-omvand-24v-kolvkontakt\/","title":{"rendered":"Elektrisk endeplate 331 Omvendt 24V Stempelkontakt"},"content":{"rendered":"<h1>Elektrisk endeplate 331 Omvendt 24V Stempelkontakt<\/h1>\n<p class=\"\" data-start=\"433\" data-end=\"796\">ASSA ABLOY ekstra sterk elektrisk sluttstykke 331 Revers 24V Stempelkontakt er designet for \u00e5 m\u00f8te de strengeste kravene til holdbarhet og sikkerhet.<\/p>\n<p class=\"\" data-start=\"433\" data-end=\"796\">Med en bruddstyrke p\u00e5 750 kg (7,5 kN) og evnen til \u00e5 t\u00e5le millioner av \u00e5pningssykluser, er den ideell for h\u00f8yfrekvente d\u00f8rer som brukes i skallbeskyttelse, innganger og andre h\u00f8ysikkerhetsapplikasjoner.<\/p>\n<p class=\"\" data-start=\"798\" data-end=\"1099\">Reversfunksjonen s\u00f8rger for at det elektriske sluttstykket l\u00e5ses opp ved str\u00f8mbrudd, noe som gj\u00f8r den spesielt egnet for r\u00f8mningsd\u00f8rer og luftsluser med trykkforskjeller.<\/p>\n<p class=\"\" data-start=\"798\" data-end=\"1099\">L\u00e5skonstruksjonen er b\u00e5de robust og slitesterk, med vril\u00e5s i st\u00e5l og l\u00e5sehus i sinklegering for maksimal holdbarhet.<\/p>\n<p class=\"\" data-start=\"1101\" data-end=\"1345\">Den elektriske sluttplaten garanterer \u00e5pning til tross for et stripetrykk p\u00e5 opptil 500 kg, noe som gj\u00f8r den til en sikker l\u00f8sning for krevende milj\u00f8er.<\/p>\n<p class=\"\" data-start=\"1101\" data-end=\"1345\">D\u00f8rens holdekraft i ul\u00e5st posisjon er 4 kg, noe som betyr at d\u00f8ren forblir i riktig posisjon under bruk.<\/p>\n<p class=\"\" data-start=\"1347\" data-end=\"1369\"><strong data-start=\"1347\" data-end=\"1367\">Spesifikasjoner:<\/strong><\/p>\n<ul data-start=\"1370\" data-end=\"1700\">\n<li class=\"\" data-start=\"1370\" data-end=\"1406\">\n<p class=\"\" data-start=\"1372\" data-end=\"1406\">Bruddstyrke: 750 kg (7,5 kN)<\/p>\n<\/li>\n<li class=\"\" data-start=\"1407\" data-end=\"1439\">\n<p class=\"\" data-start=\"1409\" data-end=\"1439\">D\u00f8rhengsel: H\u00f8yre, venstre<\/p>\n<\/li>\n<li class=\"\" data-start=\"1440\" data-end=\"1461\">\n<p class=\"\" data-start=\"1442\" data-end=\"1461\">Listetrykk: 500 kg<\/p>\n<\/li>\n<li class=\"\" data-start=\"1462\" data-end=\"1499\">\n<p class=\"\" data-start=\"1464\" data-end=\"1499\">L\u00e5stype: Enkel l\u00e5s, Dobbel l\u00e5s<\/p>\n<\/li>\n<li class=\"\" data-start=\"1500\" data-end=\"1522\">\n<p class=\"\" data-start=\"1502\" data-end=\"1522\">Driftsspenning: 24V<\/p>\n<\/li>\n<li class=\"\" data-start=\"1523\" data-end=\"1553\">\n<p class=\"\" data-start=\"1525\" data-end=\"1553\">Farge\/finish: Rustfritt st\u00e5l<\/p>\n<\/li>\n<li class=\"\" data-start=\"1554\" data-end=\"1574\">\n<p class=\"\" data-start=\"1556\" data-end=\"1574\">Stempelkontakt: Nei<\/p>\n<\/li>\n<li class=\"\" data-start=\"1575\" data-end=\"1597\">\n<p class=\"\" data-start=\"1577\" data-end=\"1597\">Spenning AC\/DC: DC<\/p>\n<\/li>\n<li class=\"\" data-start=\"1598\" data-end=\"1622\">\n<p class=\"\" data-start=\"1600\" data-end=\"1622\">Maks spenning: 26,4V<\/p>\n<\/li>\n<li class=\"\" data-start=\"1623\" data-end=\"1647\">\n<p class=\"\" data-start=\"1625\" data-end=\"1647\">Min spenning: 21,6 V<\/p>\n<\/li>\n<li class=\"\" data-start=\"1648\" data-end=\"1672\">\n<p class=\"\" data-start=\"1650\" data-end=\"1672\">Dobbel vri drop: Nei<\/p>\n<\/li>\n<li class=\"\" data-start=\"1673\" data-end=\"1700\">\n<p class=\"\" data-start=\"1675\" data-end=\"1700\">H\u00f8yre\/Revers: Revers<\/p>\n<\/li>\n<\/ul>\n<p class=\"\" data-start=\"1702\" data-end=\"1933\"><strong data-start=\"1702\" data-end=\"1724\">Bruksomr\u00e5der<\/strong><br data-start=\"1724\" data-end=\"1727\" \/>Elektrisk sluttplate 331 er perfekt for bruk i h\u00f8yfrekvente d\u00f8rer i skallbeskyttelse, innganger, porter, r\u00f8mningsd\u00f8rer og andre omr\u00e5der som krever h\u00f8y sikkerhet og holdbarhet, for eksempel innen industri og handel.<\/p>","protected":false},"excerpt":{"rendered":"<h5><a href=\"https:\/\/elslutblecksguiden.se\/\" target=\"_blank\" rel=\"noopener\">Veiledning for ASSA Elektriske l\u00e5ser, motorl\u00e5ser, Elektriske sluttplater og erstatningsguide<\/a><\/h5>","protected":false},"featured_media":139395,"template":"","meta":{"_acf_changed":false},"product_brand":[],"product_cat":[3355],"product_tag":[4197,4201,2967],"class_list":{"0":"post-91541","1":"product","2":"type-product","3":"status-publish","4":"has-post-thumbnail","6":"product_cat-elslutbleck","7":"product_tag-24v","8":"product_tag-omvand","9":"product_tag-rg-assa-abloy","10":"product_shipping_class-tunga-paket","11":"pa_brands-abloy","12":"tm-no-options","14":"first","15":"onbackorder","16":"sale","17":"taxable","18":"shipping-taxable","19":"purchasable","20":"product-type-simple"},"acf":[],"_links":{"self":[{"href":"https:\/\/secureus.se\/no\/wp-json\/wp\/v2\/product\/91541","targetHints":{"allow":["GET"]}}],"collection":[{"href":"https:\/\/secureus.se\/no\/wp-json\/wp\/v2\/product"}],"about":[{"href":"https:\/\/secureus.se\/no\/wp-json\/wp\/v2\/types\/product"}],"wp:featuredmedia":[{"embeddable":true,"href":"https:\/\/secureus.se\/no\/wp-json\/wp\/v2\/media\/139395"}],"wp:attachment":[{"href":"https:\/\/secureus.se\/no\/wp-json\/wp\/v2\/media?parent=91541"}],"wp:term":[{"taxonomy":"product_brand","embeddable":true,"href":"https:\/\/secureus.se\/no\/wp-json\/wp\/v2\/product_brand?post=91541"},{"taxonomy":"product_cat","embeddable":true,"href":"https:\/\/secureus.se\/no\/wp-json\/wp\/v2\/product_cat?post=91541"},{"taxonomy":"product_tag","embeddable":true,"href":"https:\/\/secureus.se\/no\/wp-json\/wp\/v2\/product_tag?post=91541"}],"curies":[{"name":"wp","href":"https:\/\/api.w.org\/{rel}","templated":true}]}}