{"id":91542,"date":"2023-09-27T18:13:53","date_gmt":"2023-09-27T16:13:53","guid":{"rendered":"https:\/\/secureus.se\/elslutbleck-70-rattvand-12v\/"},"modified":"2026-04-08T15:57:29","modified_gmt":"2026-04-08T13:57:29","slug":"elslutbleck-70-rattvand-12v","status":"publish","type":"product","link":"https:\/\/secureus.se\/no\/elslutbleck-70-rattvand-12v\/","title":{"rendered":"Elektrisk endeplate 70 H\u00f8yrevendt 12V"},"content":{"rendered":"<h1>Elektrisk endeplate 70 H\u00f8yrevendt 12V<\/h1>\n<p class=\"\" data-start=\"470\" data-end=\"816\">ASSA ABLOY Standard elektrisk sluttstykke 70 H\u00f8yrehendt 12V er designet for \u00e5 tilby sikkerhet og p\u00e5litelighet i d\u00f8rer med normale sikkerhetskrav.<\/p>\n<p class=\"\" data-start=\"470\" data-end=\"816\">Dette elektriske sluttstykket egner seg godt til bruk som dagl\u00e5s i skallsikring og innvendig l\u00e5sing i handel, kontorer, industri eller i inngangspartier og offentlige omr\u00e5der i byg\u00e5rder.<\/p>\n<p class=\"\" data-start=\"818\" data-end=\"1146\">Med en bruddstyrke p\u00e5 700 kg (7 kN) og h\u00f8y slag- og vibrasjonsmotstand er den ideell for d\u00f8rer som krever holdbarhet og lang levetid.<\/p>\n<p class=\"\" data-start=\"818\" data-end=\"1146\">L\u00e5sen er designet for bruk i brannskilled\u00f8rer sammen med en dobbell\u00e5s og en dedikert stolpe, noe som gj\u00f8r den til en sikker l\u00f8sning for b\u00e5de private og kommersielle milj\u00f8er.<\/p>\n<p class=\"\" data-start=\"1148\" data-end=\"1413\">Det elektriske sluttstykket har en reversibel funksjon, som gj\u00f8r at det forblir l\u00e5st selv ved str\u00f8mbrudd, noe som gir ekstra sikkerhet.<\/p>\n<p class=\"\" data-start=\"1148\" data-end=\"1413\">Den sinkbelagte overflaten og vril\u00e5sen i bronse og l\u00e5sehuset i sinklegering sikrer langvarig holdbarhet og p\u00e5litelig ytelse over tid.<\/p>\n<p class=\"\" data-start=\"1415\" data-end=\"1437\"><strong data-start=\"1415\" data-end=\"1435\">Spesifikasjoner:<\/strong><\/p>\n<ul data-start=\"1438\" data-end=\"1751\">\n<li class=\"\" data-start=\"1438\" data-end=\"1472\">\n<p class=\"\" data-start=\"1440\" data-end=\"1472\">Bruddstyrke: 700 kg (7 kN)<\/p>\n<\/li>\n<li class=\"\" data-start=\"1473\" data-end=\"1505\">\n<p class=\"\" data-start=\"1475\" data-end=\"1505\">D\u00f8rhengsel: H\u00f8yre, venstre<\/p>\n<\/li>\n<li class=\"\" data-start=\"1506\" data-end=\"1543\">\n<p class=\"\" data-start=\"1508\" data-end=\"1543\">L\u00e5stype: Enkel l\u00e5s, Dobbel l\u00e5s<\/p>\n<\/li>\n<li class=\"\" data-start=\"1544\" data-end=\"1566\">\n<p class=\"\" data-start=\"1546\" data-end=\"1566\">Driftsspenning: 12V<\/p>\n<\/li>\n<li class=\"\" data-start=\"1567\" data-end=\"1599\">\n<p class=\"\" data-start=\"1569\" data-end=\"1599\">Farge\/Overflatebehandling: Forsinket<\/p>\n<\/li>\n<li class=\"\" data-start=\"1600\" data-end=\"1620\">\n<p class=\"\" data-start=\"1602\" data-end=\"1620\">Stempelkontakt: Nei<\/p>\n<\/li>\n<li class=\"\" data-start=\"1621\" data-end=\"1646\">\n<p class=\"\" data-start=\"1623\" data-end=\"1646\">Spenning AC\/DC: AC\/DC<\/p>\n<\/li>\n<li class=\"\" data-start=\"1647\" data-end=\"1671\">\n<p class=\"\" data-start=\"1649\" data-end=\"1671\">Maks spenning: 13,2V<\/p>\n<\/li>\n<li class=\"\" data-start=\"1672\" data-end=\"1696\">\n<p class=\"\" data-start=\"1674\" data-end=\"1696\">Min spenning: 10,8 V<\/p>\n<\/li>\n<li class=\"\" data-start=\"1697\" data-end=\"1721\">\n<p class=\"\" data-start=\"1699\" data-end=\"1721\">Dobbel vri drop: Nei<\/p>\n<\/li>\n<li class=\"\" data-start=\"1722\" data-end=\"1751\">\n<p class=\"\" data-start=\"1724\" data-end=\"1751\">Forside\/Revers: Forside<\/p>\n<\/li>\n<\/ul>\n<p class=\"\" data-start=\"1753\" data-end=\"1978\"><strong data-start=\"1753\" data-end=\"1775\">Bruksomr\u00e5der<\/strong><br data-start=\"1775\" data-end=\"1778\" \/>Dette elektriske sluttstykket er egnet for bruk i sikkerhetsmilj\u00f8er der p\u00e5litelig og holdbar l\u00e5sing er n\u00f8dvendig.<\/p>\n<p class=\"\" data-start=\"1753\" data-end=\"1978\">Perfekt for d\u00f8rer i skallbeskyttelse, innvendig l\u00e5sing og i offentlige eller kommersielle bygg.<\/p>","protected":false},"excerpt":{"rendered":"<h5><a href=\"https:\/\/elslutblecksguiden.se\/\" target=\"_blank\" rel=\"noopener\">Veiledning for ASSA Elektriske l\u00e5ser, motorl\u00e5ser, Elektriske sluttplater og erstatningsguide<\/a><\/h5>","protected":false},"featured_media":159498,"template":"","meta":{"_acf_changed":false},"product_brand":[],"product_cat":[3355],"product_tag":[4198,4200,2967],"class_list":{"0":"post-91542","1":"product","2":"type-product","3":"status-publish","4":"has-post-thumbnail","6":"product_cat-elslutbleck","7":"product_tag-12v","8":"product_tag-rattvand","9":"product_tag-rg-assa-abloy","10":"product_shipping_class-tunga-paket","11":"pa_brands-abloy","12":"tm-no-options","14":"first","15":"onbackorder","16":"sale","17":"taxable","18":"shipping-taxable","19":"purchasable","20":"product-type-simple"},"acf":[],"_links":{"self":[{"href":"https:\/\/secureus.se\/no\/wp-json\/wp\/v2\/product\/91542","targetHints":{"allow":["GET"]}}],"collection":[{"href":"https:\/\/secureus.se\/no\/wp-json\/wp\/v2\/product"}],"about":[{"href":"https:\/\/secureus.se\/no\/wp-json\/wp\/v2\/types\/product"}],"wp:featuredmedia":[{"embeddable":true,"href":"https:\/\/secureus.se\/no\/wp-json\/wp\/v2\/media\/159498"}],"wp:attachment":[{"href":"https:\/\/secureus.se\/no\/wp-json\/wp\/v2\/media?parent=91542"}],"wp:term":[{"taxonomy":"product_brand","embeddable":true,"href":"https:\/\/secureus.se\/no\/wp-json\/wp\/v2\/product_brand?post=91542"},{"taxonomy":"product_cat","embeddable":true,"href":"https:\/\/secureus.se\/no\/wp-json\/wp\/v2\/product_cat?post=91542"},{"taxonomy":"product_tag","embeddable":true,"href":"https:\/\/secureus.se\/no\/wp-json\/wp\/v2\/product_tag?post=91542"}],"curies":[{"name":"wp","href":"https:\/\/api.w.org\/{rel}","templated":true}]}}