{"id":91544,"date":"2023-09-27T18:13:50","date_gmt":"2023-09-27T16:13:50","guid":{"rendered":"https:\/\/secureus.se\/elslutbleck-75-omstallbar-12-24v\/"},"modified":"2026-04-08T15:57:45","modified_gmt":"2026-04-08T13:57:45","slug":"elslutbleck-75-omstallbar-12-24v","status":"publish","type":"product","link":"https:\/\/secureus.se\/no\/elslutbleck-75-omstallbar-12-24v\/","title":{"rendered":"Elektrisk endeplate 75 Bryterbar 12-24V"},"content":{"rendered":"<h1>Elektrisk endeplate 75 Bryterbar 12-24V<\/h1>\n<p class=\"\" data-start=\"430\" data-end=\"729\">ASSA ABLOY Standard elektrisk sluttstykke 75 Justerbar 12-24V er designet for d\u00f8rer med normale sikkerhetskrav.<\/p>\n<p class=\"\" data-start=\"430\" data-end=\"729\">L\u00e5sen kan enkelt byttes mellom forover- og reversfunksjon, noe som gir fleksibilitet avhengig av behovet for \u00e5 ha d\u00f8ren l\u00e5st eller ul\u00e5st ved str\u00f8mbrudd.<\/p>\n<p class=\"\" data-start=\"731\" data-end=\"1024\">Den er spesielt egnet for bruk i brannseksjonsskilled\u00f8rer og i kombinasjon med forriglede enkelt- eller dobbeltl\u00e5ser.<\/p>\n<p class=\"\" data-start=\"731\" data-end=\"1024\">Med en bruddstyrke p\u00e5 700 kg (7 kN) og en robust konstruksjon med vril\u00e5s i bronse og l\u00e5sehus i sinklegering, gir den b\u00e5de holdbarhet og h\u00f8y sikkerhet.<\/p>\n<p class=\"\" data-start=\"1026\" data-end=\"1277\">Det elektriske sluttstykket er ogs\u00e5 utstyrt med innebygd transientbeskyttelse for \u00e5 beskytte mot elektrisk interferens, noe som gj\u00f8r det ekstra p\u00e5litelig i sensitive milj\u00f8er.<\/p>\n<p class=\"\" data-start=\"1026\" data-end=\"1277\">Dens h\u00f8ye slag- og vibrasjonsmotstand gj\u00f8r den perfekt for d\u00f8rer som krever langvarig og sikker funksjon.<\/p>\n<p class=\"\" data-start=\"1279\" data-end=\"1301\"><strong data-start=\"1279\" data-end=\"1299\">Spesifikasjoner:<\/strong><\/p>\n<ul data-start=\"1302\" data-end=\"1638\">\n<li class=\"\" data-start=\"1302\" data-end=\"1336\">\n<p class=\"\" data-start=\"1304\" data-end=\"1336\">Bruddstyrke: 700 kg (7 kN)<\/p>\n<\/li>\n<li class=\"\" data-start=\"1337\" data-end=\"1369\">\n<p class=\"\" data-start=\"1339\" data-end=\"1369\">D\u00f8rhengsel: H\u00f8yre, venstre<\/p>\n<\/li>\n<li class=\"\" data-start=\"1370\" data-end=\"1407\">\n<p class=\"\" data-start=\"1372\" data-end=\"1407\">L\u00e5stype: Enkel l\u00e5s, Dobbel l\u00e5s<\/p>\n<\/li>\n<li class=\"\" data-start=\"1408\" data-end=\"1433\">\n<p class=\"\" data-start=\"1410\" data-end=\"1433\">Driftsspenning: 12-24V<\/p>\n<\/li>\n<li class=\"\" data-start=\"1434\" data-end=\"1466\">\n<p class=\"\" data-start=\"1436\" data-end=\"1466\">Farge\/Overflatebehandling: Forsinket<\/p>\n<\/li>\n<li class=\"\" data-start=\"1467\" data-end=\"1487\">\n<p class=\"\" data-start=\"1469\" data-end=\"1487\">Stempelkontakt: Nei<\/p>\n<\/li>\n<li class=\"\" data-start=\"1488\" data-end=\"1513\">\n<p class=\"\" data-start=\"1490\" data-end=\"1513\">Spenning AC\/DC: AC\/DC<\/p>\n<\/li>\n<li class=\"\" data-start=\"1514\" data-end=\"1538\">\n<p class=\"\" data-start=\"1516\" data-end=\"1538\">Maks spenning: 26,4V<\/p>\n<\/li>\n<li class=\"\" data-start=\"1539\" data-end=\"1563\">\n<p class=\"\" data-start=\"1541\" data-end=\"1563\">Min spenning: 10,8 V<\/p>\n<\/li>\n<li class=\"\" data-start=\"1564\" data-end=\"1588\">\n<p class=\"\" data-start=\"1566\" data-end=\"1588\">Dobbel vri drop: Nei<\/p>\n<\/li>\n<li class=\"\" data-start=\"1589\" data-end=\"1638\">\n<p class=\"\" data-start=\"1591\" data-end=\"1638\">H\u00f8yre\/revers: Kan byttes (h\u00f8yre\/revers)<\/p>\n<\/li>\n<\/ul>\n<p class=\"\" data-start=\"1640\" data-end=\"1919\"><strong data-start=\"1640\" data-end=\"1662\">Bruksomr\u00e5der<\/strong><br data-start=\"1662\" data-end=\"1665\" \/>Electric Strike 75 Justerbar 12-24V er perfekt for bruk i perimeterbeskyttelse, innvendig l\u00e5sing og sikkerhet i n\u00e6ringsbygg, kontorer og leilighetsbygg.<\/p>\n<p class=\"\" data-start=\"1640\" data-end=\"1919\">Det gir en fleksibel og sikker l\u00f8sning for d\u00f8rer som m\u00e5 tilpasses ulike sikkerhetskrav.<\/p>","protected":false},"excerpt":{"rendered":"<h5><a href=\"https:\/\/elslutblecksguiden.se\/\" target=\"_blank\" rel=\"noopener\">Veiledning for ASSA Elektriske l\u00e5ser, motorl\u00e5ser, Elektriske sluttplater og erstatningsguide<\/a><\/h5>","protected":false},"featured_media":137056,"template":"","meta":{"_acf_changed":false},"product_brand":[],"product_cat":[3355],"product_tag":[4196,4202,2967],"class_list":{"0":"post-91544","1":"product","2":"type-product","3":"status-publish","4":"has-post-thumbnail","6":"product_cat-elslutbleck","7":"product_tag-12-24v","8":"product_tag-omstallbar-rattvand-omvand","9":"product_tag-rg-assa-abloy","10":"product_shipping_class-tunga-paket","11":"pa_brands-abloy","12":"tm-no-options","14":"first","15":"instock","16":"sale","17":"taxable","18":"shipping-taxable","19":"purchasable","20":"product-type-simple"},"acf":[],"_links":{"self":[{"href":"https:\/\/secureus.se\/no\/wp-json\/wp\/v2\/product\/91544","targetHints":{"allow":["GET"]}}],"collection":[{"href":"https:\/\/secureus.se\/no\/wp-json\/wp\/v2\/product"}],"about":[{"href":"https:\/\/secureus.se\/no\/wp-json\/wp\/v2\/types\/product"}],"wp:featuredmedia":[{"embeddable":true,"href":"https:\/\/secureus.se\/no\/wp-json\/wp\/v2\/media\/137056"}],"wp:attachment":[{"href":"https:\/\/secureus.se\/no\/wp-json\/wp\/v2\/media?parent=91544"}],"wp:term":[{"taxonomy":"product_brand","embeddable":true,"href":"https:\/\/secureus.se\/no\/wp-json\/wp\/v2\/product_brand?post=91544"},{"taxonomy":"product_cat","embeddable":true,"href":"https:\/\/secureus.se\/no\/wp-json\/wp\/v2\/product_cat?post=91544"},{"taxonomy":"product_tag","embeddable":true,"href":"https:\/\/secureus.se\/no\/wp-json\/wp\/v2\/product_tag?post=91544"}],"curies":[{"name":"wp","href":"https:\/\/api.w.org\/{rel}","templated":true}]}}