{"id":91545,"date":"2023-09-27T18:13:49","date_gmt":"2023-09-27T16:13:49","guid":{"rendered":"https:\/\/secureus.se\/elslutbleck-8331-omvand-24v-kolvkontakt\/"},"modified":"2026-04-08T15:57:53","modified_gmt":"2026-04-08T13:57:53","slug":"elslutbleck-8331-omvand-24v-kolvkontakt","status":"publish","type":"product","link":"https:\/\/secureus.se\/no\/elslutbleck-8331-omvand-24v-kolvkontakt\/","title":{"rendered":"Elektrisk endeplate 8331 Omvendt 24V Stempelkontakt"},"content":{"rendered":"<h1>Elektrisk endeplate 8331 Omvendt 24V Stempelkontakt<\/h1>\n<p class=\"\" data-start=\"449\" data-end=\"801\">ASSA ABLOY ekstra sterk elektrisk sluttstykke 8331 Omvendt 24V stempelkontakt er designet for \u00e5 m\u00f8te de h\u00f8yeste sikkerhetskravene, spesielt i d\u00f8rer med h\u00f8y bruksfrekvens.<\/p>\n<p class=\"\" data-start=\"449\" data-end=\"801\">Den egner seg spesielt godt til bruk som dagl\u00e5s i innhegninger, innganger, porter og andre d\u00f8rer som utsettes for h\u00f8y belastning i handel, kontor og industri.<\/p>\n<p class=\"\" data-start=\"803\" data-end=\"1152\">Det elektriske sluttstykket har en reversfunksjon, det vil si at den l\u00e5ses opp ved str\u00f8mbrudd, noe som gj\u00f8r den optimal for bruk i r\u00f8mningsd\u00f8rer og luftsluser med trykkforskjeller.<\/p>\n<p class=\"\" data-start=\"803\" data-end=\"1152\">Dens bruddstyrke p\u00e5 750 kg (7,5 kN) og evnen til \u00e5 h\u00e5ndtere et stripetrykk p\u00e5 500 kg gj\u00f8r den til en sikker og p\u00e5litelig l\u00f8sning selv under vanskelige forhold.<\/p>\n<p class=\"\" data-start=\"1154\" data-end=\"1401\">Med en slitesterk konstruksjon som t\u00e5ler millioner av \u00e5pningssykluser, og en vril\u00e5s og l\u00e5sehus i st\u00e5l, tilbyr denne elektriske strikken lang holdbarhet og p\u00e5litelig funksjon.<\/p>\n<p class=\"\" data-start=\"1154\" data-end=\"1401\">L\u00e5sestempelkoblingen og ankerkoblingen sikrer enkel og sikker installasjon.<\/p>\n<p class=\"\" data-start=\"1403\" data-end=\"1425\"><strong data-start=\"1403\" data-end=\"1423\">Spesifikasjoner:<\/strong><\/p>\n<ul data-start=\"1426\" data-end=\"1755\">\n<li class=\"\" data-start=\"1426\" data-end=\"1462\">\n<p class=\"\" data-start=\"1428\" data-end=\"1462\">Bruddstyrke: 750 kg (7,5 kN)<\/p>\n<\/li>\n<li class=\"\" data-start=\"1463\" data-end=\"1495\">\n<p class=\"\" data-start=\"1465\" data-end=\"1495\">D\u00f8rhengsel: H\u00f8yre, venstre<\/p>\n<\/li>\n<li class=\"\" data-start=\"1496\" data-end=\"1517\">\n<p class=\"\" data-start=\"1498\" data-end=\"1517\">Listetrykk: 500 kg<\/p>\n<\/li>\n<li class=\"\" data-start=\"1518\" data-end=\"1555\">\n<p class=\"\" data-start=\"1520\" data-end=\"1555\">L\u00e5stype: Enkel l\u00e5s, Dobbel l\u00e5s<\/p>\n<\/li>\n<li class=\"\" data-start=\"1556\" data-end=\"1578\">\n<p class=\"\" data-start=\"1558\" data-end=\"1578\">Driftsspenning: 24V<\/p>\n<\/li>\n<li class=\"\" data-start=\"1579\" data-end=\"1609\">\n<p class=\"\" data-start=\"1581\" data-end=\"1609\">Farge\/finish: Rustfritt st\u00e5l<\/p>\n<\/li>\n<li class=\"\" data-start=\"1610\" data-end=\"1629\">\n<p class=\"\" data-start=\"1612\" data-end=\"1629\">Stempelkontakt: Ja<\/p>\n<\/li>\n<li class=\"\" data-start=\"1630\" data-end=\"1652\">\n<p class=\"\" data-start=\"1632\" data-end=\"1652\">Spenning AC\/DC: DC<\/p>\n<\/li>\n<li class=\"\" data-start=\"1653\" data-end=\"1677\">\n<p class=\"\" data-start=\"1655\" data-end=\"1677\">Maks spenning: 26,4V<\/p>\n<\/li>\n<li class=\"\" data-start=\"1678\" data-end=\"1702\">\n<p class=\"\" data-start=\"1680\" data-end=\"1702\">Min spenning: 21,6 V<\/p>\n<\/li>\n<li class=\"\" data-start=\"1703\" data-end=\"1727\">\n<p class=\"\" data-start=\"1705\" data-end=\"1727\">Dobbel vri drop: Nei<\/p>\n<\/li>\n<li class=\"\" data-start=\"1728\" data-end=\"1755\">\n<p class=\"\" data-start=\"1730\" data-end=\"1755\">H\u00f8yre\/Revers: Revers<\/p>\n<\/li>\n<\/ul>\n<p class=\"\" data-start=\"1757\" data-end=\"2047\"><strong data-start=\"1757\" data-end=\"1779\">Bruksomr\u00e5der<\/strong><br data-start=\"1779\" data-end=\"1782\" \/>Elektrisk sluttstykke 8331 egner seg utmerket til bruk i r\u00f8mningsd\u00f8rer, luftsluser og andre sikkerhetskritiske d\u00f8rer hvor det er viktig at l\u00e5sen l\u00e5ses opp ved str\u00f8mbrudd.<\/p>\n<p class=\"\" data-start=\"1757\" data-end=\"2047\">Perfekt for skallbeskyttelse og sikkerhet innenfor h\u00f8yfrekvente d\u00f8rer i industri-, kontor- og kommersielle milj\u00f8er.<\/p>","protected":false},"excerpt":{"rendered":"<h5><a href=\"https:\/\/elslutblecksguiden.se\/\" target=\"_blank\" rel=\"noopener\">Veiledning for ASSA Elektriske l\u00e5ser, motorl\u00e5ser, Elektriske sluttplater og erstatningsguide<\/a><\/h5>","protected":false},"featured_media":139443,"template":"","meta":{"_acf_changed":false},"product_brand":[],"product_cat":[3355],"product_tag":[4197,4201,2967],"class_list":{"0":"post-91545","1":"product","2":"type-product","3":"status-publish","4":"has-post-thumbnail","6":"product_cat-elslutbleck","7":"product_tag-24v","8":"product_tag-omvand","9":"product_tag-rg-assa-abloy","10":"product_shipping_class-tunga-paket","11":"pa_brands-abloy","12":"tm-no-options","14":"first","15":"onbackorder","16":"sale","17":"taxable","18":"shipping-taxable","19":"purchasable","20":"product-type-simple"},"acf":[],"_links":{"self":[{"href":"https:\/\/secureus.se\/no\/wp-json\/wp\/v2\/product\/91545","targetHints":{"allow":["GET"]}}],"collection":[{"href":"https:\/\/secureus.se\/no\/wp-json\/wp\/v2\/product"}],"about":[{"href":"https:\/\/secureus.se\/no\/wp-json\/wp\/v2\/types\/product"}],"wp:featuredmedia":[{"embeddable":true,"href":"https:\/\/secureus.se\/no\/wp-json\/wp\/v2\/media\/139443"}],"wp:attachment":[{"href":"https:\/\/secureus.se\/no\/wp-json\/wp\/v2\/media?parent=91545"}],"wp:term":[{"taxonomy":"product_brand","embeddable":true,"href":"https:\/\/secureus.se\/no\/wp-json\/wp\/v2\/product_brand?post=91545"},{"taxonomy":"product_cat","embeddable":true,"href":"https:\/\/secureus.se\/no\/wp-json\/wp\/v2\/product_cat?post=91545"},{"taxonomy":"product_tag","embeddable":true,"href":"https:\/\/secureus.se\/no\/wp-json\/wp\/v2\/product_tag?post=91545"}],"curies":[{"name":"wp","href":"https:\/\/api.w.org\/{rel}","templated":true}]}}