{"id":91547,"date":"2023-09-27T18:13:46","date_gmt":"2023-09-27T16:13:46","guid":{"rendered":"https:\/\/secureus.se\/elslutbleck-905m-omstallbar-12-24v-kolvkontakt\/"},"modified":"2026-04-23T12:22:24","modified_gmt":"2026-04-23T10:22:24","slug":"elslutbleck-905m-omstallbar-12-24v-kolvkontakt","status":"publish","type":"product","link":"https:\/\/secureus.se\/no\/elslutbleck-905m-omstallbar-12-24v-kolvkontakt\/","title":{"rendered":"Elektrisk termineringsplate 905M Byttbar 12-24V Stempelkontakt"},"content":{"rendered":"<h1>Elektrisk termineringsplate 905M Byttbar 12-24V Stempelkontakt<\/h1>\n<p class=\"\" data-start=\"447\" data-end=\"796\">ASSA Electric Strike 905M Switchable 12-24V Stempelkontakt er en del av 900-serien og er designet for \u00e5 m\u00f8te sikkerhetskrav i d\u00f8rer som brukes i kommersielle og industrielle milj\u00f8er.<\/p>\n<p class=\"\" data-start=\"447\" data-end=\"796\">Det er enkelt \u00e5 bytte mellom forover- og reversfunksjon, noe som gj\u00f8r den fleksibel og tilpasses ulike sikkerhetsbehov.<\/p>\n<p class=\"\" data-start=\"798\" data-end=\"1126\">Med en bruddstyrke p\u00e5 650 kg (6,5 kN) og h\u00f8y vibrasjons- og st\u00f8tmotstand er denne elektriske sluttstykket ideell for h\u00f8yfrekvente d\u00f8rer som utsettes for stress.<\/p>\n<p class=\"\" data-start=\"798\" data-end=\"1126\">L\u00e5sehuset er laget av sinklegering, og vril\u00e5sen er laget av bronse, som gir ekstra slitestyrke. Den forbedrede stripetrykkfunksjonen gj\u00f8r at den kan h\u00e5ndtere \u00e5pning under trykk.<\/p>\n<p class=\"\" data-start=\"1128\" data-end=\"1391\">Det elektriske sluttstykket er utstyrt med stempelkontakt og innebygd transientbeskyttelse for \u00e5 beskytte mot elektrisk interferens.<\/p>\n<p class=\"\" data-start=\"1128\" data-end=\"1391\">Dette gj\u00f8r det til et sv\u00e6rt p\u00e5litelig alternativ for d\u00f8rer som krever konstant sikkerhet, som i rekkverk, innganger og andre offentlige rom.<\/p>\n<p class=\"\" data-start=\"1393\" data-end=\"1415\"><strong data-start=\"1393\" data-end=\"1413\">Spesifikasjoner:<\/strong><\/p>\n<ul data-start=\"1416\" data-end=\"1827\">\n<li class=\"\" data-start=\"1416\" data-end=\"1452\">\n<p class=\"\" data-start=\"1418\" data-end=\"1452\">Bruddstyrke: 650 kg (6,5 kN)<\/p>\n<\/li>\n<li class=\"\" data-start=\"1453\" data-end=\"1485\">\n<p class=\"\" data-start=\"1455\" data-end=\"1485\">D\u00f8rhengsel: H\u00f8yre, venstre<\/p>\n<\/li>\n<li class=\"\" data-start=\"1486\" data-end=\"1523\">\n<p class=\"\" data-start=\"1488\" data-end=\"1523\">L\u00e5stype: Enkel l\u00e5s, Dobbel l\u00e5s<\/p>\n<\/li>\n<li class=\"\" data-start=\"1524\" data-end=\"1549\">\n<p class=\"\" data-start=\"1526\" data-end=\"1549\">Driftsspenning: 12-24V<\/p>\n<\/li>\n<li class=\"\" data-start=\"1550\" data-end=\"1582\">\n<p class=\"\" data-start=\"1552\" data-end=\"1582\">Farge\/Overflatebehandling: Forsinket<\/p>\n<\/li>\n<li class=\"\" data-start=\"1583\" data-end=\"1602\">\n<p class=\"\" data-start=\"1585\" data-end=\"1602\">Stempelkontakt: Ja<\/p>\n<\/li>\n<li class=\"\" data-start=\"1603\" data-end=\"1628\">\n<p class=\"\" data-start=\"1605\" data-end=\"1628\">Spenning AC\/DC: AC\/DC<\/p>\n<\/li>\n<li class=\"\" data-start=\"1629\" data-end=\"1653\">\n<p class=\"\" data-start=\"1631\" data-end=\"1653\">Maks spenning: 27,6V<\/p>\n<\/li>\n<li class=\"\" data-start=\"1654\" data-end=\"1678\">\n<p class=\"\" data-start=\"1656\" data-end=\"1678\">Min spenning: 10,8 V<\/p>\n<\/li>\n<li class=\"\" data-start=\"1679\" data-end=\"1703\">\n<p class=\"\" data-start=\"1681\" data-end=\"1703\">Dobbel vri drop: Nei<\/p>\n<\/li>\n<li class=\"\" data-start=\"1704\" data-end=\"1753\">\n<p class=\"\" data-start=\"1706\" data-end=\"1753\">H\u00f8yre\/revers: Kan byttes (h\u00f8yre\/revers)<\/p>\n<\/li>\n<li class=\"\" data-start=\"1754\" data-end=\"1778\">\n<p class=\"\" data-start=\"1756\" data-end=\"1778\">Produktbredde: 27 mm<\/p>\n<\/li>\n<li class=\"\" data-start=\"1779\" data-end=\"1802\">\n<p class=\"\" data-start=\"1781\" data-end=\"1802\">Produktdybde: 40 mm<\/p>\n<\/li>\n<li class=\"\" data-start=\"1803\" data-end=\"1827\">\n<p class=\"\" data-start=\"1805\" data-end=\"1827\">Produkth\u00f8yde: 140 mm<\/p>\n<\/li>\n<\/ul>\n<p class=\"\" data-start=\"1829\" data-end=\"2132\"><strong data-start=\"1829\" data-end=\"1851\">Bruksomr\u00e5der<\/strong><br data-start=\"1851\" data-end=\"1854\" \/>Elektrisk sluttplate 905M er perfekt for d\u00f8rer i skallbeskyttelse, innvendig l\u00e5sing og sikkerhetsl\u00f8sninger i bygninger som kontorer, industri, handel eller flerhus.<\/p>\n<p class=\"\" data-start=\"1829\" data-end=\"2132\">Det gir en fleksibel og p\u00e5litelig l\u00f8sning hvor b\u00e5de forover- og reversfunksjon er viktig avhengig av installasjonskravene.<\/p>","protected":false},"excerpt":{"rendered":"<h5><a href=\"https:\/\/elslutblecksguiden.se\/\" target=\"_blank\" rel=\"noopener\">Veiledning for ASSA Elektriske l\u00e5ser, motorl\u00e5ser, Elektriske sluttplater og erstatningsguide<\/a><\/h5>","protected":false},"featured_media":138590,"template":"","meta":{"_acf_changed":false},"product_brand":[],"product_cat":[3355],"product_tag":[4196,4202,2967],"class_list":{"0":"post-91547","1":"product","2":"type-product","3":"status-publish","4":"has-post-thumbnail","6":"product_cat-elslutbleck","7":"product_tag-12-24v","8":"product_tag-omstallbar-rattvand-omvand","9":"product_tag-rg-assa-abloy","10":"product_shipping_class-tunga-paket","11":"pa_brands-abloy","12":"tm-no-options","14":"first","15":"outofstock","16":"sale","17":"taxable","18":"shipping-taxable","19":"purchasable","20":"product-type-simple"},"acf":[],"_links":{"self":[{"href":"https:\/\/secureus.se\/no\/wp-json\/wp\/v2\/product\/91547","targetHints":{"allow":["GET"]}}],"collection":[{"href":"https:\/\/secureus.se\/no\/wp-json\/wp\/v2\/product"}],"about":[{"href":"https:\/\/secureus.se\/no\/wp-json\/wp\/v2\/types\/product"}],"wp:featuredmedia":[{"embeddable":true,"href":"https:\/\/secureus.se\/no\/wp-json\/wp\/v2\/media\/138590"}],"wp:attachment":[{"href":"https:\/\/secureus.se\/no\/wp-json\/wp\/v2\/media?parent=91547"}],"wp:term":[{"taxonomy":"product_brand","embeddable":true,"href":"https:\/\/secureus.se\/no\/wp-json\/wp\/v2\/product_brand?post=91547"},{"taxonomy":"product_cat","embeddable":true,"href":"https:\/\/secureus.se\/no\/wp-json\/wp\/v2\/product_cat?post=91547"},{"taxonomy":"product_tag","embeddable":true,"href":"https:\/\/secureus.se\/no\/wp-json\/wp\/v2\/product_tag?post=91547"}],"curies":[{"name":"wp","href":"https:\/\/api.w.org\/{rel}","templated":true}]}}