{"id":91548,"date":"2023-09-27T18:13:44","date_gmt":"2023-09-27T16:13:44","guid":{"rendered":"https:\/\/secureus.se\/elslutbleck-910-rattvand-12-24v\/"},"modified":"2026-04-08T15:56:46","modified_gmt":"2026-04-08T13:56:46","slug":"elslutbleck-910-rattvand-12-24v","status":"publish","type":"product","link":"https:\/\/secureus.se\/no\/elslutbleck-910-rattvand-12-24v\/","title":{"rendered":"Elektrisk endeplate 910 H\u00f8yrevendt 12-24V"},"content":{"rendered":"<h1>Elektrisk endeplate 910 H\u00f8yrevendt 12-24V<\/h1>\n<p class=\"\" data-start=\"428\" data-end=\"779\">ASSA Electric Strike 910 H\u00f8yreh\u00e5nds 12-24V er en del av 900-serien og er designet for \u00e5 m\u00f8te sikkerhetskrav i d\u00f8rer som brukes i kommersielle og industrielle milj\u00f8er.<\/p>\n<p class=\"\" data-start=\"428\" data-end=\"779\">Med en bruddstyrke p\u00e5 800 kg (8 kN) og h\u00f8y st\u00f8t- og slagmotstand er dette elektriske sluttstykket perfekt for d\u00f8rer med h\u00f8y belastning og hyppig bruk.<\/p>\n<p class=\"\" data-start=\"781\" data-end=\"1152\">L\u00e5sen har en reversibel funksjon, noe som betyr at den er l\u00e5st selv ved str\u00f8mbrudd, noe som gj\u00f8r den til en p\u00e5litelig sikkerhetsl\u00f8sning for ulike bruksomr\u00e5der.<\/p>\n<p class=\"\" data-start=\"781\" data-end=\"1152\">L\u00e5sehuset er laget av sinklegering og vril\u00e5sen er laget av bronse, noe som gir \u00f8kt holdbarhet og lang levetid.<\/p>\n<p class=\"\" data-start=\"781\" data-end=\"1152\">Den forbedrede listtrykkfunksjonen gj\u00f8r det mulig \u00e5 \u00e5pne d\u00f8ren selv ved h\u00f8yt trykk.<\/p>\n<p class=\"\" data-start=\"1154\" data-end=\"1336\">Det elektriske sluttstykket er ogs\u00e5 utstyrt med en innebygd transientbeskytter for \u00e5 beskytte mot elektrisk interferens, noe som gj\u00f8r den ekstra p\u00e5litelig for installasjoner hvor stabilitet er avgj\u00f8rende.<\/p>\n<p class=\"\" data-start=\"1338\" data-end=\"1360\"><strong data-start=\"1338\" data-end=\"1358\">Spesifikasjoner:<\/strong><\/p>\n<ul data-start=\"1361\" data-end=\"1772\">\n<li class=\"\" data-start=\"1361\" data-end=\"1395\">\n<p class=\"\" data-start=\"1363\" data-end=\"1395\">Bruddstyrke: 800 kg (8 kN)<\/p>\n<\/li>\n<li class=\"\" data-start=\"1396\" data-end=\"1428\">\n<p class=\"\" data-start=\"1398\" data-end=\"1428\">D\u00f8rhengsel: H\u00f8yre, venstre<\/p>\n<\/li>\n<li class=\"\" data-start=\"1429\" data-end=\"1449\">\n<p class=\"\" data-start=\"1431\" data-end=\"1449\">Strimmeltrykk: 12 kg<\/p>\n<\/li>\n<li class=\"\" data-start=\"1450\" data-end=\"1487\">\n<p class=\"\" data-start=\"1452\" data-end=\"1487\">L\u00e5stype: Enkel l\u00e5s, Dobbel l\u00e5s<\/p>\n<\/li>\n<li class=\"\" data-start=\"1488\" data-end=\"1513\">\n<p class=\"\" data-start=\"1490\" data-end=\"1513\">Driftsspenning: 12-24V<\/p>\n<\/li>\n<li class=\"\" data-start=\"1514\" data-end=\"1546\">\n<p class=\"\" data-start=\"1516\" data-end=\"1546\">Farge\/Overflatebehandling: Forsinket<\/p>\n<\/li>\n<li class=\"\" data-start=\"1547\" data-end=\"1567\">\n<p class=\"\" data-start=\"1549\" data-end=\"1567\">Stempelkontakt: Nei<\/p>\n<\/li>\n<li class=\"\" data-start=\"1568\" data-end=\"1593\">\n<p class=\"\" data-start=\"1570\" data-end=\"1593\">Spenning AC\/DC: AC\/DC<\/p>\n<\/li>\n<li class=\"\" data-start=\"1594\" data-end=\"1618\">\n<p class=\"\" data-start=\"1596\" data-end=\"1618\">Maks spenning: 27,6V<\/p>\n<\/li>\n<li class=\"\" data-start=\"1619\" data-end=\"1643\">\n<p class=\"\" data-start=\"1621\" data-end=\"1643\">Min spenning: 10,8 V<\/p>\n<\/li>\n<li class=\"\" data-start=\"1644\" data-end=\"1668\">\n<p class=\"\" data-start=\"1646\" data-end=\"1668\">Dobbel vri drop: Nei<\/p>\n<\/li>\n<li class=\"\" data-start=\"1669\" data-end=\"1698\">\n<p class=\"\" data-start=\"1671\" data-end=\"1698\">Forside\/Revers: Forside<\/p>\n<\/li>\n<li class=\"\" data-start=\"1699\" data-end=\"1723\">\n<p class=\"\" data-start=\"1701\" data-end=\"1723\">Produktbredde: 27 mm<\/p>\n<\/li>\n<li class=\"\" data-start=\"1724\" data-end=\"1747\">\n<p class=\"\" data-start=\"1726\" data-end=\"1747\">Produktdybde: 40 mm<\/p>\n<\/li>\n<li class=\"\" data-start=\"1748\" data-end=\"1772\">\n<p class=\"\" data-start=\"1750\" data-end=\"1772\">Produkth\u00f8yde: 140 mm<\/p>\n<\/li>\n<\/ul>\n<p class=\"\" data-start=\"1774\" data-end=\"1993\"><strong data-start=\"1774\" data-end=\"1796\">Bruksomr\u00e5der<\/strong><br data-start=\"1796\" data-end=\"1799\" \/>Elektrisk sluttplate 910 H\u00f8yrehendt 12-24V er perfekt for d\u00f8rer som brukes i sikkerhetskritiske milj\u00f8er, som skallbeskyttelse, innvendig l\u00e5sing, innganger og offentlige omr\u00e5der p\u00e5 kontorer, handel og industri.<\/p>","protected":false},"excerpt":{"rendered":"<h5><a href=\"https:\/\/elslutblecksguiden.se\/\" target=\"_blank\" rel=\"noopener\">Veiledning for ASSA Elektriske l\u00e5ser, motorl\u00e5ser, Elektriske sluttplater og erstatningsguide<\/a><\/h5>","protected":false},"featured_media":139081,"template":"","meta":{"_acf_changed":false},"product_brand":[],"product_cat":[3355],"product_tag":[4196,4200,2967],"class_list":{"0":"post-91548","1":"product","2":"type-product","3":"status-publish","4":"has-post-thumbnail","6":"product_cat-elslutbleck","7":"product_tag-12-24v","8":"product_tag-rattvand","9":"product_tag-rg-assa-abloy","10":"product_shipping_class-tunga-paket","11":"pa_brands-abloy","12":"tm-no-options","14":"first","15":"outofstock","16":"sale","17":"taxable","18":"shipping-taxable","19":"purchasable","20":"product-type-simple"},"acf":[],"_links":{"self":[{"href":"https:\/\/secureus.se\/no\/wp-json\/wp\/v2\/product\/91548","targetHints":{"allow":["GET"]}}],"collection":[{"href":"https:\/\/secureus.se\/no\/wp-json\/wp\/v2\/product"}],"about":[{"href":"https:\/\/secureus.se\/no\/wp-json\/wp\/v2\/types\/product"}],"wp:featuredmedia":[{"embeddable":true,"href":"https:\/\/secureus.se\/no\/wp-json\/wp\/v2\/media\/139081"}],"wp:attachment":[{"href":"https:\/\/secureus.se\/no\/wp-json\/wp\/v2\/media?parent=91548"}],"wp:term":[{"taxonomy":"product_brand","embeddable":true,"href":"https:\/\/secureus.se\/no\/wp-json\/wp\/v2\/product_brand?post=91548"},{"taxonomy":"product_cat","embeddable":true,"href":"https:\/\/secureus.se\/no\/wp-json\/wp\/v2\/product_cat?post=91548"},{"taxonomy":"product_tag","embeddable":true,"href":"https:\/\/secureus.se\/no\/wp-json\/wp\/v2\/product_tag?post=91548"}],"curies":[{"name":"wp","href":"https:\/\/api.w.org\/{rel}","templated":true}]}}