{"id":91552,"date":"2023-09-27T18:13:39","date_gmt":"2023-09-27T16:13:39","guid":{"rendered":"https:\/\/secureus.se\/elslutbleck-920m-brand-rattvand-12-24v-kolvkontakt\/"},"modified":"2026-04-08T15:57:01","modified_gmt":"2026-04-08T13:57:01","slug":"elslutbleck-920m-brand-rattvand-12-24v-kolvkontakt","status":"publish","type":"product","link":"https:\/\/secureus.se\/no\/elslutbleck-920m-brand-rattvand-12-24v-kolvkontakt\/","title":{"rendered":"Elektrisk endeplate 920M Merke H\u00f8yrevendt 12-24V Stempelkontakt"},"content":{"rendered":"<h1>Elektrisk endeplate 920M Merke H\u00f8yrevendt 12-24V Stempelkontakt<\/h1>\n<p class=\"\" data-start=\"440\" data-end=\"837\">ASSA Electric Strike 920M Fire H\u00f8yreh\u00e5nds 12-24V stempelkontakt er en del av 900-serien og er designet for \u00e5 m\u00f8te h\u00f8yere sikkerhetskrav.<\/p>\n<p class=\"\" data-start=\"440\" data-end=\"837\">L\u00e5sen er branntestet med karakteren E\/EI60, som betyr at den er motstandsdyktig mot brann i opptil 60 minutter.<\/p>\n<p class=\"\" data-start=\"440\" data-end=\"837\">Dette gj\u00f8r den til et ideelt valg for bruk i brannseksjonsd\u00f8rer og andre sikkerhetskritiske d\u00f8rsystemer.<\/p>\n<p class=\"\" data-start=\"839\" data-end=\"1168\">Med en bruddstyrke p\u00e5 1000 kg (10 kN) og h\u00f8y motstandsdyktighet mot vibrasjoner og st\u00f8t, er denne elektriske streiken designet for \u00e5 t\u00e5le t\u00f8ffe forhold.<\/p>\n<p class=\"\" data-start=\"839\" data-end=\"1168\">L\u00e5sehuset er laget av st\u00e5l og vril\u00e5sen er laget av st\u00e5l, noe som gir lang holdbarhet og stabilitet. Dens forbedrede listtrykkfunksjon sikrer at d\u00f8ren kan \u00e5pnes selv ved h\u00f8yt trykk.<\/p>\n<p class=\"\" data-start=\"1170\" data-end=\"1385\">Det elektriske sluttstykket er utstyrt med en stempelkontakt og har innebygd transientbeskyttelse for \u00e5 beskytte mot elektrisk interferens, noe som gj\u00f8r det til et p\u00e5litelig valg for installasjoner i kommersielle og industrielle milj\u00f8er.<\/p>\n<p class=\"\" data-start=\"1387\" data-end=\"1409\"><strong data-start=\"1387\" data-end=\"1407\">Spesifikasjoner:<\/strong><\/p>\n<ul data-start=\"1410\" data-end=\"1846\">\n<li class=\"\" data-start=\"1410\" data-end=\"1446\">\n<p class=\"\" data-start=\"1412\" data-end=\"1446\">Bruddstyrke: 1000 kg (10 kN)<\/p>\n<\/li>\n<li class=\"\" data-start=\"1447\" data-end=\"1479\">\n<p class=\"\" data-start=\"1449\" data-end=\"1479\">D\u00f8rhengsel: H\u00f8yre, venstre<\/p>\n<\/li>\n<li class=\"\" data-start=\"1480\" data-end=\"1500\">\n<p class=\"\" data-start=\"1482\" data-end=\"1500\">Strimmeltrykk: 12 kg<\/p>\n<\/li>\n<li class=\"\" data-start=\"1501\" data-end=\"1538\">\n<p class=\"\" data-start=\"1503\" data-end=\"1538\">L\u00e5stype: Enkel l\u00e5s, Dobbel l\u00e5s<\/p>\n<\/li>\n<li class=\"\" data-start=\"1539\" data-end=\"1564\">\n<p class=\"\" data-start=\"1541\" data-end=\"1564\">Driftsspenning: 12-24V<\/p>\n<\/li>\n<li class=\"\" data-start=\"1565\" data-end=\"1597\">\n<p class=\"\" data-start=\"1567\" data-end=\"1597\">Farge\/Overflatebehandling: Forsinket<\/p>\n<\/li>\n<li class=\"\" data-start=\"1598\" data-end=\"1617\">\n<p class=\"\" data-start=\"1600\" data-end=\"1617\">Stempelkontakt: Ja<\/p>\n<\/li>\n<li class=\"\" data-start=\"1618\" data-end=\"1643\">\n<p class=\"\" data-start=\"1620\" data-end=\"1643\">Spenning AC\/DC: AC\/DC<\/p>\n<\/li>\n<li class=\"\" data-start=\"1644\" data-end=\"1668\">\n<p class=\"\" data-start=\"1646\" data-end=\"1668\">Maks spenning: 27,6V<\/p>\n<\/li>\n<li class=\"\" data-start=\"1669\" data-end=\"1693\">\n<p class=\"\" data-start=\"1671\" data-end=\"1693\">Min spenning: 10,8 V<\/p>\n<\/li>\n<li class=\"\" data-start=\"1694\" data-end=\"1718\">\n<p class=\"\" data-start=\"1696\" data-end=\"1718\">Dobbel vri drop: Nei<\/p>\n<\/li>\n<li class=\"\" data-start=\"1719\" data-end=\"1748\">\n<p class=\"\" data-start=\"1721\" data-end=\"1748\">Forside\/Revers: Forside<\/p>\n<\/li>\n<li class=\"\" data-start=\"1749\" data-end=\"1772\">\n<p class=\"\" data-start=\"1751\" data-end=\"1772\">Branntestet: 60 min<\/p>\n<\/li>\n<li class=\"\" data-start=\"1773\" data-end=\"1797\">\n<p class=\"\" data-start=\"1775\" data-end=\"1797\">Produktbredde: 27 mm<\/p>\n<\/li>\n<li class=\"\" data-start=\"1798\" data-end=\"1821\">\n<p class=\"\" data-start=\"1800\" data-end=\"1821\">Produktdybde: 40 mm<\/p>\n<\/li>\n<li class=\"\" data-start=\"1822\" data-end=\"1846\">\n<p class=\"\" data-start=\"1824\" data-end=\"1846\">Produkth\u00f8yde: 140 mm<\/p>\n<\/li>\n<\/ul>\n<p class=\"\" data-start=\"1848\" data-end=\"2075\"><strong data-start=\"1848\" data-end=\"1870\">Bruksomr\u00e5der<\/strong><br data-start=\"1870\" data-end=\"1873\" \/>Elektrisk sluttplate 920M er perfekt for d\u00f8rer som brukes i brannskillevegger, sikkerhetsl\u00f8sninger for skallbeskyttelse og innvendig l\u00e5sing i h\u00f8yfrekvente milj\u00f8er som kontorer, detaljhandel, industri og flerfamiliehus.<\/p>","protected":false},"excerpt":{"rendered":"<h5><a href=\"https:\/\/elslutblecksguiden.se\/\" target=\"_blank\" rel=\"noopener\">Veiledning for ASSA Elektriske l\u00e5ser, motorl\u00e5ser, Elektriske sluttplater og erstatningsguide<\/a><\/h5>","protected":false},"featured_media":139119,"template":"","meta":{"_acf_changed":false},"product_brand":[],"product_cat":[3355],"product_tag":[4196,4200,2967],"class_list":{"0":"post-91552","1":"product","2":"type-product","3":"status-publish","4":"has-post-thumbnail","6":"product_cat-elslutbleck","7":"product_tag-12-24v","8":"product_tag-rattvand","9":"product_tag-rg-assa-abloy","10":"product_shipping_class-tunga-paket","11":"pa_brands-abloy","12":"tm-no-options","14":"first","15":"instock","16":"sale","17":"taxable","18":"shipping-taxable","19":"purchasable","20":"product-type-simple"},"acf":[],"_links":{"self":[{"href":"https:\/\/secureus.se\/no\/wp-json\/wp\/v2\/product\/91552","targetHints":{"allow":["GET"]}}],"collection":[{"href":"https:\/\/secureus.se\/no\/wp-json\/wp\/v2\/product"}],"about":[{"href":"https:\/\/secureus.se\/no\/wp-json\/wp\/v2\/types\/product"}],"wp:featuredmedia":[{"embeddable":true,"href":"https:\/\/secureus.se\/no\/wp-json\/wp\/v2\/media\/139119"}],"wp:attachment":[{"href":"https:\/\/secureus.se\/no\/wp-json\/wp\/v2\/media?parent=91552"}],"wp:term":[{"taxonomy":"product_brand","embeddable":true,"href":"https:\/\/secureus.se\/no\/wp-json\/wp\/v2\/product_brand?post=91552"},{"taxonomy":"product_cat","embeddable":true,"href":"https:\/\/secureus.se\/no\/wp-json\/wp\/v2\/product_cat?post=91552"},{"taxonomy":"product_tag","embeddable":true,"href":"https:\/\/secureus.se\/no\/wp-json\/wp\/v2\/product_tag?post=91552"}],"curies":[{"name":"wp","href":"https:\/\/api.w.org\/{rel}","templated":true}]}}