{"id":91554,"date":"2023-09-27T18:13:36","date_gmt":"2023-09-27T16:13:36","guid":{"rendered":"https:\/\/secureus.se\/elslutbleck-14-rattvand-8v\/"},"modified":"2026-04-08T15:56:52","modified_gmt":"2026-04-08T13:56:52","slug":"elslutbleck-14-rattvand-8v","status":"publish","type":"product","link":"https:\/\/secureus.se\/no\/elslutbleck-14-rattvand-8v\/","title":{"rendered":"Elektrisk endeplate 14 H\u00f8yrevendt 8V"},"content":{"rendered":"<h1>Elektrisk endeplate 14 H\u00f8yrevendt 8V<\/h1>\n<p class=\"\" data-start=\"362\" data-end=\"679\">ASSA Elslutbleck 14 H\u00f8yrevendt 8V er et p\u00e5litelig valg for d\u00f8rer som krever grunnleggende sikkerhet.<\/p>\n<p class=\"\" data-start=\"362\" data-end=\"679\">Med en bruddstyrke p\u00e5 400 kg (4000 N) og reversfunksjon, som betyr at den l\u00e5ses ved str\u00f8mbrudd, tilbyr denne elektriske termineringsplaten en enkel, men effektiv l\u00f8sning for innvendig l\u00e5sing.<\/p>\n<p class=\"\" data-start=\"681\" data-end=\"980\">Den er konstruert med en vrikasse av st\u00e5l og et l\u00e5sehus i sinklegering for holdbarhet.<\/p>\n<p class=\"\" data-start=\"681\" data-end=\"980\">Den brukes i kombinasjon med enkel eller dobbel blokkert l\u00e5sing og er ikke egnet for branncelle-skilled\u00f8rer, noe som gj\u00f8r den ideell for bruk i mindre sikkerhetskritiske applikasjoner som kontorer og industri.<\/p>\n<p class=\"\" data-start=\"982\" data-end=\"1204\">Den elektriske endeplaten krever 8 VDC driftsspenning og er utstyrt med h\u00f8yresvingfunksjon som garanterer l\u00e5sing ogs\u00e5 ved str\u00f8mbrudd, noe som \u00f8ker sikkerheten i milj\u00f8er hvor det er viktig at d\u00f8ren forblir lukket ved str\u00f8mbrudd.<\/p>\n<p class=\"\" data-start=\"1206\" data-end=\"1228\"><strong data-start=\"1206\" data-end=\"1226\">Spesifikasjoner:<\/strong><\/p>\n<ul data-start=\"1229\" data-end=\"1608\">\n<li class=\"\" data-start=\"1229\" data-end=\"1265\">\n<p class=\"\" data-start=\"1231\" data-end=\"1265\">Bruddstyrke: 400 kg (4000 N)<\/p>\n<\/li>\n<li class=\"\" data-start=\"1266\" data-end=\"1298\">\n<p class=\"\" data-start=\"1268\" data-end=\"1298\">D\u00f8rhengsel: H\u00f8yre, venstre<\/p>\n<\/li>\n<li class=\"\" data-start=\"1299\" data-end=\"1336\">\n<p class=\"\" data-start=\"1301\" data-end=\"1336\">L\u00e5stype: Enkel l\u00e5s, Dobbel l\u00e5s<\/p>\n<\/li>\n<li class=\"\" data-start=\"1337\" data-end=\"1358\">\n<p class=\"\" data-start=\"1339\" data-end=\"1358\">Driftsspenning: 8V<\/p>\n<\/li>\n<li class=\"\" data-start=\"1359\" data-end=\"1391\">\n<p class=\"\" data-start=\"1361\" data-end=\"1391\">Farge\/Overflatebehandling: Forsinket<\/p>\n<\/li>\n<li class=\"\" data-start=\"1392\" data-end=\"1412\">\n<p class=\"\" data-start=\"1394\" data-end=\"1412\">Stempelkontakt: Nei<\/p>\n<\/li>\n<li class=\"\" data-start=\"1413\" data-end=\"1435\">\n<p class=\"\" data-start=\"1415\" data-end=\"1435\">Spenning AC\/DC: DC<\/p>\n<\/li>\n<li class=\"\" data-start=\"1436\" data-end=\"1457\">\n<p class=\"\" data-start=\"1438\" data-end=\"1457\">Maks spenning: 8 V<\/p>\n<\/li>\n<li class=\"\" data-start=\"1458\" data-end=\"1479\">\n<p class=\"\" data-start=\"1460\" data-end=\"1479\">Min spenning: 8 V<\/p>\n<\/li>\n<li class=\"\" data-start=\"1480\" data-end=\"1504\">\n<p class=\"\" data-start=\"1482\" data-end=\"1504\">Dobbel vri drop: Nei<\/p>\n<\/li>\n<li class=\"\" data-start=\"1505\" data-end=\"1534\">\n<p class=\"\" data-start=\"1507\" data-end=\"1534\">Forside\/Revers: Forside<\/p>\n<\/li>\n<li class=\"\" data-start=\"1535\" data-end=\"1559\">\n<p class=\"\" data-start=\"1537\" data-end=\"1559\">Produktbredde: 27 mm<\/p>\n<\/li>\n<li class=\"\" data-start=\"1560\" data-end=\"1583\">\n<p class=\"\" data-start=\"1562\" data-end=\"1583\">Produktdybde: 40 mm<\/p>\n<\/li>\n<li class=\"\" data-start=\"1584\" data-end=\"1608\">\n<p class=\"\" data-start=\"1586\" data-end=\"1608\">Produkth\u00f8yde: 140 mm<\/p>\n<\/li>\n<\/ul>\n<p class=\"\" data-start=\"1610\" data-end=\"1894\"><strong data-start=\"1610\" data-end=\"1632\">Bruksomr\u00e5der<\/strong><br data-start=\"1632\" data-end=\"1635\" \/>Elektrisk termineringsplate 14 H\u00f8yrevendt 8V egner seg til bruk i innvendig l\u00e5sing p\u00e5 kontorer, handelsplasser og industri der grunnleggende sikkerhet kreves. Den er ikke godkjent for bruk i branncelle-skilled\u00f8rer og b\u00f8r ikke installeres i slike applikasjoner.<\/p>","protected":false},"excerpt":{"rendered":"<h5><a href=\"https:\/\/elslutblecksguiden.se\/\" target=\"_blank\" rel=\"noopener\">Veiledning for ASSA Elektriske l\u00e5ser, motorl\u00e5ser, Elektriske sluttplater og erstatningsguide<\/a><\/h5>","protected":false},"featured_media":138768,"template":"","meta":{"_acf_changed":false},"product_brand":[],"product_cat":[3355],"product_tag":[4200,2967],"class_list":{"0":"post-91554","1":"product","2":"type-product","3":"status-publish","4":"has-post-thumbnail","6":"product_cat-elslutbleck","7":"product_tag-rattvand","8":"product_tag-rg-assa-abloy","9":"product_shipping_class-tunga-paket","10":"pa_brands-abloy","11":"tm-no-options","13":"first","14":"instock","15":"sale","16":"taxable","17":"shipping-taxable","18":"purchasable","19":"product-type-simple"},"acf":[],"_links":{"self":[{"href":"https:\/\/secureus.se\/no\/wp-json\/wp\/v2\/product\/91554","targetHints":{"allow":["GET"]}}],"collection":[{"href":"https:\/\/secureus.se\/no\/wp-json\/wp\/v2\/product"}],"about":[{"href":"https:\/\/secureus.se\/no\/wp-json\/wp\/v2\/types\/product"}],"wp:featuredmedia":[{"embeddable":true,"href":"https:\/\/secureus.se\/no\/wp-json\/wp\/v2\/media\/138768"}],"wp:attachment":[{"href":"https:\/\/secureus.se\/no\/wp-json\/wp\/v2\/media?parent=91554"}],"wp:term":[{"taxonomy":"product_brand","embeddable":true,"href":"https:\/\/secureus.se\/no\/wp-json\/wp\/v2\/product_brand?post=91554"},{"taxonomy":"product_cat","embeddable":true,"href":"https:\/\/secureus.se\/no\/wp-json\/wp\/v2\/product_cat?post=91554"},{"taxonomy":"product_tag","embeddable":true,"href":"https:\/\/secureus.se\/no\/wp-json\/wp\/v2\/product_tag?post=91554"}],"curies":[{"name":"wp","href":"https:\/\/api.w.org\/{rel}","templated":true}]}}