{"id":91555,"date":"2023-09-27T18:13:35","date_gmt":"2023-09-27T16:13:35","guid":{"rendered":"https:\/\/secureus.se\/elslutbleck-961c-omvand-12-24v-hi-okolvkontakt-5m-kabel\/"},"modified":"2026-03-25T15:43:26","modified_gmt":"2026-03-25T14:43:26","slug":"elslutbleck-961c-omvand-12-24v-hi-okolvkontakt-5m-kabel","status":"publish","type":"product","link":"https:\/\/secureus.se\/no\/elslutbleck-961c-omvand-12-24v-hi-okolvkontakt-5m-kabel\/","title":{"rendered":"Elektrisk klemmeplate 961C Revers 12-24V Hi-OK Stempelkontakt 5m Kabel"},"content":{"rendered":"<h1>Elektrisk klemmeplate 961C Revers 12-24V Hi-OK Stempelkontakt 5m Kabel<\/h1>\n<p>Elektrisk sluttstykke 961C Revers 12-24V Hi-O Stempelkontakt 5m Kabel fra ASSA ABLOY er et elektrisk sluttstykke med h\u00f8y bruddstyrke p\u00e5 1500 kg og reversfunksjon.<\/p>\n<p>Den er kompatibel med Hi-O Can bus-teknologi og tilbyr p\u00e5litelig sikkerhet for skallbeskyttelse og intern l\u00e5sing i detaljhandel, kontor og industrimilj\u00f8er.<\/p>\n<p class=\"\" data-start=\"451\" data-end=\"819\">ASSA ABLOY 961C Reverse 12-24V Hi-O Stempelkontakt er en elektrisk sluttstykke av h\u00f8y kvalitet designet for d\u00f8rer med h\u00f8ye krav til b\u00e5de slagtrykk og sikkerhet.<\/p>\n<p class=\"\" data-start=\"451\" data-end=\"819\">Med en imponerende bruddstyrke p\u00e5 1500 kg (15 kN) og en brannstyrke opp til E\/EI 120, er dette elektriske sluttstykket et perfekt valg for applikasjoner hvor b\u00e5de sikkerhet og brannmotstand er kritisk.<\/p>\n<p class=\"\" data-start=\"821\" data-end=\"1174\">Reversfunksjonen gj\u00f8r at d\u00f8ren l\u00e5ses ved str\u00f8mbrudd, noe som \u00f8ker sikkerheten i n\u00f8dssituasjoner.<\/p>\n<p class=\"\" data-start=\"821\" data-end=\"1174\">L\u00e5sen er kompatibel med Hi-O Can bus-teknologi, noe som gj\u00f8r den til et utmerket valg for integrerte sikkerhetssystemer.<\/p>\n<p class=\"\" data-start=\"821\" data-end=\"1174\">Den kan brukes i kombinasjon med forriglede enkelt- eller dobbeltbolte l\u00e5ser og passer til alle 900-seriens monteringsstolper.<\/p>\n<p class=\"\" data-start=\"1176\" data-end=\"1432\">961C elektriske sluttstykket er ogs\u00e5 utstyrt med en l\u00e5seboltkontakt og ankerkontakt for \u00f8kt funksjonalitet.<\/p>\n<p class=\"\" data-start=\"1176\" data-end=\"1432\">Den har et h\u00f8yt niv\u00e5 av st\u00f8t- og slagmotstand, noe som gj\u00f8r den ekstremt slitesterk selv under stress. 5 meter tilkoblingskabel inkludert for enkel installasjon.<\/p>\n<p class=\"\" data-start=\"1434\" data-end=\"1456\"><strong data-start=\"1434\" data-end=\"1454\">Spesifikasjoner:<\/strong><\/p>\n<ul data-start=\"1457\" data-end=\"1868\">\n<li class=\"\" data-start=\"1457\" data-end=\"1493\">\n<p class=\"\" data-start=\"1459\" data-end=\"1493\">Bruddstyrke: 1500 kg (15 kN)<\/p>\n<\/li>\n<li class=\"\" data-start=\"1494\" data-end=\"1526\">\n<p class=\"\" data-start=\"1496\" data-end=\"1526\">D\u00f8rhengsel: H\u00f8yre, venstre<\/p>\n<\/li>\n<li class=\"\" data-start=\"1527\" data-end=\"1548\">\n<p class=\"\" data-start=\"1529\" data-end=\"1548\">Strimmeltrykk: 300 kg<\/p>\n<\/li>\n<li class=\"\" data-start=\"1549\" data-end=\"1586\">\n<p class=\"\" data-start=\"1551\" data-end=\"1586\">L\u00e5stype: Enkel l\u00e5s, Dobbel l\u00e5s<\/p>\n<\/li>\n<li class=\"\" data-start=\"1587\" data-end=\"1612\">\n<p class=\"\" data-start=\"1589\" data-end=\"1612\">Driftsspenning: 12-24V<\/p>\n<\/li>\n<li class=\"\" data-start=\"1613\" data-end=\"1645\">\n<p class=\"\" data-start=\"1615\" data-end=\"1645\">Farge\/Overflatebehandling: Forsinket<\/p>\n<\/li>\n<li class=\"\" data-start=\"1646\" data-end=\"1665\">\n<p class=\"\" data-start=\"1648\" data-end=\"1665\">Stempelkontakt: Ja<\/p>\n<\/li>\n<li class=\"\" data-start=\"1666\" data-end=\"1691\">\n<p class=\"\" data-start=\"1668\" data-end=\"1691\">Spenning AC\/DC: AC\/DC<\/p>\n<\/li>\n<li class=\"\" data-start=\"1692\" data-end=\"1716\">\n<p class=\"\" data-start=\"1694\" data-end=\"1716\">Maks spenning: 27,6V<\/p>\n<\/li>\n<li class=\"\" data-start=\"1717\" data-end=\"1741\">\n<p class=\"\" data-start=\"1719\" data-end=\"1741\">Min spenning: 10,8 V<\/p>\n<\/li>\n<li class=\"\" data-start=\"1742\" data-end=\"1766\">\n<p class=\"\" data-start=\"1744\" data-end=\"1766\">Dobbel vri drop: Nei<\/p>\n<\/li>\n<li class=\"\" data-start=\"1767\" data-end=\"1794\">\n<p class=\"\" data-start=\"1769\" data-end=\"1794\">H\u00f8yre\/Revers: Revers<\/p>\n<\/li>\n<li class=\"\" data-start=\"1795\" data-end=\"1819\">\n<p class=\"\" data-start=\"1797\" data-end=\"1819\">Branntestet: 120 min<\/p>\n<\/li>\n<li class=\"\" data-start=\"1820\" data-end=\"1843\">\n<p class=\"\" data-start=\"1822\" data-end=\"1843\">Kabellengde: 5 meter<\/p>\n<\/li>\n<li class=\"\" data-start=\"1844\" data-end=\"1868\">\n<p class=\"\" data-start=\"1846\" data-end=\"1868\">Produkth\u00f8yde: 140 mm<\/p>\n<\/li>\n<\/ul>\n<p class=\"\" data-start=\"1870\" data-end=\"2153\"><strong data-start=\"1870\" data-end=\"1892\">Bruksomr\u00e5der<\/strong><br data-start=\"1892\" data-end=\"1895\" \/>Elektrisk sluttplate 961C er ideell for bruk i sikkerhetskritiske milj\u00f8er som skallbeskyttelse, innvendig l\u00e5sing og brannskilled\u00f8rer.<\/p>\n<p class=\"\" data-start=\"1870\" data-end=\"2153\">Perfekt for n\u00e6ringsbygg, kontorer, industri og flerfamiliebygg hvor b\u00e5de brannmotstand og sikkerhet er avgj\u00f8rende.<\/p>","protected":false},"excerpt":{"rendered":"<h5><a href=\"https:\/\/elslutblecksguiden.se\/\" target=\"_blank\" rel=\"noopener\">Veiledning for ASSA Elektriske l\u00e5ser, motorl\u00e5ser, Elektriske sluttplater og erstatningsguide<\/a><\/h5>","protected":false},"featured_media":138604,"template":"","meta":{"_acf_changed":false},"product_brand":[],"product_cat":[3355],"product_tag":[4196,4201,2967],"class_list":{"0":"post-91555","1":"product","2":"type-product","3":"status-publish","4":"has-post-thumbnail","6":"product_cat-elslutbleck","7":"product_tag-12-24v","8":"product_tag-omvand","9":"product_tag-rg-assa-abloy","10":"product_shipping_class-tunga-paket","11":"pa_brands-abloy","12":"tm-no-options","14":"first","15":"onbackorder","16":"sale","17":"taxable","18":"shipping-taxable","19":"purchasable","20":"product-type-simple"},"acf":[],"_links":{"self":[{"href":"https:\/\/secureus.se\/no\/wp-json\/wp\/v2\/product\/91555","targetHints":{"allow":["GET"]}}],"collection":[{"href":"https:\/\/secureus.se\/no\/wp-json\/wp\/v2\/product"}],"about":[{"href":"https:\/\/secureus.se\/no\/wp-json\/wp\/v2\/types\/product"}],"wp:featuredmedia":[{"embeddable":true,"href":"https:\/\/secureus.se\/no\/wp-json\/wp\/v2\/media\/138604"}],"wp:attachment":[{"href":"https:\/\/secureus.se\/no\/wp-json\/wp\/v2\/media?parent=91555"}],"wp:term":[{"taxonomy":"product_brand","embeddable":true,"href":"https:\/\/secureus.se\/no\/wp-json\/wp\/v2\/product_brand?post=91555"},{"taxonomy":"product_cat","embeddable":true,"href":"https:\/\/secureus.se\/no\/wp-json\/wp\/v2\/product_cat?post=91555"},{"taxonomy":"product_tag","embeddable":true,"href":"https:\/\/secureus.se\/no\/wp-json\/wp\/v2\/product_tag?post=91555"}],"curies":[{"name":"wp","href":"https:\/\/api.w.org\/{rel}","templated":true}]}}