{"id":91556,"date":"2023-09-27T18:13:33","date_gmt":"2023-09-27T16:13:33","guid":{"rendered":"https:\/\/secureus.se\/elslutbleck-961m-omvand-12-24v-kolvkontakt-5m-kabel\/"},"modified":"2026-04-08T16:03:41","modified_gmt":"2026-04-08T14:03:41","slug":"elslutbleck-961m-omvand-12-24v-kolvkontakt-5m-kabel","status":"publish","type":"product","link":"https:\/\/secureus.se\/no\/elslutbleck-961m-omvand-12-24v-kolvkontakt-5m-kabel\/","title":{"rendered":"Elektrisk termineringsplate 961M Revers 12-24V Stempelkontakt 5m Kabel"},"content":{"rendered":"<div>\n<h1>Elektrisk termineringsplate 961M Revers 12-24V Stempelkontakt 5m Kabel<\/h1>\n<p>Elektrisk sluttstykke 961M Revers 12-24V Stempelkontakt 5m Kabel fra ASSA ABLOY er et robust elektrisk sluttstykke med bruddstyrke p\u00e5 1500 kg og reversfunksjon, som gj\u00f8r at den l\u00e5ses opp ved str\u00f8mbrudd.<\/p>\n<p>Den er designet for bruk i skallbeskyttelse og innvendig l\u00e5sing i kommersielle, kontor- og industriomr\u00e5der, samt i flerfamiliebygg.<\/p>\n<p class=\"\" data-start=\"469\" data-end=\"872\">ASSA ABLOY 961M Revers 12-24V Stempelbryter 5m Kabel er designet for d\u00f8rer med h\u00f8ye krav til listtrykk og sikkerhet.<\/p>\n<p class=\"\" data-start=\"469\" data-end=\"872\">Med en imponerende bruddstyrke p\u00e5 1500 kg (15 kN) og brannklasse E\/EI 120 (opptil 120 minutter), gir dette elektriske sluttstykket b\u00e5de sikkerhet og p\u00e5litelighet i brannseksjonsd\u00f8rer og andre applikasjoner hvor b\u00e5de sikkerhet og brannmotstand er avgj\u00f8rende.<\/p>\n<p class=\"\" data-start=\"874\" data-end=\"1225\">Reversfunksjonen gj\u00f8r at det elektriske sluttstykket forblir ul\u00e5st i tilfelle str\u00f8mbrudd, noe som gj\u00f8r det til en ideell l\u00f8sning for r\u00f8mningsd\u00f8rer og andre kritiske bruksomr\u00e5der hvor rask \u00e5pning er viktig.<\/p>\n<p class=\"\" data-start=\"874\" data-end=\"1225\">L\u00e5sen er utstyrt med en l\u00e5seboltkontakt og ankerkontakt og gir h\u00f8y st\u00f8t- og slagmotstand, noe som gj\u00f8r den holdbar for t\u00f8ffe milj\u00f8er.<\/p>\n<p data-start=\"874\" data-end=\"1225\">Den elektriske sluttplaten er ogs\u00e5 kompatibel med l\u00e5ste enkeltl\u00e5s- og dobbeltl\u00e5sel\u00e5ser og passer til alle 900-seriens monteringsstolper. 5 meter tilkoblingskabel er inkludert for enkel installasjon.<\/p>\n<p class=\"\" data-start=\"1413\" data-end=\"1435\"><strong data-start=\"1413\" data-end=\"1433\">Spesifikasjoner:<\/strong><\/p>\n<ul data-start=\"1436\" data-end=\"1898\">\n<li class=\"\" data-start=\"1436\" data-end=\"1472\">\n<p class=\"\" data-start=\"1438\" data-end=\"1472\">Bruddstyrke: 1500 kg (15 kN)<\/p>\n<\/li>\n<li class=\"\" data-start=\"1473\" data-end=\"1505\">\n<p class=\"\" data-start=\"1475\" data-end=\"1505\">D\u00f8rhengsel: H\u00f8yre, venstre<\/p>\n<\/li>\n<li class=\"\" data-start=\"1506\" data-end=\"1527\">\n<p class=\"\" data-start=\"1508\" data-end=\"1527\">Strimmeltrykk: 300 kg<\/p>\n<\/li>\n<li class=\"\" data-start=\"1528\" data-end=\"1565\">\n<p class=\"\" data-start=\"1530\" data-end=\"1565\">L\u00e5stype: Enkel l\u00e5s, Dobbel l\u00e5s<\/p>\n<\/li>\n<li class=\"\" data-start=\"1566\" data-end=\"1591\">\n<p class=\"\" data-start=\"1568\" data-end=\"1591\">Driftsspenning: 12-24V<\/p>\n<\/li>\n<li class=\"\" data-start=\"1592\" data-end=\"1624\">\n<p class=\"\" data-start=\"1594\" data-end=\"1624\">Farge\/Overflatebehandling: Forsinket<\/p>\n<\/li>\n<li class=\"\" data-start=\"1625\" data-end=\"1644\">\n<p class=\"\" data-start=\"1627\" data-end=\"1644\">Stempelkontakt: Ja<\/p>\n<\/li>\n<li class=\"\" data-start=\"1645\" data-end=\"1670\">\n<p class=\"\" data-start=\"1647\" data-end=\"1670\">Spenning AC\/DC: AC\/DC<\/p>\n<\/li>\n<li class=\"\" data-start=\"1671\" data-end=\"1695\">\n<p class=\"\" data-start=\"1673\" data-end=\"1695\">Maks spenning: 27,6V<\/p>\n<\/li>\n<li class=\"\" data-start=\"1696\" data-end=\"1720\">\n<p class=\"\" data-start=\"1698\" data-end=\"1720\">Min spenning: 10,8 V<\/p>\n<\/li>\n<li class=\"\" data-start=\"1721\" data-end=\"1745\">\n<p class=\"\" data-start=\"1723\" data-end=\"1745\">Dobbel vri drop: Nei<\/p>\n<\/li>\n<li class=\"\" data-start=\"1746\" data-end=\"1773\">\n<p class=\"\" data-start=\"1748\" data-end=\"1773\">H\u00f8yre\/Revers: Revers<\/p>\n<\/li>\n<li class=\"\" data-start=\"1774\" data-end=\"1798\">\n<p class=\"\" data-start=\"1776\" data-end=\"1798\">Branntestet: 120 min<\/p>\n<\/li>\n<li class=\"\" data-start=\"1799\" data-end=\"1822\">\n<p class=\"\" data-start=\"1801\" data-end=\"1822\">Kabellengde: 5 meter<\/p>\n<\/li>\n<li class=\"\" data-start=\"1823\" data-end=\"1847\">\n<p class=\"\" data-start=\"1825\" data-end=\"1847\">Produkth\u00f8yde: 140 mm<\/p>\n<\/li>\n<li class=\"\" data-start=\"1848\" data-end=\"1874\">\n<p class=\"\" data-start=\"1850\" data-end=\"1874\">Produktbredde: 26,5 mm<\/p>\n<\/li>\n<li class=\"\" data-start=\"1875\" data-end=\"1898\">\n<p class=\"\" data-start=\"1877\" data-end=\"1898\">Produktdybde: 35 mm<\/p>\n<\/li>\n<\/ul>\n<p class=\"\" data-start=\"1900\" data-end=\"2240\"><strong data-start=\"1900\" data-end=\"1922\">Bruksomr\u00e5der<\/strong><br data-start=\"1922\" data-end=\"1925\" \/>961M elektrisk sluttstykke er ideell for d\u00f8rer som krever b\u00e5de h\u00f8y sikkerhet og brannmotstand, inkludert skallbeskyttelse, innvendig l\u00e5sing og brannromsd\u00f8rer i n\u00e6ringsbygg, kontorer og flerfamiliebygg.<\/p>\n<p class=\"\" data-start=\"1900\" data-end=\"2240\">Den er ogs\u00e5 egnet for bruksomr\u00e5der som krever h\u00f8y holdbarhet og evne til \u00e5 \u00e5pne selv ved h\u00f8yt stripetrykk.<\/p>\n<\/div>","protected":false},"excerpt":{"rendered":"<h5><a href=\"https:\/\/elslutblecksguiden.se\/\" target=\"_blank\" rel=\"noopener\">Veiledning for ASSA Elektriske l\u00e5ser, motorl\u00e5ser, Elektriske sluttplater og erstatningsguide<\/a><\/h5>","protected":false},"featured_media":145950,"template":"","meta":{"_acf_changed":false},"product_brand":[],"product_cat":[3355],"product_tag":[4196,4201,2967],"class_list":{"0":"post-91556","1":"product","2":"type-product","3":"status-publish","4":"has-post-thumbnail","6":"product_cat-elslutbleck","7":"product_tag-12-24v","8":"product_tag-omvand","9":"product_tag-rg-assa-abloy","10":"product_shipping_class-tunga-paket","11":"pa_brands-abloy","12":"tm-no-options","14":"first","15":"outofstock","16":"sale","17":"taxable","18":"shipping-taxable","19":"purchasable","20":"product-type-simple"},"acf":[],"_links":{"self":[{"href":"https:\/\/secureus.se\/no\/wp-json\/wp\/v2\/product\/91556","targetHints":{"allow":["GET"]}}],"collection":[{"href":"https:\/\/secureus.se\/no\/wp-json\/wp\/v2\/product"}],"about":[{"href":"https:\/\/secureus.se\/no\/wp-json\/wp\/v2\/types\/product"}],"wp:featuredmedia":[{"embeddable":true,"href":"https:\/\/secureus.se\/no\/wp-json\/wp\/v2\/media\/145950"}],"wp:attachment":[{"href":"https:\/\/secureus.se\/no\/wp-json\/wp\/v2\/media?parent=91556"}],"wp:term":[{"taxonomy":"product_brand","embeddable":true,"href":"https:\/\/secureus.se\/no\/wp-json\/wp\/v2\/product_brand?post=91556"},{"taxonomy":"product_cat","embeddable":true,"href":"https:\/\/secureus.se\/no\/wp-json\/wp\/v2\/product_cat?post=91556"},{"taxonomy":"product_tag","embeddable":true,"href":"https:\/\/secureus.se\/no\/wp-json\/wp\/v2\/product_tag?post=91556"}],"curies":[{"name":"wp","href":"https:\/\/api.w.org\/{rel}","templated":true}]}}