{"id":91557,"date":"2023-09-27T18:13:32","date_gmt":"2023-09-27T16:13:32","guid":{"rendered":"https:\/\/secureus.se\/elslutbleck-911c-omvand-hi-o-12-24v\/"},"modified":"2026-04-08T15:57:08","modified_gmt":"2026-04-08T13:57:08","slug":"elslutbleck-911c-omvand-hi-o-12-24v","status":"publish","type":"product","link":"https:\/\/secureus.se\/no\/elslutbleck-911c-omvand-hi-o-12-24v\/","title":{"rendered":"Elektrisk endeplate 911C Reverse Hi-O 12-24V"},"content":{"rendered":"<h1>Elektrisk endeplate 911C Reverse Hi-O 12-24V<\/h1>\n<p>ASSA Electric Strike 911C i 900-serien er designet for d\u00f8rer med standard sikkerhetskrav og fungerer godt som dagl\u00e5s i skallbeskyttelse, kontorer, industri eller flerhus.<\/p>\n<p>Kompatibel med Hi-O Can bus-teknologi, den tilbyr h\u00f8y sikkerhet, p\u00e5litelig drift og en omvendt l\u00e5sefunksjon i spenningsl\u00f8s modus.<\/p>\n<p class=\"\" data-start=\"394\" data-end=\"787\">ASSA Electric Strike 911C er en p\u00e5litelig l\u00f8sning for sikkerhetsbehov i ulike milj\u00f8er som kontorer, industri, leilighetsbygg og offentlige omr\u00e5der.<\/p>\n<p class=\"\" data-start=\"394\" data-end=\"787\">Den er spesielt god som dagl\u00e5s for b\u00e5de skallbeskyttelse og innvendig l\u00e5sing. Det elektriske sluttstykket er designet for \u00e5 fungere i kombinasjon med enkelt- eller dobbeltl\u00e5ser og er ogs\u00e5 fullt kompatibelt med Hi-O Can-bussteknologi.<\/p>\n<p class=\"\" data-start=\"789\" data-end=\"1246\">En av hovedtrekkene til 911C er dens reversfunksjon, som betyr at den er ul\u00e5st i str\u00f8ml\u00f8s tilstand.<\/p>\n<p class=\"\" data-start=\"789\" data-end=\"1246\">Den h\u00f8ye bruddstyrken p\u00e5 8 kN (800 kg) og den forbedrede stripetrykkfunksjonen s\u00f8rger for at den fungerer selv under krevende forhold.<\/p>\n<p class=\"\" data-start=\"789\" data-end=\"1246\">L\u00e5sehuset er laget av sinklegering og har vril\u00e5s i bronse for ekstra holdbarhet og sikkerhet.<\/p>\n<p class=\"\" data-start=\"789\" data-end=\"1246\">Den elektriske slagplaten har ogs\u00e5 utmerket st\u00f8t- og slagmotstand for \u00e5 forhindre tukling.<\/p>\n<p class=\"\" data-start=\"1248\" data-end=\"1276\"><strong data-start=\"1248\" data-end=\"1276\">Funksjoner og fordeler:<\/strong><\/p>\n<ul data-start=\"1277\" data-end=\"1476\">\n<li class=\"\" data-start=\"1277\" data-end=\"1321\">\n<p class=\"\" data-start=\"1279\" data-end=\"1321\">Reverseringsfunksjon (l\u00e5ses opp n\u00e5r str\u00f8ml\u00f8s)<\/p>\n<\/li>\n<li class=\"\" data-start=\"1322\" data-end=\"1350\">\n<p class=\"\" data-start=\"1324\" data-end=\"1350\">H\u00f8y bruddstyrke (8 kN)<\/p>\n<\/li>\n<li class=\"\" data-start=\"1351\" data-end=\"1388\">\n<p class=\"\" data-start=\"1353\" data-end=\"1388\">Kompatibel med Hi-O Can bus-teknologi<\/p>\n<\/li>\n<li class=\"\" data-start=\"1389\" data-end=\"1429\">\n<p class=\"\" data-start=\"1391\" data-end=\"1429\">Forsinket l\u00e5sehus og vril\u00e5s i bronse<\/p>\n<\/li>\n<li class=\"\" data-start=\"1430\" data-end=\"1476\">\n<p class=\"\" data-start=\"1432\" data-end=\"1476\">Forbedret listeutskriftsfunksjon for holdbarhet<\/p>\n<\/li>\n<\/ul>\n<p class=\"\" data-start=\"1478\" data-end=\"1504\"><strong data-start=\"1478\" data-end=\"1504\">Teknisk spesifikasjon:<\/strong><\/p>\n<ul data-start=\"1505\" data-end=\"1825\">\n<li class=\"\" data-start=\"1505\" data-end=\"1529\">\n<p class=\"\" data-start=\"1507\" data-end=\"1529\">Innebygd transientbeskyttelse<\/p>\n<\/li>\n<li class=\"\" data-start=\"1530\" data-end=\"1567\">\n<p class=\"\" data-start=\"1532\" data-end=\"1567\">Spenningsforsyning 12-24VAC\/VDC \u00b110 %<\/p>\n<\/li>\n<li class=\"\" data-start=\"1568\" data-end=\"1613\">\n<p class=\"\" data-start=\"1570\" data-end=\"1613\">Startstr\u00f8m ved 24V: 250mA, driftsstr\u00f8m: 80mA<\/p>\n<\/li>\n<li class=\"\" data-start=\"1614\" data-end=\"1660\">\n<p class=\"\" data-start=\"1616\" data-end=\"1660\">Startstr\u00f8m ved 12V: 500mA, driftsstr\u00f8m: 160mA<\/p>\n<\/li>\n<li class=\"\" data-start=\"1661\" data-end=\"1690\">\n<p class=\"\" data-start=\"1663\" data-end=\"1690\">D\u00f8rhengsel: H\u00f8yre\/Venstre<\/p>\n<\/li>\n<li class=\"\" data-start=\"1691\" data-end=\"1726\">\n<p class=\"\" data-start=\"1693\" data-end=\"1726\">L\u00e5stype: Enkel l\u00e5s, Dobbel l\u00e5s<\/p>\n<\/li>\n<li class=\"\" data-start=\"1727\" data-end=\"1771\">\n<p class=\"\" data-start=\"1729\" data-end=\"1771\">Spenning maks: 27,6 V, Spenning min: 10,8 V<\/p>\n<\/li>\n<li class=\"\" data-start=\"1772\" data-end=\"1802\">\n<p class=\"\" data-start=\"1774\" data-end=\"1802\">Farge\/Overflatebehandling: Forsinket<\/p>\n<\/li>\n<li class=\"\" data-start=\"1803\" data-end=\"1825\">\n<p class=\"\" data-start=\"1805\" data-end=\"1825\">Produkth\u00f8yde: 140 mm<\/p>\n<\/li>\n<\/ul>","protected":false},"excerpt":{"rendered":"<h5><a href=\"https:\/\/elslutblecksguiden.se\/\" target=\"_blank\" rel=\"noopener\">Veiledning for ASSA Elektriske l\u00e5ser, motorl\u00e5ser, Elektriske sluttplater og erstatningsguide<\/a><\/h5>","protected":false},"featured_media":159499,"template":"","meta":{"_acf_changed":false},"product_brand":[],"product_cat":[3355],"product_tag":[4196,4201,2967],"class_list":{"0":"post-91557","1":"product","2":"type-product","3":"status-publish","4":"has-post-thumbnail","6":"product_cat-elslutbleck","7":"product_tag-12-24v","8":"product_tag-omvand","9":"product_tag-rg-assa-abloy","10":"product_shipping_class-tunga-paket","11":"pa_brands-abloy","12":"tm-no-options","14":"first","15":"onbackorder","16":"sale","17":"taxable","18":"shipping-taxable","19":"purchasable","20":"product-type-simple"},"acf":[],"_links":{"self":[{"href":"https:\/\/secureus.se\/no\/wp-json\/wp\/v2\/product\/91557","targetHints":{"allow":["GET"]}}],"collection":[{"href":"https:\/\/secureus.se\/no\/wp-json\/wp\/v2\/product"}],"about":[{"href":"https:\/\/secureus.se\/no\/wp-json\/wp\/v2\/types\/product"}],"wp:featuredmedia":[{"embeddable":true,"href":"https:\/\/secureus.se\/no\/wp-json\/wp\/v2\/media\/159499"}],"wp:attachment":[{"href":"https:\/\/secureus.se\/no\/wp-json\/wp\/v2\/media?parent=91557"}],"wp:term":[{"taxonomy":"product_brand","embeddable":true,"href":"https:\/\/secureus.se\/no\/wp-json\/wp\/v2\/product_brand?post=91557"},{"taxonomy":"product_cat","embeddable":true,"href":"https:\/\/secureus.se\/no\/wp-json\/wp\/v2\/product_cat?post=91557"},{"taxonomy":"product_tag","embeddable":true,"href":"https:\/\/secureus.se\/no\/wp-json\/wp\/v2\/product_tag?post=91557"}],"curies":[{"name":"wp","href":"https:\/\/api.w.org\/{rel}","templated":true}]}}